{"id":3,"date":"2026-01-02T20:40:18","date_gmt":"2026-01-02T19:40:18","guid":{"rendered":"https:\/\/www.hoteldiplomat.cz\/?page_id=3"},"modified":"2026-01-21T17:40:24","modified_gmt":"2026-01-21T16:40:24","slug":"schutz-der-personenbezogenen-daten","status":"publish","type":"page","link":"https:\/\/www.hoteldiplomat.cz\/de\/ochrana-osobnich-udaju\/","title":{"rendered":"Datenschutzbestimmungen"},"content":{"rendered":"<p>gem\u00e4\u00df der Verordnung (EU) Nr. 2016\/679 des Europ\u00e4ischen Parlaments und des Rates vom 27. April 2016 zum Schutz nat\u00fcrlicher Personen bei der Verarbeitung personenbezogener Daten und zum freien Datenverkehr und zur Aufhebung der Richtlinie 95\/46\/EG<\/p>\n\n\n\n<p>(im Folgenden auch als \u201e<strong>GDPR<\/strong>\u201c)<\/p>\n\n\n\n<p>Sehr geehrte G\u00e4ste, auf dieser Seite finden Sie die wichtigsten Informationen \u00fcber Ihre pers\u00f6nlichen Daten, die von unserem Unternehmen gem\u00e4\u00df der GDPR verarbeitet werden.&nbsp;<strong>Diplomat Hotel Operations s.r.o., ID-Nr.: 230 75 562, mit Sitz in Evropsk\u00e1 2690\/17, Dejvice, 160 00 Prag 6, eingetragen im Handelsregister beim Stadtgericht in Prag, Aktenzeichen C 420996 <\/strong>(nachstehend als \u201e<strong>Verwalter<\/strong>\u201c oder \u201e<strong>Unternehmen<\/strong>\u201c).<\/p>\n\n\n\n<p>Der Zweck dieses Hinweises besteht darin, Sie \u00fcber die Verarbeitung personenbezogener Daten zu informieren, die im Zusammenhang mit Ihrem Besuch auf der Website erfolgt, sowie \u00fcber einige andere F\u00e4lle der Verarbeitung personenbezogener Daten, in denen die Aktivit\u00e4ten des Unternehmens die Verarbeitung personenbezogener Daten anderer Personen (z. B. Hotelg\u00e4ste, Journalisten usw.; im Folgenden als \u201ebetroffene Person\u201c bezeichnet) beinhalten.<br>&nbsp;<\/p>\n\n\n\n<h3 class=\"wp-block-heading\">I. Verarbeitung von personenbezogenen Daten aus Kontaktformularen<\/h3>\n\n\n\n<p>Durch das Absenden einer Anfrage \u00fcber das Anfrageformular werden auch personenbezogene Daten erhoben, die sich in einer verschl\u00fcsselten Schnittstelle befinden und folgende Daten umfassen:<\/p>\n\n\n\n<ul class=\"wp-block-list\">\n<li>das Datum und die Uhrzeit der Absendung des Anfrageformulars;<\/li>\n\n\n\n<li>Daten aus dem \u00fcbermittelten Anfrageformular;<\/li>\n\n\n\n<li>jede Frage des Besuchers.<\/li>\n<\/ul>\n\n\n\n<p>Die Verarbeitung dieser Protokolldateien wird von der Gesellschaft selbst vorgenommen.<\/p>\n\n\n\n<p>Personenbezogene Daten \u00fcber Besucher der Website des f\u00fcr die Verarbeitung Verantwortlichen, die im Zusammenhang mit der Verwaltung der Website des f\u00fcr die Verarbeitung Verantwortlichen oder der Verwaltung des Buchungssystems des f\u00fcr die Verarbeitung Verantwortlichen und\/oder der Durchf\u00fchrung von Internetmarketing verarbeitet werden, werden nur verarbeitet, wenn die betroffene Person in die betreffende Verarbeitung im Sinne von Artikel 6 Absatz 1 Buchstabe a DSGVO eingewilligt hat, und nur f\u00fcr den Zeitraum, f\u00fcr den die betreffende Einwilligung g\u00fcltig ist. Liegt keine Einwilligung der betroffenen Person im Sinne von Artikel 6 Absatz 1 Buchstabe a der DSGVO vor, werden die personenbezogenen Daten der betroffenen Person auf deren Antrag im Sinne von Artikel 6 Absatz 1 Buchstabe b der DSGVO verarbeitet.<br>&nbsp;<\/p>\n\n\n\n<h3 class=\"wp-block-heading\">II. Verarbeitung von personenbezogenen Daten f\u00fcr den Versand des Newsletters<\/h3>\n\n\n\n<p>Im Falle des Interesses eines Website-Benutzers am Erhalt von Newslettern und anderen Werbemitteilungen verarbeitet das Unternehmen auf der Grundlage einer Einwilligung die von diesem Benutzer f\u00fcr diese Zwecke bereitgestellten personenbezogenen Daten, mindestens jedoch die E-Mail-Adresse, den Vornamen und den Nachnamen. Der Inhalt des Newsletters und anderer Werbemitteilungen kann auf der Grundlage der angegebenen Daten und anderer Daten zur Personalisierung des Inhalts, die das Unternehmen aus dem Verhalten des Nutzers auf der Website oder im Newsletter erh\u00e4lt, personalisiert werden.<\/p>\n\n\n\n<p>Das Unternehmen beginnt mit der Verarbeitung der personenbezogenen Daten des Nutzers erst dann, wenn der Nutzer das entsprechende Formular f\u00fcr die Bestellung des Newsletters und anderer Werbebotschaften mit seinen Daten ausgef\u00fcllt und anschlie\u00dfend die Bestellung aufgegeben hat und seine Einwilligung in die Verarbeitung der personenbezogenen Daten durch die in der erhaltenen E-Mail-Nachricht angegebene Antwort best\u00e4tigt hat. Wird die Bestellung nicht best\u00e4tigt, werden die ausgef\u00fcllten Daten nirgendwo gespeichert.<\/p>\n\n\n\n<p>Die zur Verf\u00fcgung gestellten personenbezogenen Daten werden so lange verarbeitet, bis die erteilte Zustimmung zur\u00fcckgezogen wird. Die tats\u00e4chliche Verarbeitung der zur Verf\u00fcgung gestellten personenbezogenen Daten wird von der Gesellschaft selbst oder durch einen spezialisierten Verarbeiter durchgef\u00fchrt.<\/p>\n\n\n\n<p>Die Zustimmung zu dieser Verarbeitung personenbezogener Daten ist v\u00f6llig freiwillig und kann vom Nutzer jederzeit widerrufen werden, indem er eine schriftliche Mitteilung \u00fcber den Widerruf der Zustimmung an den Sitz des Unternehmens (siehe unten) schickt.<\/p>\n\n\n\n<p>Der Nutzer kann die erteilte Einwilligung auch widerrufen, indem er auf den Link \u201eSie k\u00f6nnen sich abmelden\u201c in dem versandten Newsletter oder der Werbebotschaft klickt.<br>&nbsp;<\/p>\n\n\n\n<h3 class=\"wp-block-heading\">III. Verarbeitung von personenbezogenen Daten im Zusammenhang mit der Fotodokumentation von Veranstaltungen<\/h3>\n\n\n\n<p>Bei von uns organisierten Veranstaltungen machen wir in angemessenem Umfang Fotodokumentationen (Situationsaufnahmen von Veranstaltungen) zum Zwecke der sp\u00e4teren Ver\u00f6ffentlichung ausgew\u00e4hlter Fotos auf unserer Website zu Werbezwecken des Diplomat Hotels. Dabei bilden wir nicht in erster Linie die Besucher einer bestimmten Veranstaltung ab, sondern die Gesamtatmosph\u00e4re der Veranstaltung, die Bilder werden nicht in detaillierter Aufl\u00f6sung ver\u00f6ffentlicht, und wir f\u00fcgen auch keine Beschreibungen bestimmter Personen bei, die an der Veranstaltung teilnehmen. Nach dem Gutachten des Amtes f\u00fcr den Schutz personenbezogener Daten geht es in solchen F\u00e4llen nicht in erster Linie um den Schutz personenbezogener Daten, sondern um den Schutz der Privatsph\u00e4re nach dem B\u00fcrgerlichen Gesetzbuch; daher ist eine Einwilligung in die Verarbeitung personenbezogener Daten f\u00fcr \u201eillustrative\u201c Bilder nicht erforderlich.<\/p>\n\n\n\n<p>Die Besucher werden vor der Fotodokumentation in Form eines Kamerapiktogramms gewarnt, unsere Fotografen sind gut sichtbar gekennzeichnet und die Fotodokumentation erfolgt nur im Hauptveranstaltungsbereich, so dass die Besucher immer die M\u00f6glichkeit haben, sich in Bereichen aufzuhalten, in denen nicht fotografiert wird. Sollten Sie Zweifel oder Fragen zur Fotodokumentation haben, k\u00f6nnen Sie uns unter den unten genannten Kontakten kontaktieren.<br>&nbsp;<\/p>\n\n\n\n<h3 class=\"wp-block-heading\">IV. Verarbeitung von Daten auf der Grundlage einer Reservierung oder eines Aufenthalts<\/h3>\n\n\n\n<p>Auf der Grundlage Ihrer Reservierung (oder Ihres Aufenthalts ohne Reservierung) verarbeiten wir personenbezogene Daten unserer Kunden in folgendem Umfang:<\/p>\n\n\n\n<ul class=\"wp-block-list\">\n<li>Identifikations- und Kontaktdaten (Vor- und Nachname, Anschrift des st\u00e4ndigen Wohnsitzes, Nummer des Personalausweises oder eines \u00e4hnlichen Dokuments und gegebenenfalls E-Mail-Adresse und Telefonnummer);<\/li>\n\n\n\n<li>bei nat\u00fcrlichen Personen, die ein Unternehmen betreiben, auch den Namen der nat\u00fcrlichen Person, die ein Unternehmen betreibt, den Firmensitz, die Registrierungsnummer, die MwSt.-Nummer und den MwSt.-Zahler;<\/li>\n\n\n\n<li>bei Gesch\u00e4ftsreisen von Nicht-Gesch\u00e4ftsleuten auch die Angaben zu der Organisation, die den Aufenthalt gebucht oder bezahlt hat);<\/li>\n\n\n\n<li>Informationen \u00fcber den Zweck des Aufenthalts oder Informationen dar\u00fcber, dass es sich bei dem Kunden um eine Person handelt, die nicht der Kur- oder Erholungsaufenthaltsgeb\u00fchr unterliegt;<\/li>\n\n\n\n<li>Informationen \u00fcber Ihre Mitgliedschaft im Kundenbindungsprogramm;<\/li>\n\n\n\n<li>Informationen \u00fcber Ihren Aufenthalt und die von Ihnen in Anspruch genommenen Dienstleistungen sowie den Betrag und die Zahlungsweise f\u00fcr die erbrachten Dienstleistungen (bei bargeldloser Zahlung die Kontonummer oder die Kreditkartendaten);<\/li>\n\n\n\n<li>bei ausl\u00e4ndischen Staatsangeh\u00f6rigen zus\u00e4tzlich zu den oben genannten Daten: Geburtsdatum, Staatsangeh\u00f6rigkeit, Nummer des Reisedokuments, Visumnummer, Anschrift des st\u00e4ndigen Aufenthalts im Ausland;<\/li>\n\n\n\n<li>im Falle von G\u00e4sten, die unseren Hotelparkplatz nutzen, auch das Kennzeichen des Fahrzeugs.<\/li>\n<\/ul>\n\n\n\n<p><strong>A) Verarbeitung zum Zweck der Erf\u00fcllung rechtlicher Verpflichtungen<\/strong><\/p>\n\n\n\n<p>Die Bereitstellung und Verarbeitung s\u00e4mtlicher oben genannter personenbezogener Daten, mit Ausnahme Ihrer E-Mail-Adresse und Telefonnummer sowie der Informationen \u00fcber Ihre Mitgliedschaft im Treueprogramm, ist f\u00fcr die Erf\u00fcllung der gesetzlichen Verpflichtungen des Unternehmens erforderlich, insbesondere derjenigen, die sich aus dem Kommunalsteuergesetz und dem Gesetz \u00fcber den Aufenthalt von Ausl\u00e4ndern in der Tschechischen Republik sowie aus buchhalterischen und steuerlichen Vorschriften ergeben.<\/p>\n\n\n\n<p><strong>B) F\u00fcr die Erf\u00fcllung des Vertragsverh\u00e4ltnisses erforderliche Verarbeitung<\/strong><\/p>\n\n\n\n<p>Die Verarbeitung Ihrer Identifikationsdaten und der Daten \u00fcber Ihren Aufenthalt und die erbrachten Leistungen sowie die H\u00f6he und Art der Zahlung ist f\u00fcr die Erf\u00fcllung des Vertragsverh\u00e4ltnisses im Zusammenhang mit Ihrem Aufenthalt erforderlich, d.h. f\u00fcr die Abwicklung von Bestellungen und Reservierungen, den Abschluss und die Erf\u00fcllung von Vertr\u00e4gen \u00fcber die vom Unternehmen angebotenen und erbrachten Unterkunfts-, Verpflegungs- und damit verbundenen Dienstleistungen.<\/p>\n\n\n\n<p><strong>C) Verarbeitung f\u00fcr die Zwecke des berechtigten Interesses erforderlich<\/strong><\/p>\n\n\n\n<p>Wir verarbeiten Ihre personenbezogenen Daten im Umfang Ihres Vornamens, Nachnamens, Ihrer E-Mail-Adresse und Informationen \u00fcber Ihren Wohnsitz auf der Grundlage des berechtigten Interesses des Unternehmens zum Zwecke des Direktmarketings, der Zweck der Verarbeitung ist ausschlie\u00dflich die M\u00f6glichkeit, Ihnen Marketing- und Gesch\u00e4ftsmitteilungen zuzusenden, d.h. Informationen \u00fcber interessante Neuigkeiten, Rabatte, etc.<\/p>\n\n\n\n<p>In gleichem Ma\u00dfe verarbeiten wir personenbezogene Daten f\u00fcr den Versand von Zufriedenheitsfrageb\u00f6gen nach Ihrem Aufenthalt, um Ihre Zufriedenheit mit den Leistungen des Unternehmens zu \u00fcberpr\u00fcfen und die Qualit\u00e4t der Leistungen des Unternehmens f\u00fcr Sie kontinuierlich zu verbessern.<\/p>\n\n\n\n<p>Es gibt keine F\u00e4lle, in denen unsere G\u00e4ste die vom Hotel erbrachten Leistungen in Frage stellen. Im Falle eines Rechtsstreits \u00fcber die vom Unternehmen erbrachten Leistungen ist das Unternehmen verpflichtet, Daten \u00fcber die erbrachten Leistungen zu verarbeiten, soweit dies f\u00fcr die Durchf\u00fchrung eines solchen Rechtsstreits erforderlich ist, und zwar ausschlie\u00dflich zu dem Zweck, die Rechte des Unternehmens in einem solchen Streitfall zu sch\u00fctzen. Ebenso ist das Unternehmen verpflichtet, die erforderlichen Daten im Falle der Nichtbezahlung von Dienstleistungen oder im Falle eines dem Unternehmen entstandenen Schadens zu verarbeiten.<\/p>\n\n\n\n<p><strong>D) Automatisierte Verarbeitung Ihrer Daten<\/strong><\/p>\n\n\n\n<p>In keinem Fall f\u00fchren wir eine automatisierte Entscheidungsfindung oder eine andere automatisierte Verarbeitung Ihrer personenbezogenen Daten durch, die rechtliche Auswirkungen f\u00fcr Sie h\u00e4tte oder Sie in \u00e4hnlicher Weise erheblich beeintr\u00e4chtigen w\u00fcrde.<br>&nbsp;<\/p>\n\n\n\n<h3 class=\"wp-block-heading\">V. Verarbeitung personenbezogener Daten im Zusammenhang mit der Bearbeitung von Anfragen, Fragen zu Unterkunftsleistungen auf der Website<\/h3>\n\n\n\n<p>Im Falle einer Anfrage nach Dienstleistungen auf der Website des Diplomat Hotels \u00fcber das Anfrageformular oder durch Senden einer Anfrage an die entsprechende auf der Website aufgef\u00fchrte E-Mail-Adresse verarbeitet das Unternehmen die personenbezogenen Daten des potenziellen Kunden im Rahmen von Name, Vorname, E-Mail-Adresse, Telefonkontakt oder Unternehmen nur auf der Grundlage Ihrer Einwilligung. Sie k\u00f6nnen Ihre Einwilligung jederzeit durch eine ausdr\u00fcckliche Mitteilung an info@hoteldiplomat.cz widerrufen.<\/p>\n\n\n\n<p>Nach der Bearbeitung der entsprechenden Anfrage kann das Unternehmen die oben genannten Daten auf der Grundlage Ihrer Einwilligung f\u00fcr seine Marketingzwecke im Zusammenhang mit seinem Angebot an Unterkunftsdienstleistungen verwenden. In diesem Fall hat die betroffene Person das Recht, die Einwilligung jederzeit durch eine ausdr\u00fcckliche Mitteilung an info@hoteldiplomat.cz zu widerrufen.<\/p>\n\n\n\n<p>Die Verarbeitung der zur Verf\u00fcgung gestellten personenbezogenen Daten erfolgt durch das Unternehmen selbst oder durch einen Auftragsverarbeiter, den sogenannten Prozessor.<br>&nbsp;<\/p>\n\n\n\n<h3 class=\"wp-block-heading\">VI. Verarbeitung personenbezogener Daten im Zusammenhang mit der Beherbergungsleistung<\/h3>\n\n\n\n<p>Pers\u00f6nliche Daten der Kunden (Vorname, Nachname, Geburtsdatum, Personalausweis- oder Reisepassnummer, Wohnort, Unterschrift), die im Hotel \u00fcbernachten werden <strong>Diplomat<\/strong>, 565\/1990 Slg. \u00fcber \u00f6rtliche Geb\u00fchren (\u00a73g), in der ge\u00e4nderten Fassung, und Gesetz Nr. 326\/1999 Slg. \u00fcber den Aufenthalt von Ausl\u00e4ndern (\u00a7101), in der ge\u00e4nderten Fassung. Daher handelt es sich um eine Verarbeitung, die zur Erf\u00fcllung einer rechtlichen Verpflichtung gem\u00e4\u00df Artikel 6 Absatz 1 Buchstabe c) DSGVO erforderlich ist, und eine solche Verarbeitung bedarf nicht der Einwilligung der untergebrachten Person (betroffene Person).<\/p>\n\n\n\n<p>Das Unternehmen speichert den Namen, den Vornamen und die E-Mail-Adresse seiner Kunden auf der Grundlage einer Einwilligung, auch zum Zweck der \u00dcberpr\u00fcfung der Kundenzufriedenheit oder eines kommerziellen Angebots derselben Art oder Dienstleistung, die Gegenstand der Bestellung war. In diesem Fall hat der Betroffene das Recht, die erteilte Einwilligung jederzeit durch eine ausdr\u00fcckliche Mitteilung an info@hoteldiplomat.cz zu widerrufen.<\/p>\n\n\n\n<p>Die R\u00fcckmeldungen werden von der Gesellschaft gesammelt und die E-Mail-Adressen der Kunden werden verarbeitet, indem ein Fragebogen \u00fcber die Zufriedenheit mit dem Aufenthalt im Hotel Diplomat, d.h. eine kommerzielle Mitteilung, an diese E-Mail-Adressen gesendet wird, wie oben beschrieben. Der Fragebogen wird den Kunden nur einmal im Zusammenhang mit dem jeweiligen Kauf der Dienstleistung zugesandt. Das Unternehmen f\u00fchrt das Feedback und damit die Verarbeitung der E-Mail-Adressen der Kunden selbst oder durch einen vertraglich verpflichteten Dritten (Auftragsverarbeiter) durch.<br>&nbsp;<\/p>\n\n\n\n<h3 class=\"wp-block-heading\">VII. Google Analytics und Google Adwords<\/h3>\n\n\n\n<p>Das Unternehmen verwendet Google Analytics, entwickelt und betrieben von Google Inc. mit Sitz in Amphitheatre Parkway, Mountain View, CA 94043, USA (\u201eGoogle\u201c), um die Website mithilfe von Cookies zu analysieren.<\/p>\n\n\n\n<p>Google wird in keinem Fall Daten, incl. IP-Adressen mit anderen Daten zusammen. Die Datenschutzerkl\u00e4rung von Google ist abrufbar&nbsp;<a href=\"http:\/\/www.google.com\/intl\/cz\/policies\/privacy\/\">hier<\/a>.<\/p>\n\n\n\n<p>Die Besucher der Website k\u00f6nnen die Erfassung und Auswertung von Cookies durch Google Analytics verhindern, indem sie ihre Browsereinstellungen wie oben beschrieben \u00e4ndern und indem sie:<\/p>\n\n\n\n<ul class=\"wp-block-list\">\n<li>Klicken Sie auf das Folgende&nbsp;<a href=\"https:\/\/tools.google.com\/dlpage\/gaoptout?hl=en\">Link<\/a>, der ein Opt-out-Cookie auf Ihrem Computer platziert, um die zuk\u00fcnftige Speicherung Ihrer Besuchsdaten auf der Website zu verhindern;<\/li>\n\n\n\n<li>durch die Installation eines Browser-Plugins, das&nbsp;<a href=\"https:\/\/tools.google.com\/dlpage\/gaoptout?hl=en.\">hier<\/a>. Dieses Plugin funktioniert nur in dem jeweiligen Browser auf dem jeweiligen Rechner und darf nach der Installation nicht deaktiviert oder gel\u00f6scht werden, um die Deaktivierung von Google Analytics zu erhalten.<\/li>\n<\/ul>\n\n\n\n<p>Im Rahmen von Google Analytics nutzt das Unternehmen auch verwandte, von Google bereitgestellte Werbefunktionen, wie z. B. Berichte \u00fcber Impressionen im Google-Werbenetzwerk, erweiterte Berichte \u00fcber anonyme demografische Daten (z. B. Alter, Geschlecht, Interessen) und die Anzeige von Anzeigen im Content-Netzwerk auf der Grundlage von Produktansichten (Remarketing), einschlie\u00dflich Google AdWords zur Personalisierung von Werbung und zur Verbesserung von Ad-Targeting und Remarketing.<br>&nbsp;<\/p>\n\n\n\n<h3 class=\"wp-block-heading\">VIII. ein Informationstext \u00fcber das Kamerasystem im Hotel Diplomat<\/h3>\n\n\n\n<p>Der Zweck der Verarbeitung ist der Schutz von Eigentum und die Erh\u00f6hung der pers\u00f6nlichen Sicherheit. Der Umfang der Verarbeitung umfasst nur die Bildaufzeichnung des Kamerasystems, ohne Tonaufzeichnung. Der f\u00fcr diese Aufzeichnungen Verantwortliche ist das Unternehmen. Das CCTV-Material wird auf einer von der Gesellschaft betriebenen Festplatte gespeichert, und es wird kein anderer Prozessor f\u00fcr dieses CCTV-Material verwendet. Der Ort der Verarbeitung ist Diplomat Hotel Operations s.r.o., ID-Nr.: 230 75 562, mit Sitz in Evropsk\u00e1 2690\/17, Dejvice, 160 00 Prag 6<\/p>\n\n\n\n<p>Nur Strafverfolgungsbeh\u00f6rden oder Verwaltungsbeh\u00f6rden zum Zwecke der Verfolgung von Ordnungswidrigkeiten d\u00fcrfen Daten aus dem Video\u00fcberwachungssystem erhalten.<\/p>\n\n\n\n<p>Die Kameras \u00fcberwachen den Eingangs- und Empfangsbereich, die Flure und Tiefgaragenbereiche, die Parkpl\u00e4tze vor dem Hotel, die Ein- und Ausg\u00e4nge, die Personaleing\u00e4nge, die Versorgungs- und Abfertigungsbereiche, die Terrassen, die Fitness-Eing\u00e4nge, die Lobbys\/Foyers, die Zug\u00e4nge zu den Konferenzr\u00e4umen, die Rampe, den Innenhof und den Innenblock.<\/p>\n\n\n\n<p>Die maximale Aufbewahrungszeit betr\u00e4gt 72 Stunden. Danach werden die Daten automatisch gel\u00f6scht, indem sie mit einer neuen Aufzeichnung \u00fcberschrieben werden, da das Kamerasystem auf einem Schleifenmodus basiert.<\/p>\n\n\n\n<p>Der Betrieb der Kameras ist kontinuierlich (m\u00f6glicherweise auf der Grundlage eines automatischen Bewegungssensors).<\/p>\n\n\n\n<p>Die Kontaktdaten f\u00fcr die Entgegennahme von Informationsanfragen sind unten aufgef\u00fchrt.<br>&nbsp;<\/p>\n\n\n\n<h3 class=\"wp-block-heading\">IX. Dauer der Verarbeitung personenbezogener Daten<\/h3>\n\n\n\n<p>Wir verarbeiten Ihre personenbezogenen Daten f\u00fcr die Dauer Ihres Aufenthalts in unserem Hotel. Anschlie\u00dfend, nach seiner Beendigung, verarbeiten wir nur:<\/p>\n\n\n\n<p>Daten, zu deren Verarbeitung wir aufgrund der einschl\u00e4gigen Rechtsvorschriften verpflichtet sind, und zwar nur f\u00fcr den Zeitraum, der aufgrund dieser Rechtsvorschriften erforderlich ist (z. B. enthalten die Buchhaltungs- und Steuerunterlagen, die wir Ihnen ausstellen, auch einige Ihrer personenbezogenen Daten (Vor- und Nachname, Art der erbrachten Dienstleistung, Datum der Ausstellung des Dokuments). Wir bewahren diese Dokumente nur auf, um die in den einschl\u00e4gigen Buchhaltungs- und Steuergesetzen festgelegten Verpflichtungen zu erf\u00fcllen, und nur f\u00fcr den Zeitraum, der in diesen Gesetzen vorgesehen ist).<\/p>\n\n\n\n<p>Ihren Namen, Vornamen, Ihre E-Mail-Adresse und Informationen \u00fcber Ihren Aufenthalt zum Zwecke des Direktmarketings des Hotels (Zusendung von Informationen \u00fcber interessante Neuigkeiten oder Rabatte auf unsere Dienstleistungen usw.) und zum Versand von Zufriedenheitsumfragen. Die Daten f\u00fcr den Versand von Zufriedenheitsumfragen verarbeiten wir nur bis zur Auswertung der Umfragen (maximal 1 Monat nach Ihrem Aufenthalt). Zum Zwecke des Direktmarketings verarbeiten wir Ihre Daten wie oben beschrieben, bis Sie uns \u00fcber Ihren eventuellen Widerspruch gegen eine weitere Verarbeitung informieren.<\/p>\n\n\n\n<p>Daten, die f\u00fcr die Zwecke bestehender oder drohender Rechtsstreitigkeiten erforderlich sind. Wir verarbeiten diese Daten nur so lange, bis der Rechtsstreit endg\u00fcltig beigelegt und die sich aus der Entscheidung ergebenden Verpflichtungen erf\u00fcllt sind oder bis nach geltendem Recht Rechtsstreitigkeiten im Zusammenhang mit den erbrachten Dienstleistungen entstehen k\u00f6nnen.<\/p>\n\n\n\n<p>Nach Ablauf der oben genannten Fristen werden Ihre personenbezogenen Daten sowohl in Papier- als auch in elektronischer Form regelm\u00e4\u00dfig vernichtet.<br>&nbsp;<\/p>\n\n\n\n<h3 class=\"wp-block-heading\">X. Sonstige Datenschutzrechte<\/h3>\n\n\n\n<p>Die betroffenen Personen, deren personenbezogene Daten von der Gesellschaft verarbeitet werden, haben Anspruch auf die folgenden Rechte in Bezug auf die Verarbeitung ihrer personenbezogenen Daten, sofern die in den Rechtsvorschriften festgelegten Bedingungen erf\u00fcllt sind:<\/p>\n\n\n\n<ul class=\"wp-block-list\">\n<li>das Recht auf Zugang zu den personenbezogenen Daten, das darin besteht, auf Antrag kostenlos Auskunft dar\u00fcber zu erhalten, welche ihrer personenbezogenen Daten das Unternehmen verarbeitet;<\/li>\n\n\n\n<li>das Recht auf Berichtigung der verarbeiteten personenbezogenen Daten;<\/li>\n\n\n\n<li>das Recht, die L\u00f6schung ihrer personenbezogenen Daten zu verlangen;<\/li>\n\n\n\n<li>das Recht, die Verarbeitung ihrer personenbezogenen Daten einzuschr\u00e4nken;<\/li>\n\n\n\n<li>das Recht auf Daten\u00fcbertragbarkeit;<\/li>\n\n\n\n<li>das Recht, die Einwilligung in die Verarbeitung personenbezogener Daten jederzeit zu widerrufen, sofern die Einwilligung die Rechtsgrundlage f\u00fcr die Verarbeitung personenbezogener Daten ist (z. B. f\u00fcr den Versand von Newslettern und anderen Werbematerialien).<\/li>\n<\/ul>\n\n\n\n<p>Betroffene Personen, deren personenbezogene Daten von der Gesellschaft verarbeitet werden, haben au\u00dferdem das Recht, vorbehaltlich der Erf\u00fcllung der in den Rechtsvorschriften festgelegten Bedingungen, gegen die Verarbeitung ihrer personenbezogenen Daten Widerspruch einzulegen, wenn die Rechtsgrundlage f\u00fcr die Verarbeitung die berechtigten Interessen der Gesellschaft sind. Werden personenbezogene Daten f\u00fcr Zwecke der Direktwerbung verarbeitet, so hat die betroffene Person das Recht, jederzeit Widerspruch gegen diese Verarbeitung einzulegen.<\/p>\n\n\n\n<p>Betroffene Personen, deren personenbezogene Daten von der Gesellschaft verarbeitet werden, k\u00f6nnen die oben genannten Rechte schriftlich oder per E-Mail gegen\u00fcber der Gesellschaft als dem f\u00fcr die Verarbeitung personenbezogener Daten Verantwortlichen \u00fcber die unten aufgef\u00fchrten Kontakte aus\u00fcben.<br>&nbsp;<\/p>\n\n\n\n<p><strong>Der Administrator kann kontaktiert werden:<\/strong><\/p>\n\n\n\n<p>a) schriftlich an Evropsk\u00e1 2690\/17, Prag 6, 160 00<br>b) telefonisch unter der Rufnummer +420 296 559 172; und<br>c) elektronisch per E-Mail: info@hoteldiplomat.cz<\/p>\n\n\n\n<p>Die vorgenannten Rechte der betroffenen Person sind keine absoluten Rechte. Das Unternehmen wird die ausge\u00fcbten Rechte individuell und im Hinblick auf seine eigenen Rechte oder die Rechte Dritter bewerten.<\/p>\n\n\n\n<p>Wenn die betroffene Person der Ansicht ist, dass ein Versto\u00df gegen das Gesetz \u00fcber den Schutz ihrer personenbezogenen Daten vorliegt, hat sie das Recht, eine Beschwerde bei einer Aufsichtsbeh\u00f6rde einzureichen. Die Aufsichtsbeh\u00f6rde f\u00fcr das Gebiet der Tschechischen Republik ist das Amt f\u00fcr den Schutz personenbezogener Daten Pplk. Sochora 27,170 00 Prag 7 (www.uoou.cz).<\/p>\n\n\n\n<p><\/p>\n\n\n\n<p>\u00a0<\/p>\n\n\n\n<h3 class=\"wp-block-heading\">Google reCAPTCHA<\/h3>\n\n\n\n<p>Diese Seite ist durch reCAPTCHA gesch\u00fctzt und unterliegt der <\/p>\n\n\n\n<ul class=\"wp-block-list\">\n<li><a href=\"https:\/\/policies.google.com\/privacy\" data-type=\"link\" data-id=\"https:\/\/policies.google.com\/privacy\" target=\"_blank\" rel=\"noreferrer noopener nofollow\">Datenschutzbestimmungen<\/a> a <\/li>\n\n\n\n<li><a href=\"https:\/\/policies.google.com\/terms\" data-type=\"link\" data-id=\"https:\/\/policies.google.com\/terms\" target=\"_blank\" rel=\"noreferrer noopener nofollow\">Google-Bedingungen und Konditionen<\/a><\/li>\n<\/ul>","protected":false},"excerpt":{"rendered":"<p>podle na\u0159\u00edzen\u00ed Evropsk\u00e9ho parlamentu a Rady (EU) \u010d. 2016\/679 ze dne 27.04.2016 o ochran\u011b fyzick\u00fdch osob v souvislosti se zpracov\u00e1n\u00edm osobn\u00edch \u00fadaj\u016f a o voln\u00e9m pohybu t\u011bchto \u00fadaj\u016f a o zru\u0161en\u00ed sm\u011brnice 95\/46\/ES (d\u00e1le tak\u00e9 jen \u201eGDPR\u201c) V\u00e1\u017een\u00ed host\u00e9, na t\u00e9to str\u00e1nce naleznete v souladu s GDPR nejd\u016fle\u017eit\u011bj\u0161\u00ed informace o Va\u0161ich osobn\u00edch \u00fadaj\u00edch, kter\u00e9 zpracov\u00e1v\u00e1 [&hellip;]<\/p>\n","protected":false},"author":1,"featured_media":210,"parent":0,"menu_order":0,"comment_status":"closed","ping_status":"open","template":"","meta":{"footnotes":""},"class_list":["post-3","page","type-page","status-publish","has-post-thumbnail","hentry"],"_links":{"self":[{"href":"https:\/\/www.hoteldiplomat.cz\/de\/wp-json\/wp\/v2\/pages\/3","targetHints":{"allow":["GET"]}}],"collection":[{"href":"https:\/\/www.hoteldiplomat.cz\/de\/wp-json\/wp\/v2\/pages"}],"about":[{"href":"https:\/\/www.hoteldiplomat.cz\/de\/wp-json\/wp\/v2\/types\/page"}],"author":[{"embeddable":true,"href":"https:\/\/www.hoteldiplomat.cz\/de\/wp-json\/wp\/v2\/users\/1"}],"replies":[{"embeddable":true,"href":"https:\/\/www.hoteldiplomat.cz\/de\/wp-json\/wp\/v2\/comments?post=3"}],"version-history":[{"count":0,"href":"https:\/\/www.hoteldiplomat.cz\/de\/wp-json\/wp\/v2\/pages\/3\/revisions"}],"wp:featuredmedia":[{"embeddable":true,"href":"https:\/\/www.hoteldiplomat.cz\/de\/wp-json\/wp\/v2\/media\/210"}],"wp:attachment":[{"href":"https:\/\/www.hoteldiplomat.cz\/de\/wp-json\/wp\/v2\/media?parent=3"}],"curies":[{"name":"wp","href":"https:\/\/api.w.org\/{rel}","templated":true}]}}