{"id":48,"date":"2026-01-06T18:45:45","date_gmt":"2026-01-06T17:45:45","guid":{"rendered":"https:\/\/www.hoteldiplomat.cz\/?page_id=48"},"modified":"2026-01-20T23:58:16","modified_gmt":"2026-01-20T22:58:16","slug":"diplomat-gym-by-jkf","status":"publish","type":"page","link":"https:\/\/www.hoteldiplomat.cz\/de\/hotel\/diplomat-gym-by-jkf\/","title":{"rendered":"Diplomatische Turnhalle von JKF"},"content":{"rendered":"<p>Entdecken Sie das Diplomat Gym, ein Fitnesscenter im 9. Stock des Diplomat Hotels mit spektakul\u00e4rem Blick auf Prag. Stock des Diplomat Hotels mit spektakul\u00e4rem Blick auf Prag. Das Zentrum bietet hochmoderne Trainingseinrichtungen, darunter mehrere spezialisierte Zonen, einen Outdoor-Trainingsbereich und eine entspannende Sauna. Der Zugang ist als Langzeitmitgliedschaft oder zu erm\u00e4\u00dfigten Preisen f\u00fcr Hotelg\u00e4ste m\u00f6glich, die sich in einem exklusiven Umfeld fit halten m\u00f6chten.<\/p>\n\n\n\n<p>&nbsp;<\/p>\n\n\n\n<figure class=\"wp-block-gallery has-nested-images columns-4 is-cropped wp-block-gallery-1 is-layout-flex wp-block-gallery-is-layout-flex\">\n<figure class=\"wp-block-image size-large\"><img loading=\"lazy\" decoding=\"async\" width=\"2000\" height=\"1335\" data-id=\"346\" src=\"https:\/\/www.hoteldiplomat.cz\/wp-content\/uploads\/2026\/01\/Diplomat-Hotel-Prague-Fitness-Praha-01-2000x1335.webp\" alt=\"Diplomat Hotel Prag - Fitness Prag 01\" class=\"wp-image-346\" srcset=\"https:\/\/www.hoteldiplomat.cz\/wp-content\/uploads\/2026\/01\/Diplomat-Hotel-Prague-Fitness-Praha-01-2000x1335.webp 2000w, https:\/\/www.hoteldiplomat.cz\/wp-content\/uploads\/2026\/01\/Diplomat-Hotel-Prague-Fitness-Praha-01-700x467.webp 700w, https:\/\/www.hoteldiplomat.cz\/wp-content\/uploads\/2026\/01\/Diplomat-Hotel-Prague-Fitness-Praha-01-18x12.webp 18w\" sizes=\"auto, (max-width: 2000px) 100vw, 2000px\" \/><\/figure>\n\n\n\n<figure class=\"wp-block-image size-large\"><img loading=\"lazy\" decoding=\"async\" width=\"1335\" height=\"2000\" data-id=\"347\" src=\"https:\/\/www.hoteldiplomat.cz\/wp-content\/uploads\/2026\/01\/Diplomat-Hotel-Prague-Fitness-Praha-02-1335x2000.webp\" alt=\"Diplomat Hotel Prag - Fitness Prag 02\" class=\"wp-image-347\" srcset=\"https:\/\/www.hoteldiplomat.cz\/wp-content\/uploads\/2026\/01\/Diplomat-Hotel-Prague-Fitness-Praha-02-1335x2000.webp 1335w, https:\/\/www.hoteldiplomat.cz\/wp-content\/uploads\/2026\/01\/Diplomat-Hotel-Prague-Fitness-Praha-02-467x700.webp 467w, https:\/\/www.hoteldiplomat.cz\/wp-content\/uploads\/2026\/01\/Diplomat-Hotel-Prague-Fitness-Praha-02-8x12.webp 8w, https:\/\/www.hoteldiplomat.cz\/wp-content\/uploads\/2026\/01\/Diplomat-Hotel-Prague-Fitness-Praha-02-scaled.webp 1709w\" sizes=\"auto, (max-width: 1335px) 100vw, 1335px\" \/><\/figure>\n\n\n\n<figure class=\"wp-block-image size-large\"><img loading=\"lazy\" decoding=\"async\" width=\"2000\" height=\"1335\" data-id=\"348\" src=\"https:\/\/www.hoteldiplomat.cz\/wp-content\/uploads\/2026\/01\/Diplomat-Hotel-Prague-Fitness-Praha-03-2000x1335.webp\" alt=\"Diplomat Hotel Prag - Fitness Prag 03\" class=\"wp-image-348\" srcset=\"https:\/\/www.hoteldiplomat.cz\/wp-content\/uploads\/2026\/01\/Diplomat-Hotel-Prague-Fitness-Praha-03-2000x1335.webp 2000w, https:\/\/www.hoteldiplomat.cz\/wp-content\/uploads\/2026\/01\/Diplomat-Hotel-Prague-Fitness-Praha-03-700x467.webp 700w, https:\/\/www.hoteldiplomat.cz\/wp-content\/uploads\/2026\/01\/Diplomat-Hotel-Prague-Fitness-Praha-03-18x12.webp 18w\" sizes=\"auto, (max-width: 2000px) 100vw, 2000px\" \/><\/figure>\n\n\n\n<figure class=\"wp-block-image size-large\"><img loading=\"lazy\" decoding=\"async\" width=\"2000\" height=\"1335\" data-id=\"349\" src=\"https:\/\/www.hoteldiplomat.cz\/wp-content\/uploads\/2026\/01\/Diplomat-Hotel-Prague-Fitness-Praha-04-2000x1335.webp\" alt=\"Diplomat Hotel Prag - Fitness Prag 04\" class=\"wp-image-349\" srcset=\"https:\/\/www.hoteldiplomat.cz\/wp-content\/uploads\/2026\/01\/Diplomat-Hotel-Prague-Fitness-Praha-04-2000x1335.webp 2000w, https:\/\/www.hoteldiplomat.cz\/wp-content\/uploads\/2026\/01\/Diplomat-Hotel-Prague-Fitness-Praha-04-700x467.webp 700w, https:\/\/www.hoteldiplomat.cz\/wp-content\/uploads\/2026\/01\/Diplomat-Hotel-Prague-Fitness-Praha-04-18x12.webp 18w\" sizes=\"auto, (max-width: 2000px) 100vw, 2000px\" \/><\/figure>\n\n\n\n<figure class=\"wp-block-image size-large\"><img loading=\"lazy\" decoding=\"async\" width=\"2000\" height=\"1335\" data-id=\"350\" src=\"https:\/\/www.hoteldiplomat.cz\/wp-content\/uploads\/2026\/01\/Diplomat-Hotel-Prague-Fitness-Praha-05-2000x1335.webp\" alt=\"Diplomat Hotel Prag - Fitness Prag 05\" class=\"wp-image-350\" srcset=\"https:\/\/www.hoteldiplomat.cz\/wp-content\/uploads\/2026\/01\/Diplomat-Hotel-Prague-Fitness-Praha-05-2000x1335.webp 2000w, https:\/\/www.hoteldiplomat.cz\/wp-content\/uploads\/2026\/01\/Diplomat-Hotel-Prague-Fitness-Praha-05-700x467.webp 700w, https:\/\/www.hoteldiplomat.cz\/wp-content\/uploads\/2026\/01\/Diplomat-Hotel-Prague-Fitness-Praha-05-18x12.webp 18w\" sizes=\"auto, (max-width: 2000px) 100vw, 2000px\" \/><\/figure>\n\n\n\n<figure class=\"wp-block-image size-large\"><img loading=\"lazy\" decoding=\"async\" width=\"1280\" height=\"853\" data-id=\"351\" src=\"https:\/\/www.hoteldiplomat.cz\/wp-content\/uploads\/2026\/01\/Diplomat-Hotel-Prague-Fitness-Praha-06.webp\" alt=\"Diplomat Hotel Prag - Fitness Prag 06\" class=\"wp-image-351\" srcset=\"https:\/\/www.hoteldiplomat.cz\/wp-content\/uploads\/2026\/01\/Diplomat-Hotel-Prague-Fitness-Praha-06.webp 1280w, https:\/\/www.hoteldiplomat.cz\/wp-content\/uploads\/2026\/01\/Diplomat-Hotel-Prague-Fitness-Praha-06-700x466.webp 700w, https:\/\/www.hoteldiplomat.cz\/wp-content\/uploads\/2026\/01\/Diplomat-Hotel-Prague-Fitness-Praha-06-18x12.webp 18w\" sizes=\"auto, (max-width: 1280px) 100vw, 1280px\" \/><\/figure>\n\n\n\n<figure class=\"wp-block-image size-large\"><img loading=\"lazy\" decoding=\"async\" width=\"1280\" height=\"853\" data-id=\"352\" src=\"https:\/\/www.hoteldiplomat.cz\/wp-content\/uploads\/2026\/01\/Diplomat-Hotel-Prague-Fitness-Praha-07.webp\" alt=\"Diplomat Hotel Prag - Fitness Prag 07\" class=\"wp-image-352\" srcset=\"https:\/\/www.hoteldiplomat.cz\/wp-content\/uploads\/2026\/01\/Diplomat-Hotel-Prague-Fitness-Praha-07.webp 1280w, https:\/\/www.hoteldiplomat.cz\/wp-content\/uploads\/2026\/01\/Diplomat-Hotel-Prague-Fitness-Praha-07-700x466.webp 700w, https:\/\/www.hoteldiplomat.cz\/wp-content\/uploads\/2026\/01\/Diplomat-Hotel-Prague-Fitness-Praha-07-18x12.webp 18w\" sizes=\"auto, (max-width: 1280px) 100vw, 1280px\" \/><\/figure>\n\n\n\n<figure class=\"wp-block-image size-large\"><img loading=\"lazy\" decoding=\"async\" width=\"2000\" height=\"1335\" data-id=\"353\" src=\"https:\/\/www.hoteldiplomat.cz\/wp-content\/uploads\/2026\/01\/Diplomat-Hotel-Prague-Fitness-Praha-08-2000x1335.webp\" alt=\"Diplomat Hotel Prag - Fitness Prag 08\" class=\"wp-image-353\" srcset=\"https:\/\/www.hoteldiplomat.cz\/wp-content\/uploads\/2026\/01\/Diplomat-Hotel-Prague-Fitness-Praha-08-2000x1335.webp 2000w, https:\/\/www.hoteldiplomat.cz\/wp-content\/uploads\/2026\/01\/Diplomat-Hotel-Prague-Fitness-Praha-08-700x467.webp 700w, https:\/\/www.hoteldiplomat.cz\/wp-content\/uploads\/2026\/01\/Diplomat-Hotel-Prague-Fitness-Praha-08-18x12.webp 18w\" sizes=\"auto, (max-width: 2000px) 100vw, 2000px\" \/><\/figure>\n<\/figure>","protected":false},"excerpt":{"rendered":"<p>Entdecken Sie das Diplomat Gym, ein Fitnesscenter im 9. Stock des Diplomat Hotels mit spektakul\u00e4rem Blick auf Prag. Stock des Diplomat Hotels mit spektakul\u00e4rem Blick auf Prag. Das Zentrum bietet hochmoderne Trainingseinrichtungen, darunter mehrere spezialisierte Zonen, einen Outdoor-Trainingsbereich und eine entspannende Sauna. Der Zugang ist als Langzeitmitgliedschaft oder zu erm\u00e4\u00dfigten Preisen f\u00fcr Hotelg\u00e4ste m\u00f6glich, die sich in einem exklusiven Umfeld fit halten m\u00f6chten. &nbsp;<\/p>","protected":false},"author":1,"featured_media":354,"parent":40,"menu_order":0,"comment_status":"closed","ping_status":"closed","template":"","meta":{"footnotes":""},"class_list":["post-48","page","type-page","status-publish","has-post-thumbnail","hentry"],"_links":{"self":[{"href":"https:\/\/www.hoteldiplomat.cz\/de\/wp-json\/wp\/v2\/pages\/48","targetHints":{"allow":["GET"]}}],"collection":[{"href":"https:\/\/www.hoteldiplomat.cz\/de\/wp-json\/wp\/v2\/pages"}],"about":[{"href":"https:\/\/www.hoteldiplomat.cz\/de\/wp-json\/wp\/v2\/types\/page"}],"author":[{"embeddable":true,"href":"https:\/\/www.hoteldiplomat.cz\/de\/wp-json\/wp\/v2\/users\/1"}],"replies":[{"embeddable":true,"href":"https:\/\/www.hoteldiplomat.cz\/de\/wp-json\/wp\/v2\/comments?post=48"}],"version-history":[{"count":0,"href":"https:\/\/www.hoteldiplomat.cz\/de\/wp-json\/wp\/v2\/pages\/48\/revisions"}],"up":[{"embeddable":true,"href":"https:\/\/www.hoteldiplomat.cz\/de\/wp-json\/wp\/v2\/pages\/40"}],"wp:featuredmedia":[{"embeddable":true,"href":"https:\/\/www.hoteldiplomat.cz\/de\/wp-json\/wp\/v2\/media\/354"}],"wp:attachment":[{"href":"https:\/\/www.hoteldiplomat.cz\/de\/wp-json\/wp\/v2\/media?parent=48"}],"curies":[{"name":"wp","href":"https:\/\/api.w.org\/{rel}","templated":true}]}}