{"id":50,"date":"2026-01-06T18:45:59","date_gmt":"2026-01-06T17:45:59","guid":{"rendered":"https:\/\/www.hoteldiplomat.cz\/?page_id=50"},"modified":"2026-01-22T22:49:44","modified_gmt":"2026-01-22T21:49:44","slug":"zimmer","status":"publish","type":"page","link":"https:\/\/www.hoteldiplomat.cz\/de\/pokoje\/","title":{"rendered":"Zimmer"},"content":{"rendered":"<p class=\"has-text-align-center\">In unseren 400 Nichtraucherzimmern und -suiten, die in eleganten Farbt\u00f6nen und mit hochwertigen Materialien gestaltet sind, finden Sie eine komfortable Umgebung, die Sie schnell lieben werden. Wachen Sie in einem bequemen Bett auf und bereiten Sie sich im hellen Badezimmer auf einen neuen Tag vor, wo moderne Details, extrafeine Handt\u00fccher und durchdachte Annehmlichkeiten zu einem Gef\u00fchl der Ruhe und des Komforts beitragen.<\/p>\n\n\n\n<div style=\"height:50px\" aria-hidden=\"true\" class=\"wp-block-spacer\"><\/div>\n\n\n\n<div class=\"wp-block-columns is-layout-flex wp-container-core-columns-is-layout-9d6595d7 wp-block-columns-is-layout-flex\">\n<div class=\"wp-block-column is-layout-flow wp-block-column-is-layout-flow\">\n<figure class=\"wp-block-image size-medium\"><a href=\"https:\/\/www.hoteldiplomat.cz\/de\/zimmer\/superior-einzelzimmer\/\"><img loading=\"lazy\" decoding=\"async\" width=\"700\" height=\"478\" src=\"https:\/\/www.hoteldiplomat.cz\/wp-content\/uploads\/2026\/01\/Superior-Single-Room-2-832-700x478.webp\" alt=\"Superior Einzelzimmer 2 (832)\" class=\"wp-image-216\" style=\"aspect-ratio:4\/3;object-fit:cover\" srcset=\"https:\/\/www.hoteldiplomat.cz\/wp-content\/uploads\/2026\/01\/Superior-Single-Room-2-832-700x478.webp 700w, https:\/\/www.hoteldiplomat.cz\/wp-content\/uploads\/2026\/01\/Superior-Single-Room-2-832-2000x1366.webp 2000w, https:\/\/www.hoteldiplomat.cz\/wp-content\/uploads\/2026\/01\/Superior-Single-Room-2-832-18x12.webp 18w\" sizes=\"auto, (max-width: 700px) 100vw, 700px\" \/><\/a><\/figure>\n\n\n\n<h3 class=\"wp-block-heading\"><a href=\"https:\/\/www.hoteldiplomat.cz\/de\/zimmer\/superior-einzelzimmer\/\">Superior Einzelzimmer<\/a><\/h3>\n\n\n\n<p><strong>Modernes Einzelzimmer<\/strong> mit einem bequemen Bett bietet die ideale Kombination aus Komfort und Zweckm\u00e4\u00dfigkeit zur Entspannung.<\/p>\n\n\n\n<div class=\"wp-block-buttons is-layout-flex wp-block-buttons-is-layout-flex\">\n<div class=\"wp-block-button rezervace\"><a class=\"wp-block-button__link wp-element-button\" href=\"https:\/\/hoteldiplomat.book-onlinenow.net\/index.aspx?Page=1&amp;lan_id=de-DE\" target=\"_blank\" rel=\"\">Jetzt buchen<\/a><\/div>\n<\/div>\n<\/div>\n\n\n\n<div class=\"wp-block-column is-layout-flow wp-block-column-is-layout-flow\">\n<figure class=\"wp-block-image size-medium\"><a href=\"https:\/\/www.hoteldiplomat.cz\/de\/zimmer\/superior-doppelzimmer\/\"><img loading=\"lazy\" decoding=\"async\" width=\"700\" height=\"483\" src=\"https:\/\/www.hoteldiplomat.cz\/wp-content\/uploads\/2026\/01\/Executive-Double-Room-700x483.webp\" alt=\"Exekutiv-Doppelzimmer\" class=\"wp-image-228\" style=\"aspect-ratio:4\/3;object-fit:cover\" srcset=\"https:\/\/www.hoteldiplomat.cz\/wp-content\/uploads\/2026\/01\/Executive-Double-Room-700x483.webp 700w, https:\/\/www.hoteldiplomat.cz\/wp-content\/uploads\/2026\/01\/Executive-Double-Room-2000x1380.webp 2000w, https:\/\/www.hoteldiplomat.cz\/wp-content\/uploads\/2026\/01\/Executive-Double-Room-18x12.webp 18w\" sizes=\"auto, (max-width: 700px) 100vw, 700px\" \/><\/a><\/figure>\n\n\n\n<h3 class=\"wp-block-heading\"><a href=\"https:\/\/www.hoteldiplomat.cz\/de\/zimmer\/superior-doppelzimmer\/\">Superior-Doppelzimmer<\/a><\/h3>\n\n\n\n<p><strong>Modernes Doppelzimmer<\/strong> mit einem bequemen Doppelbett bietet die ideale Kombination aus Komfort und Zweckm\u00e4\u00dfigkeit zur Entspannung.<\/p>\n\n\n\n<div class=\"wp-block-buttons is-layout-flex wp-block-buttons-is-layout-flex\">\n<div class=\"wp-block-button rezervace\"><a class=\"wp-block-button__link wp-element-button\" href=\"https:\/\/hoteldiplomat.book-onlinenow.net\/index.aspx?Page=1&amp;lan_id=de-DE\" target=\"_blank\" rel=\"\">Jetzt buchen<\/a><\/div>\n<\/div>\n<\/div>\n\n\n\n<div class=\"wp-block-column is-layout-flow wp-block-column-is-layout-flow\">\n<figure class=\"wp-block-image size-medium\"><a href=\"https:\/\/www.hoteldiplomat.cz\/de\/zimmer\/superior-zweibettzimmer\/\"><img loading=\"lazy\" decoding=\"async\" width=\"700\" height=\"471\" src=\"https:\/\/www.hoteldiplomat.cz\/wp-content\/uploads\/2026\/01\/Superior-Twin-Room-515-700x471.webp\" alt=\"Superior Zweibettzimmer (515)\" class=\"wp-image-215\" style=\"aspect-ratio:4\/3;object-fit:cover\" srcset=\"https:\/\/www.hoteldiplomat.cz\/wp-content\/uploads\/2026\/01\/Superior-Twin-Room-515-700x471.webp 700w, https:\/\/www.hoteldiplomat.cz\/wp-content\/uploads\/2026\/01\/Superior-Twin-Room-515-2000x1344.webp 2000w, https:\/\/www.hoteldiplomat.cz\/wp-content\/uploads\/2026\/01\/Superior-Twin-Room-515-18x12.webp 18w\" sizes=\"auto, (max-width: 700px) 100vw, 700px\" \/><\/a><\/figure>\n\n\n\n<h3 class=\"wp-block-heading\"><a href=\"https:\/\/www.hoteldiplomat.cz\/de\/zimmer\/superior-doppelzimmer\/\"><\/a><a href=\"https:\/\/www.hoteldiplomat.cz\/de\/zimmer\/superior-zweibettzimmer\/\">Superior Zweibettzimmer<\/a><\/h3>\n\n\n\n<p><strong>Modernes Doppelzimmer<\/strong> mit zwei bequemen Betten bietet die ideale Kombination aus Komfort und Zweckm\u00e4\u00dfigkeit zur Entspannung.<\/p>\n\n\n\n<div class=\"wp-block-buttons is-layout-flex wp-block-buttons-is-layout-flex\">\n<div class=\"wp-block-button rezervace\"><a class=\"wp-block-button__link wp-element-button\" href=\"https:\/\/hoteldiplomat.book-onlinenow.net\/index.aspx?Page=1&amp;lan_id=de-DE\" target=\"_blank\" rel=\"\">Jetzt buchen<\/a><\/div>\n<\/div>\n<\/div>\n<\/div>\n\n\n\n<div class=\"wp-block-columns is-layout-flex wp-container-core-columns-is-layout-9d6595d7 wp-block-columns-is-layout-flex\">\n<div class=\"wp-block-column is-layout-flow wp-block-column-is-layout-flow\">\n<figure class=\"wp-block-image size-medium\"><a href=\"https:\/\/www.hoteldiplomat.cz\/de\/zimmer\/superior-dreibettzimmer\/\"><img loading=\"lazy\" decoding=\"async\" width=\"700\" height=\"467\" src=\"https:\/\/www.hoteldiplomat.cz\/wp-content\/uploads\/2026\/01\/Diplomat-Hotel-Prague-Hotel-Praha-Superior-Triple-Room-01-700x467.webp\" alt=\"Diplomat Hotel Prague - Hotel Prag - Superior Dreibettzimmer 01\" class=\"wp-image-433\" style=\"aspect-ratio:4\/3;object-fit:cover\" srcset=\"https:\/\/www.hoteldiplomat.cz\/wp-content\/uploads\/2026\/01\/Diplomat-Hotel-Prague-Hotel-Praha-Superior-Triple-Room-01-700x467.webp 700w, https:\/\/www.hoteldiplomat.cz\/wp-content\/uploads\/2026\/01\/Diplomat-Hotel-Prague-Hotel-Praha-Superior-Triple-Room-01-2000x1334.webp 2000w, https:\/\/www.hoteldiplomat.cz\/wp-content\/uploads\/2026\/01\/Diplomat-Hotel-Prague-Hotel-Praha-Superior-Triple-Room-01-18x12.webp 18w\" sizes=\"auto, (max-width: 700px) 100vw, 700px\" \/><\/a><\/figure>\n\n\n\n<h3 class=\"wp-block-heading\"><a href=\"https:\/\/www.hoteldiplomat.cz\/de\/zimmer\/superior-einzelzimmer\/\"><\/a><a href=\"https:\/\/www.hoteldiplomat.cz\/de\/zimmer\/superior-dreibettzimmer\/\">Superior Dreibettzimmer<\/a><\/h3>\n\n\n\n<p><strong>Modernes Dreibettzimmer<\/strong> bietet die ideale Kombination aus Komfort und Zweckm\u00e4\u00dfigkeit zur Entspannung.<\/p>\n\n\n\n<div class=\"wp-block-buttons is-layout-flex wp-block-buttons-is-layout-flex\">\n<div class=\"wp-block-button rezervace\"><a class=\"wp-block-button__link wp-element-button\" href=\"https:\/\/hoteldiplomat.book-onlinenow.net\/index.aspx?Page=1&amp;lan_id=de-DE\" target=\"_blank\" rel=\"\">Jetzt buchen<\/a><\/div>\n<\/div>\n<\/div>\n\n\n\n<div class=\"wp-block-column is-layout-flow wp-block-column-is-layout-flow\">\n<figure class=\"wp-block-image size-medium\"><a href=\"https:\/\/www.hoteldiplomat.cz\/de\/zimmer\/executive-doppelzimmer\/\"><img loading=\"lazy\" decoding=\"async\" width=\"700\" height=\"470\" src=\"https:\/\/www.hoteldiplomat.cz\/wp-content\/uploads\/2026\/01\/Diplomat-Hotel-Prague-Hotel-Praha-Executive-Double-Room-01-700x470.webp\" alt=\"\" class=\"wp-image-450\" style=\"aspect-ratio:4\/3;object-fit:cover\" srcset=\"https:\/\/www.hoteldiplomat.cz\/wp-content\/uploads\/2026\/01\/Diplomat-Hotel-Prague-Hotel-Praha-Executive-Double-Room-01-700x470.webp 700w, https:\/\/www.hoteldiplomat.cz\/wp-content\/uploads\/2026\/01\/Diplomat-Hotel-Prague-Hotel-Praha-Executive-Double-Room-01-18x12.webp 18w, https:\/\/www.hoteldiplomat.cz\/wp-content\/uploads\/2026\/01\/Diplomat-Hotel-Prague-Hotel-Praha-Executive-Double-Room-01.webp 1920w\" sizes=\"auto, (max-width: 700px) 100vw, 700px\" \/><\/a><\/figure>\n\n\n\n<h3 class=\"wp-block-heading\"><a href=\"https:\/\/www.hoteldiplomat.cz\/de\/zimmer\/superior-doppelzimmer\/\"><\/a><a href=\"https:\/\/www.hoteldiplomat.cz\/de\/zimmer\/executive-doppelzimmer\/\">Exekutiv-Doppelzimmer<\/a><\/h3>\n\n\n\n<p><strong>Elegantes Executive-Zimmer<\/strong> in den oberen Etagen mit elegantem Design, komfortablem Doppelbett und Executive-Vorteilen f\u00fcr Ruhe und Arbeit.<\/p>\n\n\n\n<div class=\"wp-block-buttons is-layout-flex wp-block-buttons-is-layout-flex\">\n<div class=\"wp-block-button\"><a class=\"wp-block-button__link wp-element-button\" href=\"#!\">Jetzt buchen<\/a><\/div>\n<\/div>\n<\/div>\n\n\n\n<div class=\"wp-block-column is-layout-flow wp-block-column-is-layout-flow\">\n<figure class=\"wp-block-image size-medium\"><a href=\"https:\/\/www.hoteldiplomat.cz\/de\/zimmer\/executive-zweibettzimmer\/\"><img loading=\"lazy\" decoding=\"async\" width=\"700\" height=\"467\" src=\"https:\/\/www.hoteldiplomat.cz\/wp-content\/uploads\/2026\/01\/Diplomat-Hotel-Prague-Hotel-Praha-Executive-Twin-Room-01-700x467.webp\" alt=\"Diplomat Hotel Prague - Hotel Prag - Executive Zweibettzimmer 01\" class=\"wp-image-454\" style=\"aspect-ratio:4\/3;object-fit:cover\" srcset=\"https:\/\/www.hoteldiplomat.cz\/wp-content\/uploads\/2026\/01\/Diplomat-Hotel-Prague-Hotel-Praha-Executive-Twin-Room-01-700x467.webp 700w, https:\/\/www.hoteldiplomat.cz\/wp-content\/uploads\/2026\/01\/Diplomat-Hotel-Prague-Hotel-Praha-Executive-Twin-Room-01-2000x1334.webp 2000w, https:\/\/www.hoteldiplomat.cz\/wp-content\/uploads\/2026\/01\/Diplomat-Hotel-Prague-Hotel-Praha-Executive-Twin-Room-01-18x12.webp 18w\" sizes=\"auto, (max-width: 700px) 100vw, 700px\" \/><\/a><\/figure>\n\n\n\n<h3 class=\"wp-block-heading\"><a href=\"https:\/\/www.hoteldiplomat.cz\/de\/zimmer\/superior-doppelzimmer\/\"><\/a><a href=\"https:\/\/www.hoteldiplomat.cz\/de\/zimmer\/superior-zweibettzimmer\/\"><\/a><a href=\"https:\/\/www.hoteldiplomat.cz\/de\/zimmer\/executive-zweibettzimmer\/\">Executive Zweibettzimmer<\/a><\/h3>\n\n\n\n<p><strong>Elegantes Executive-Zimmer<\/strong> in den oberen Etagen mit elegantem Design, separaten bequemen Betten und Executive-Vorteilen f\u00fcr Ruhe und Arbeit.<\/p>\n\n\n\n<div class=\"wp-block-buttons is-layout-flex wp-block-buttons-is-layout-flex\">\n<div class=\"wp-block-button rezervace\"><a class=\"wp-block-button__link wp-element-button\" href=\"https:\/\/hoteldiplomat.book-onlinenow.net\/index.aspx?Page=1&amp;lan_id=de-DE\" target=\"_blank\" rel=\"\">Jetzt buchen<\/a><\/div>\n<\/div>\n<\/div>\n<\/div>\n\n\n\n<div class=\"wp-block-columns is-layout-flex wp-container-core-columns-is-layout-9d6595d7 wp-block-columns-is-layout-flex\">\n<div class=\"wp-block-column is-layout-flow wp-block-column-is-layout-flow\">\n<figure class=\"wp-block-image size-medium\"><a href=\"https:\/\/www.hoteldiplomat.cz\/de\/zimmer\/executive-doppelzimmer-mit-blick-auf-die-prager-burg\/\"><img loading=\"lazy\" decoding=\"async\" width=\"700\" height=\"467\" src=\"https:\/\/www.hoteldiplomat.cz\/wp-content\/uploads\/2026\/01\/Executive-Double-Room-3-803-700x467.webp\" alt=\"Exekutiv-Doppelzimmer 3 (803)\" class=\"wp-image-227\" style=\"aspect-ratio:4\/3;object-fit:cover\" srcset=\"https:\/\/www.hoteldiplomat.cz\/wp-content\/uploads\/2026\/01\/Executive-Double-Room-3-803-700x467.webp 700w, https:\/\/www.hoteldiplomat.cz\/wp-content\/uploads\/2026\/01\/Executive-Double-Room-3-803-2000x1334.webp 2000w, https:\/\/www.hoteldiplomat.cz\/wp-content\/uploads\/2026\/01\/Executive-Double-Room-3-803-18x12.webp 18w\" sizes=\"auto, (max-width: 700px) 100vw, 700px\" \/><\/a><\/figure>\n\n\n\n<h3 class=\"wp-block-heading\"><a href=\"https:\/\/www.hoteldiplomat.cz\/de\/zimmer\/superior-einzelzimmer\/\"><\/a><a href=\"https:\/\/www.hoteldiplomat.cz\/de\/zimmer\/superior-dreibettzimmer\/\"><\/a><a href=\"https:\/\/www.hoteldiplomat.cz\/de\/zimmer\/executive-dvouluzkovy-pokoj-s-vyhledem-na-prazsky-hrad\/\"><\/a><a href=\"https:\/\/www.hoteldiplomat.cz\/de\/zimmer\/executive-doppelzimmer-mit-blick-auf-die-prager-burg\/\" data-type=\"page\" data-id=\"65\">Executive Doppelzimmer mit Blick auf die Prager Burg<\/a><\/h3>\n\n\n\n<p>Wachen Sie jeden Morgen um&nbsp;<strong>Zimmer mit Aussicht<\/strong> zu einem der sch\u00f6nsten Denkm\u00e4ler Prags.&nbsp;<\/p>\n\n\n\n<div class=\"wp-block-buttons is-layout-flex wp-block-buttons-is-layout-flex\">\n<div class=\"wp-block-button rezervace\"><a class=\"wp-block-button__link wp-element-button\" href=\"https:\/\/hoteldiplomat.book-onlinenow.net\/index.aspx?Page=1&amp;lan_id=de-DE\" target=\"_blank\" rel=\"\">Jetzt buchen<\/a><\/div>\n<\/div>\n<\/div>\n\n\n\n<div class=\"wp-block-column is-layout-flow wp-block-column-is-layout-flow\">\n<figure class=\"wp-block-image size-medium\"><a href=\"https:\/\/www.hoteldiplomat.cz\/de\/zimmer\/junior-suite\/\"><img loading=\"lazy\" decoding=\"async\" width=\"700\" height=\"460\" src=\"https:\/\/www.hoteldiplomat.cz\/wp-content\/uploads\/2026\/01\/Junior-Suite-3-522-700x460.webp\" alt=\"Junior-Suite 3 (522)\" class=\"wp-image-223\" style=\"aspect-ratio:4\/3;object-fit:cover\" srcset=\"https:\/\/www.hoteldiplomat.cz\/wp-content\/uploads\/2026\/01\/Junior-Suite-3-522-700x460.webp 700w, https:\/\/www.hoteldiplomat.cz\/wp-content\/uploads\/2026\/01\/Junior-Suite-3-522-2000x1316.webp 2000w, https:\/\/www.hoteldiplomat.cz\/wp-content\/uploads\/2026\/01\/Junior-Suite-3-522-18x12.webp 18w\" sizes=\"auto, (max-width: 700px) 100vw, 700px\" \/><\/a><\/figure>\n\n\n\n<h3 class=\"wp-block-heading\"><a href=\"https:\/\/www.hoteldiplomat.cz\/de\/zimmer\/superior-doppelzimmer\/\"><\/a><a href=\"https:\/\/www.hoteldiplomat.cz\/de\/zimmer\/executive-doppelzimmer\/\"><\/a><a href=\"https:\/\/www.hoteldiplomat.cz\/de\/zimmer\/junior-suite\/\">Junior-Suite<\/a><\/h3>\n\n\n\n<p>Der Raum, der in ein Zimmer unterteilt ist <strong>zwei getrennte Bereiche<\/strong> - Teil mit einem Doppelbett und einem Ruhebereich mit Sessel.<\/p>\n\n\n\n<div class=\"wp-block-buttons is-layout-flex wp-block-buttons-is-layout-flex\">\n<div class=\"wp-block-button rezervace\"><a class=\"wp-block-button__link wp-element-button\" href=\"https:\/\/hoteldiplomat.book-onlinenow.net\/index.aspx?Page=1&amp;lan_id=de-DE\" target=\"_blank\" rel=\"\">Jetzt buchen<\/a><\/div>\n<\/div>\n<\/div>\n\n\n\n<div class=\"wp-block-column is-layout-flow wp-block-column-is-layout-flow\">\n<figure class=\"wp-block-image size-medium\"><a href=\"https:\/\/www.hoteldiplomat.cz\/de\/zimmer\/familien-junior-suite\/\"><img loading=\"lazy\" decoding=\"async\" width=\"700\" height=\"454\" src=\"https:\/\/www.hoteldiplomat.cz\/wp-content\/uploads\/2026\/01\/Family-Junior-Suite-822-700x454.webp\" alt=\"Familien-Junior-Suite (822)\" class=\"wp-image-226\" style=\"aspect-ratio:4\/3;object-fit:cover\" srcset=\"https:\/\/www.hoteldiplomat.cz\/wp-content\/uploads\/2026\/01\/Family-Junior-Suite-822-700x454.webp 700w, https:\/\/www.hoteldiplomat.cz\/wp-content\/uploads\/2026\/01\/Family-Junior-Suite-822-2000x1298.webp 2000w, https:\/\/www.hoteldiplomat.cz\/wp-content\/uploads\/2026\/01\/Family-Junior-Suite-822-18x12.webp 18w\" sizes=\"auto, (max-width: 700px) 100vw, 700px\" \/><\/a><\/figure>\n\n\n\n<h3 class=\"wp-block-heading\"><a href=\"https:\/\/www.hoteldiplomat.cz\/de\/zimmer\/superior-doppelzimmer\/\"><\/a><a href=\"https:\/\/www.hoteldiplomat.cz\/de\/zimmer\/superior-zweibettzimmer\/\"><\/a><a href=\"https:\/\/www.hoteldiplomat.cz\/de\/zimmer\/executive-zweibettzimmer\/\"><\/a><a href=\"https:\/\/www.hoteldiplomat.cz\/de\/zimmer\/familien-junior-suite\/\">Familien-Junior-Suite<\/a><\/h3>\n\n\n\n<p>Der Raum, der in ein Zimmer unterteilt ist <strong>zwei getrennte Bereiche<\/strong> - Teil mit einem Doppelbett und einem gem\u00fctlichen Teil mit einer bequemen Sitzecke.<\/p>\n\n\n\n<div class=\"wp-block-buttons is-layout-flex wp-block-buttons-is-layout-flex\">\n<div class=\"wp-block-button rezervace\"><a class=\"wp-block-button__link wp-element-button\" href=\"https:\/\/hoteldiplomat.book-onlinenow.net\/index.aspx?Page=1&amp;lan_id=de-DE\" target=\"_blank\" rel=\"\">Jetzt buchen<\/a><\/div>\n<\/div>\n<\/div>\n<\/div>\n\n\n\n<div class=\"wp-block-columns is-layout-flex wp-container-core-columns-is-layout-9d6595d7 wp-block-columns-is-layout-flex\">\n<div class=\"wp-block-column is-layout-flow wp-block-column-is-layout-flow\">\n<figure class=\"wp-block-image size-medium\"><a href=\"https:\/\/www.hoteldiplomat.cz\/de\/zimmer\/suite\/\"><img loading=\"lazy\" decoding=\"async\" width=\"700\" height=\"467\" src=\"https:\/\/www.hoteldiplomat.cz\/wp-content\/uploads\/2026\/01\/Diplomat-Hotel-Prague-Hotel-Praha-Senior-Suite-01-700x467.webp\" alt=\"Diplomat Hotel Prague - Hotel Prag - Senior Suite 01\" class=\"wp-image-462\" style=\"aspect-ratio:4\/3;object-fit:cover\" srcset=\"https:\/\/www.hoteldiplomat.cz\/wp-content\/uploads\/2026\/01\/Diplomat-Hotel-Prague-Hotel-Praha-Senior-Suite-01-700x467.webp 700w, https:\/\/www.hoteldiplomat.cz\/wp-content\/uploads\/2026\/01\/Diplomat-Hotel-Prague-Hotel-Praha-Senior-Suite-01-2000x1334.webp 2000w, https:\/\/www.hoteldiplomat.cz\/wp-content\/uploads\/2026\/01\/Diplomat-Hotel-Prague-Hotel-Praha-Senior-Suite-01-18x12.webp 18w\" sizes=\"auto, (max-width: 700px) 100vw, 700px\" \/><\/a><\/figure>\n\n\n\n<h3 class=\"wp-block-heading\"><a href=\"https:\/\/www.hoteldiplomat.cz\/de\/zimmer\/suite\/\" data-type=\"page\" data-id=\"71\">Suite<\/a><\/h3>\n\n\n\n<p><strong>Suite mit 38 m\u00b2<\/strong> bietet eine ideale Umgebung f\u00fcr G\u00e4ste, die Entspannung und Arbeitskomfort suchen.<\/p>\n\n\n\n<div class=\"wp-block-buttons is-layout-flex wp-block-buttons-is-layout-flex\">\n<div class=\"wp-block-button rezervace\"><a class=\"wp-block-button__link wp-element-button\" href=\"https:\/\/hoteldiplomat.book-onlinenow.net\/index.aspx?Page=1&amp;lan_id=de-DE\" target=\"_blank\" rel=\"\">Jetzt buchen<\/a><\/div>\n<\/div>\n<\/div>\n\n\n\n<div class=\"wp-block-column is-layout-flow wp-block-column-is-layout-flow\">\n<figure class=\"wp-block-image size-medium\"><a href=\"https:\/\/www.hoteldiplomat.cz\/de\/zimmer\/deluxe-familienzimmer-mit-verbindungstur\/\"><img loading=\"lazy\" decoding=\"async\" width=\"700\" height=\"488\" src=\"https:\/\/www.hoteldiplomat.cz\/wp-content\/uploads\/2026\/01\/Deluxe-Family-Connecting-Room-835-700x488.webp\" alt=\"Deluxe Familienzimmer (mit Verbindung) (835)\" class=\"wp-image-239\" style=\"aspect-ratio:4\/3;object-fit:cover\" srcset=\"https:\/\/www.hoteldiplomat.cz\/wp-content\/uploads\/2026\/01\/Deluxe-Family-Connecting-Room-835-700x488.webp 700w, https:\/\/www.hoteldiplomat.cz\/wp-content\/uploads\/2026\/01\/Deluxe-Family-Connecting-Room-835-2000x1394.webp 2000w, https:\/\/www.hoteldiplomat.cz\/wp-content\/uploads\/2026\/01\/Deluxe-Family-Connecting-Room-835-18x12.webp 18w\" sizes=\"auto, (max-width: 700px) 100vw, 700px\" \/><\/a><\/figure>\n\n\n\n<h3 class=\"wp-block-heading\"><a href=\"https:\/\/www.hoteldiplomat.cz\/de\/zimmer\/superior-doppelzimmer\/\"><\/a><a href=\"https:\/\/www.hoteldiplomat.cz\/de\/zimmer\/executive-doppelzimmer\/\"><\/a><a href=\"https:\/\/www.hoteldiplomat.cz\/de\/zimmer\/junior-suite\/\"><\/a><a href=\"https:\/\/www.hoteldiplomat.cz\/de\/zimmer\/deluxe-familienzimmer-mit-verbindungstur\/\">Deluxe Familienzimmer (mit Verbindungst\u00fcr)<\/a><\/h3>\n\n\n\n<p>Deluxe Family (Connecting) Room ist ideal f\u00fcr <strong>Familien oder Gruppen von bis zu 4 Personen<\/strong>, die Komfort und Privatsph\u00e4re suchen.<\/p>\n\n\n\n<div class=\"wp-block-buttons is-layout-flex wp-block-buttons-is-layout-flex\">\n<div class=\"wp-block-button rezervace\"><a class=\"wp-block-button__link wp-element-button\" href=\"https:\/\/hoteldiplomat.book-onlinenow.net\/index.aspx?Page=1&amp;lan_id=de-DE\" target=\"_blank\" rel=\"\">Jetzt buchen<\/a><\/div>\n<\/div>\n<\/div>\n\n\n\n<div class=\"wp-block-column is-layout-flow wp-block-column-is-layout-flow\">\n<figure class=\"wp-block-image size-medium\"><a href=\"https:\/\/www.hoteldiplomat.cz\/de\/zimmer\/barrierefreies-zimmer\/\"><img loading=\"lazy\" decoding=\"async\" width=\"700\" height=\"467\" src=\"https:\/\/www.hoteldiplomat.cz\/wp-content\/uploads\/2026\/01\/Bezbarierovy-pokoj-03-700x467.webp\" alt=\"Barrierefreies Zimmer 03\" class=\"wp-image-436\" style=\"aspect-ratio:4\/3;object-fit:cover\" srcset=\"https:\/\/www.hoteldiplomat.cz\/wp-content\/uploads\/2026\/01\/Bezbarierovy-pokoj-03-700x467.webp 700w, https:\/\/www.hoteldiplomat.cz\/wp-content\/uploads\/2026\/01\/Bezbarierovy-pokoj-03-2000x1334.webp 2000w, https:\/\/www.hoteldiplomat.cz\/wp-content\/uploads\/2026\/01\/Bezbarierovy-pokoj-03-18x12.webp 18w\" sizes=\"auto, (max-width: 700px) 100vw, 700px\" \/><\/a><\/figure>\n\n\n\n<h3 class=\"wp-block-heading\"><a href=\"https:\/\/www.hoteldiplomat.cz\/de\/zimmer\/superior-doppelzimmer\/\"><\/a><a href=\"https:\/\/www.hoteldiplomat.cz\/de\/zimmer\/superior-zweibettzimmer\/\"><\/a><a href=\"https:\/\/www.hoteldiplomat.cz\/de\/zimmer\/executive-zweibettzimmer\/\"><\/a><a href=\"https:\/\/www.hoteldiplomat.cz\/de\/zimmer\/familien-junior-suite\/\"><\/a><a href=\"https:\/\/www.hoteldiplomat.cz\/de\/zimmer\/diplomaten-suite\/\"><\/a><a href=\"https:\/\/www.hoteldiplomat.cz\/de\/zimmer\/barrierefreies-zimmer\/\">Behindertengerechtes Zimmer<\/a><\/h3>\n\n\n\n<p>Das rollstuhlgerechte Zimmer bietet einen komfortablen und <strong>sichere Unterbringung<\/strong> f\u00fcr G\u00e4ste mit eingeschr\u00e4nkter Mobilit\u00e4t.<\/p>\n<\/div>\n<\/div>\n\n\n\n<div class=\"wp-block-columns is-layout-flex wp-container-core-columns-is-layout-9d6595d7 wp-block-columns-is-layout-flex\">\n<div class=\"wp-block-column is-layout-flow wp-block-column-is-layout-flow\">\n<figure class=\"wp-block-image size-medium\"><a href=\"https:\/\/www.hoteldiplomat.cz\/de\/zimmer\/diplomaten-suite\/\"><img loading=\"lazy\" decoding=\"async\" width=\"700\" height=\"506\" src=\"https:\/\/www.hoteldiplomat.cz\/wp-content\/uploads\/2026\/01\/Diplomat-Suite-2-861-700x506.webp\" alt=\"Diplomat Suite 2 (861)\" class=\"wp-image-234\" style=\"aspect-ratio:4\/3;object-fit:cover\" srcset=\"https:\/\/www.hoteldiplomat.cz\/wp-content\/uploads\/2026\/01\/Diplomat-Suite-2-861-700x506.webp 700w, https:\/\/www.hoteldiplomat.cz\/wp-content\/uploads\/2026\/01\/Diplomat-Suite-2-861-2000x1446.webp 2000w, https:\/\/www.hoteldiplomat.cz\/wp-content\/uploads\/2026\/01\/Diplomat-Suite-2-861-18x12.webp 18w\" sizes=\"auto, (max-width: 700px) 100vw, 700px\" \/><\/a><\/figure>\n\n\n\n<h3 class=\"wp-block-heading\"><a href=\"https:\/\/www.hoteldiplomat.cz\/de\/zimmer\/superior-doppelzimmer\/\"><\/a><a href=\"https:\/\/www.hoteldiplomat.cz\/de\/zimmer\/superior-zweibettzimmer\/\"><\/a><a href=\"https:\/\/www.hoteldiplomat.cz\/de\/zimmer\/executive-zweibettzimmer\/\"><\/a><a href=\"https:\/\/www.hoteldiplomat.cz\/de\/zimmer\/familien-junior-suite\/\"><\/a><a href=\"https:\/\/www.hoteldiplomat.cz\/de\/zimmer\/diplomaten-suite\/\">Diplomaten-Suite<\/a><\/h3>\n\n\n\n<p><strong>Diplomat Suite mit 58 m\u00b2<\/strong> bietet eine ideale Umgebung f\u00fcr G\u00e4ste, die eine Kombination aus Entspannung und Arbeitskomfort suchen.<\/p>\n\n\n\n<div class=\"wp-block-buttons is-layout-flex wp-block-buttons-is-layout-flex\">\n<div class=\"wp-block-button rezervace\"><a class=\"wp-block-button__link wp-element-button\" href=\"https:\/\/hoteldiplomat.book-onlinenow.net\/index.aspx?Page=1&amp;lan_id=de-DE\" target=\"_blank\" rel=\"\">Jetzt buchen<\/a><\/div>\n<\/div>\n<\/div>\n\n\n\n<div class=\"wp-block-column is-layout-flow wp-block-column-is-layout-flow\"><\/div>\n\n\n\n<div class=\"wp-block-column is-layout-flow wp-block-column-is-layout-flow\"><\/div>\n<\/div>\n\n\n\n<p><\/p>","protected":false},"excerpt":{"rendered":"<p>V na\u0161ich 400 neku\u0159\u00e1ck\u00fdch pokoj\u00edch a apartm\u00e1, navr\u017een\u00fdch v elegantn\u00edch t\u00f3nech a z kvalitn\u00edch materi\u00e1l\u016f, naleznete p\u0159\u00edjemn\u00e9 z\u00e1zem\u00ed, kter\u00e9 si rychle obl\u00edb\u00edte. Probu\u010fte se v pohodln\u00e9 posteli a p\u0159ipravte se na nov\u00fd den ve sv\u011btl\u00e9 koupeln\u011b, kde modern\u00ed detaily, mimo\u0159\u00e1dn\u011b jemn\u00e9 ru\u010dn\u00edky a promy\u0161len\u00e9 vybaven\u00ed p\u0159isp\u00edvaj\u00ed k pocitu klidu a pohodl\u00ed. Superior Single Room Modern\u00ed [&hellip;]<\/p>\n","protected":false},"author":1,"featured_media":216,"parent":0,"menu_order":0,"comment_status":"closed","ping_status":"closed","template":"","meta":{"footnotes":""},"class_list":["post-50","page","type-page","status-publish","has-post-thumbnail","hentry"],"_links":{"self":[{"href":"https:\/\/www.hoteldiplomat.cz\/de\/wp-json\/wp\/v2\/pages\/50","targetHints":{"allow":["GET"]}}],"collection":[{"href":"https:\/\/www.hoteldiplomat.cz\/de\/wp-json\/wp\/v2\/pages"}],"about":[{"href":"https:\/\/www.hoteldiplomat.cz\/de\/wp-json\/wp\/v2\/types\/page"}],"author":[{"embeddable":true,"href":"https:\/\/www.hoteldiplomat.cz\/de\/wp-json\/wp\/v2\/users\/1"}],"replies":[{"embeddable":true,"href":"https:\/\/www.hoteldiplomat.cz\/de\/wp-json\/wp\/v2\/comments?post=50"}],"version-history":[{"count":2,"href":"https:\/\/www.hoteldiplomat.cz\/de\/wp-json\/wp\/v2\/pages\/50\/revisions"}],"predecessor-version":[{"id":662,"href":"https:\/\/www.hoteldiplomat.cz\/de\/wp-json\/wp\/v2\/pages\/50\/revisions\/662"}],"wp:featuredmedia":[{"embeddable":true,"href":"https:\/\/www.hoteldiplomat.cz\/de\/wp-json\/wp\/v2\/media\/216"}],"wp:attachment":[{"href":"https:\/\/www.hoteldiplomat.cz\/de\/wp-json\/wp\/v2\/media?parent=50"}],"curies":[{"name":"wp","href":"https:\/\/api.w.org\/{rel}","templated":true}]}}