{"id":65,"date":"2026-01-06T18:47:44","date_gmt":"2026-01-06T17:47:44","guid":{"rendered":"https:\/\/www.hoteldiplomat.cz\/?page_id=65"},"modified":"2026-01-22T22:51:55","modified_gmt":"2026-01-22T21:51:55","slug":"executive-doppelzimmer-mit-blick-auf-die-prager-burg","status":"publish","type":"page","link":"https:\/\/www.hoteldiplomat.cz\/de\/pokoje\/executive-double-room-s-vyhledem-na-prazsky-hrad\/","title":{"rendered":"Executive Doppelzimmer mit Blick auf die Prager Burg"},"content":{"rendered":"<p>Wachen Sie jeden Morgen in einem Zimmer mit Blick auf eine der sch\u00f6nsten Sehensw\u00fcrdigkeiten Prags auf. Das exklusive Executive-Zimmer mit Blick auf die Prager Burg bietet ein elegantes Ambiente, ein bequemes Doppelbett und eine einzigartige Atmosph\u00e4re, die durch einen beeindruckenden Panoramablick noch verst\u00e4rkt wird. Diese Kategorie ist ideal f\u00fcr G\u00e4ste, die ein h\u00f6heres Ma\u00df an Komfort und einen unvergesslichen Aufenthalt suchen. G\u00e4ste, die in dieser Kategorie \u00fcbernachten, kommen in den Genuss einer Reihe von Executive-Vorteilen:<\/p>\n\n\n\n<ul class=\"wp-block-list two alt\">\n<li>Kostenlose Minibar<\/li>\n\n\n\n<li>\u201eZimmer Ihrer Wahl\u201c Bevorzugte Zimmerauswahl (je nach Verf\u00fcgbarkeit)<\/li>\n\n\n\n<li>Begr\u00fc\u00dfungsgetr\u00e4nk<\/li>\n\n\n\n<li>Fr\u00fches Einchecken und sp\u00e4tes Auschecken (je nach Verf\u00fcgbarkeit)<\/li>\n\n\n\n<li>Bademantel und Hausschuhe f\u00fcr Ihren Aufenthalt<\/li>\n\n\n\n<li>50% Sauna Rabatt<\/li>\n\n\n\n<li>20% W\u00e4sche-Rabatt<\/li>\n<\/ul>\n\n\n\n<ul class=\"wp-block-list two\">\n<li>Kostenloses Hochgeschwindigkeits-Wi-Fi<\/li>\n\n\n\n<li>Flachbildschirm-Satelliten-TV<\/li>\n\n\n\n<li>Schreibpult<\/li>\n\n\n\n<li>Tresor \/ Bankschlie\u00dffach<\/li>\n\n\n\n<li>Haartrockner<\/li>\n\n\n\n<li>Kaffee- und Teeservice<\/li>\n<\/ul>\n\n\n\n<figure class=\"wp-block-gallery has-nested-images columns-default is-cropped wp-block-gallery-1 is-layout-flex wp-block-gallery-is-layout-flex\">\n<figure data-wp-context=\"{&quot;imageId&quot;:&quot;69ef1f6b3c846&quot;}\" data-wp-interactive=\"core\/image\" data-wp-key=\"69ef1f6b3c846\" class=\"wp-block-image size-medium wp-lightbox-container\"><img loading=\"lazy\" decoding=\"async\" width=\"700\" height=\"467\" data-wp-class--hide=\"state.isContentHidden\" data-wp-class--show=\"state.isContentVisible\" data-wp-init=\"callbacks.setButtonStyles\" data-wp-on--click=\"actions.showLightbox\" data-wp-on--load=\"callbacks.setButtonStyles\" data-wp-on-window--resize=\"callbacks.setButtonStyles\" data-id=\"454\" src=\"https:\/\/www.hoteldiplomat.cz\/wp-content\/uploads\/2026\/01\/Diplomat-Hotel-Prague-Hotel-Praha-Executive-Twin-Room-01-700x467.webp\" alt=\"Diplomat Hotel Prague - Hotel Prag - Executive Zweibettzimmer 01\" class=\"wp-image-454\" srcset=\"https:\/\/www.hoteldiplomat.cz\/wp-content\/uploads\/2026\/01\/Diplomat-Hotel-Prague-Hotel-Praha-Executive-Twin-Room-01-700x467.webp 700w, https:\/\/www.hoteldiplomat.cz\/wp-content\/uploads\/2026\/01\/Diplomat-Hotel-Prague-Hotel-Praha-Executive-Twin-Room-01-2000x1334.webp 2000w, https:\/\/www.hoteldiplomat.cz\/wp-content\/uploads\/2026\/01\/Diplomat-Hotel-Prague-Hotel-Praha-Executive-Twin-Room-01-18x12.webp 18w\" sizes=\"auto, (max-width: 700px) 100vw, 700px\" \/><button\n\t\t\tclass=\"lightbox-trigger\"\n\t\t\ttype=\"button\"\n\t\t\taria-haspopup=\"dialog\"\n\t\t\taria-label=\"Vergr\u00f6\u00dfern\"\n\t\t\tdata-wp-init=\"callbacks.initTriggerButton\"\n\t\t\tdata-wp-on--click=\"actions.showLightbox\"\n\t\t\tdata-wp-style--right=\"state.imageButtonRight\"\n\t\t\tdata-wp-style--top=\"state.imageButtonTop\"\n\t\t>\n\t\t\t<svg xmlns=\"http:\/\/www.w3.org\/2000\/svg\" width=\"12\" height=\"12\" fill=\"none\" viewbox=\"0 0 12 12\">\n\t\t\t\t<path fill=\"#fff\" d=\"M2 0a2 2 0 0 0-2 2v2h1.5V2a.5.5 0 0 1 .5-.5h2V0H2Zm2 10.5H2a.5.5 0 0 1-.5-.5V8H0v2a2 2 0 0 0 2 2h2v-1.5ZM8 12v-1.5h2a.5.5 0 0 0 .5-.5V8H12v2a2 2 0 0 1-2 2H8Zm2-12a2 2 0 0 1 2 2v2h-1.5V2a.5.5 0 0 0-.5-.5H8V0h2Z\" \/>\n\t\t\t<\/svg>\n\t\t<\/button><\/figure>\n\n\n\n<figure data-wp-context=\"{&quot;imageId&quot;:&quot;69ef1f6b3cd9e&quot;}\" data-wp-interactive=\"core\/image\" data-wp-key=\"69ef1f6b3cd9e\" class=\"wp-block-image size-medium wp-lightbox-container\"><img loading=\"lazy\" decoding=\"async\" width=\"700\" height=\"467\" data-wp-class--hide=\"state.isContentHidden\" data-wp-class--show=\"state.isContentVisible\" data-wp-init=\"callbacks.setButtonStyles\" data-wp-on--click=\"actions.showLightbox\" data-wp-on--load=\"callbacks.setButtonStyles\" data-wp-on-window--resize=\"callbacks.setButtonStyles\" data-id=\"229\" src=\"https:\/\/www.hoteldiplomat.cz\/wp-content\/uploads\/2026\/01\/Executive-Double-Room-2-803-700x467.webp\" alt=\"Exekutiv-Doppelzimmer 2 (803)\" class=\"wp-image-229\" srcset=\"https:\/\/www.hoteldiplomat.cz\/wp-content\/uploads\/2026\/01\/Executive-Double-Room-2-803-700x467.webp 700w, https:\/\/www.hoteldiplomat.cz\/wp-content\/uploads\/2026\/01\/Executive-Double-Room-2-803-2000x1334.webp 2000w, https:\/\/www.hoteldiplomat.cz\/wp-content\/uploads\/2026\/01\/Executive-Double-Room-2-803-18x12.webp 18w\" sizes=\"auto, (max-width: 700px) 100vw, 700px\" \/><button\n\t\t\tclass=\"lightbox-trigger\"\n\t\t\ttype=\"button\"\n\t\t\taria-haspopup=\"dialog\"\n\t\t\taria-label=\"Vergr\u00f6\u00dfern\"\n\t\t\tdata-wp-init=\"callbacks.initTriggerButton\"\n\t\t\tdata-wp-on--click=\"actions.showLightbox\"\n\t\t\tdata-wp-style--right=\"state.imageButtonRight\"\n\t\t\tdata-wp-style--top=\"state.imageButtonTop\"\n\t\t>\n\t\t\t<svg xmlns=\"http:\/\/www.w3.org\/2000\/svg\" width=\"12\" height=\"12\" fill=\"none\" viewbox=\"0 0 12 12\">\n\t\t\t\t<path fill=\"#fff\" d=\"M2 0a2 2 0 0 0-2 2v2h1.5V2a.5.5 0 0 1 .5-.5h2V0H2Zm2 10.5H2a.5.5 0 0 1-.5-.5V8H0v2a2 2 0 0 0 2 2h2v-1.5ZM8 12v-1.5h2a.5.5 0 0 0 .5-.5V8H12v2a2 2 0 0 1-2 2H8Zm2-12a2 2 0 0 1 2 2v2h-1.5V2a.5.5 0 0 0-.5-.5H8V0h2Z\" \/>\n\t\t\t<\/svg>\n\t\t<\/button><\/figure>\n\n\n\n<figure data-wp-context=\"{&quot;imageId&quot;:&quot;69ef1f6b3d198&quot;}\" data-wp-interactive=\"core\/image\" data-wp-key=\"69ef1f6b3d198\" class=\"wp-block-image size-medium wp-lightbox-container\"><img loading=\"lazy\" decoding=\"async\" width=\"700\" height=\"467\" data-wp-class--hide=\"state.isContentHidden\" data-wp-class--show=\"state.isContentVisible\" data-wp-init=\"callbacks.setButtonStyles\" data-wp-on--click=\"actions.showLightbox\" data-wp-on--load=\"callbacks.setButtonStyles\" data-wp-on-window--resize=\"callbacks.setButtonStyles\" data-id=\"443\" src=\"https:\/\/www.hoteldiplomat.cz\/wp-content\/uploads\/2026\/01\/Diplomat-Hotel-Prague-Hotel-Praha-Koupelna-Double-02-700x467.webp\" alt=\"Diplomat Hotel Prague - Hotel Prag - Badezimmer Double 02\" class=\"wp-image-443\" srcset=\"https:\/\/www.hoteldiplomat.cz\/wp-content\/uploads\/2026\/01\/Diplomat-Hotel-Prague-Hotel-Praha-Koupelna-Double-02-700x467.webp 700w, https:\/\/www.hoteldiplomat.cz\/wp-content\/uploads\/2026\/01\/Diplomat-Hotel-Prague-Hotel-Praha-Koupelna-Double-02-18x12.webp 18w, https:\/\/www.hoteldiplomat.cz\/wp-content\/uploads\/2026\/01\/Diplomat-Hotel-Prague-Hotel-Praha-Koupelna-Double-02.webp 1920w\" sizes=\"auto, (max-width: 700px) 100vw, 700px\" \/><button\n\t\t\tclass=\"lightbox-trigger\"\n\t\t\ttype=\"button\"\n\t\t\taria-haspopup=\"dialog\"\n\t\t\taria-label=\"Vergr\u00f6\u00dfern\"\n\t\t\tdata-wp-init=\"callbacks.initTriggerButton\"\n\t\t\tdata-wp-on--click=\"actions.showLightbox\"\n\t\t\tdata-wp-style--right=\"state.imageButtonRight\"\n\t\t\tdata-wp-style--top=\"state.imageButtonTop\"\n\t\t>\n\t\t\t<svg xmlns=\"http:\/\/www.w3.org\/2000\/svg\" width=\"12\" height=\"12\" fill=\"none\" viewbox=\"0 0 12 12\">\n\t\t\t\t<path fill=\"#fff\" d=\"M2 0a2 2 0 0 0-2 2v2h1.5V2a.5.5 0 0 1 .5-.5h2V0H2Zm2 10.5H2a.5.5 0 0 1-.5-.5V8H0v2a2 2 0 0 0 2 2h2v-1.5ZM8 12v-1.5h2a.5.5 0 0 0 .5-.5V8H12v2a2 2 0 0 1-2 2H8Zm2-12a2 2 0 0 1 2 2v2h-1.5V2a.5.5 0 0 0-.5-.5H8V0h2Z\" \/>\n\t\t\t<\/svg>\n\t\t<\/button><\/figure>\n<\/figure>\n\n\n\n<p class=\"two\"><em>Die Kurtaxe in H\u00f6he von 50 CZK pro Person und Nacht ist nicht im Gesamtpreis enthalten und wird direkt im Hotel abgerechnet.<\/em><\/p>\n\n\n\n<p>&nbsp;<\/p>\n\n\n\n<div class=\"wp-block-buttons is-content-justification-center is-layout-flex wp-container-core-buttons-is-layout-16018d1d wp-block-buttons-is-layout-flex\">\n<div class=\"wp-block-button rezervace\"><a class=\"wp-block-button__link wp-element-button\" href=\"https:\/\/hoteldiplomat.book-onlinenow.net\/index.aspx?Page=1&amp;lan_id=de-DE\" target=\"_blank\" rel=\"\">Jetzt buchen<\/a><\/div>\n<\/div>","protected":false},"excerpt":{"rendered":"<p>Probu\u010fte se ka\u017ed\u00e9 r\u00e1no v&nbsp;pokoji s v\u00fdhledem na jednu z nejkr\u00e1sn\u011bj\u0161\u00edch pra\u017esk\u00fdch pam\u00e1tek. Exkluzivn\u00ed Executive pokoj s v\u00fdhledem na Pra\u017esk\u00fd hrad nab\u00edz\u00ed elegantn\u00ed prost\u0159ed\u00ed, pohodlnou man\u017eelskou postel a jedine\u010dnou atmosf\u00e9ru, kterou podtrhuje p\u016fsobiv\u00fd panoramatick\u00fd v\u00fdhled. Tato kategorie je ide\u00e1ln\u00ed pro hosty hledaj\u00edc\u00ed vy\u0161\u0161\u00ed komfort i nezapomenuteln\u00fd z\u00e1\u017eitek z pobytu. Host\u00e9 ubytovan\u00ed v&nbsp;t\u00e9to kategorii mohou vyu\u017e\u00edvat [&hellip;]<\/p>\n","protected":false},"author":1,"featured_media":227,"parent":50,"menu_order":0,"comment_status":"closed","ping_status":"closed","template":"pokoj.php","meta":{"footnotes":""},"class_list":["post-65","page","type-page","status-publish","has-post-thumbnail","hentry"],"_links":{"self":[{"href":"https:\/\/www.hoteldiplomat.cz\/de\/wp-json\/wp\/v2\/pages\/65","targetHints":{"allow":["GET"]}}],"collection":[{"href":"https:\/\/www.hoteldiplomat.cz\/de\/wp-json\/wp\/v2\/pages"}],"about":[{"href":"https:\/\/www.hoteldiplomat.cz\/de\/wp-json\/wp\/v2\/types\/page"}],"author":[{"embeddable":true,"href":"https:\/\/www.hoteldiplomat.cz\/de\/wp-json\/wp\/v2\/users\/1"}],"replies":[{"embeddable":true,"href":"https:\/\/www.hoteldiplomat.cz\/de\/wp-json\/wp\/v2\/comments?post=65"}],"version-history":[{"count":1,"href":"https:\/\/www.hoteldiplomat.cz\/de\/wp-json\/wp\/v2\/pages\/65\/revisions"}],"predecessor-version":[{"id":669,"href":"https:\/\/www.hoteldiplomat.cz\/de\/wp-json\/wp\/v2\/pages\/65\/revisions\/669"}],"up":[{"embeddable":true,"href":"https:\/\/www.hoteldiplomat.cz\/de\/wp-json\/wp\/v2\/pages\/50"}],"wp:featuredmedia":[{"embeddable":true,"href":"https:\/\/www.hoteldiplomat.cz\/de\/wp-json\/wp\/v2\/media\/227"}],"wp:attachment":[{"href":"https:\/\/www.hoteldiplomat.cz\/de\/wp-json\/wp\/v2\/media?parent=65"}],"curies":[{"name":"wp","href":"https:\/\/api.w.org\/{rel}","templated":true}]}}