{"id":73,"date":"2026-01-06T18:48:37","date_gmt":"2026-01-06T17:48:37","guid":{"rendered":"https:\/\/www.hoteldiplomat.cz\/?page_id=73"},"modified":"2026-01-22T22:52:13","modified_gmt":"2026-01-22T21:52:13","slug":"deluxe-familienzimmer-mit-verbindungstur","status":"publish","type":"page","link":"https:\/\/www.hoteldiplomat.cz\/de\/pokoje\/deluxe-family-connecting-room\/","title":{"rendered":"Deluxe Familienzimmer (mit Verbindungst\u00fcr)"},"content":{"rendered":"<p>Das Deluxe Family (Connecting) Room ist ideal f\u00fcr Familien oder Gruppen von bis zu 4 Personen, die Komfort und Privatsph\u00e4re suchen. Es handelt sich um zwei miteinander verbundene Superior-Zimmer mit je einem Doppelbett, die eine ger\u00e4umige Einheit f\u00fcr einen gemeinsamen Aufenthalt bilden. Das elegante und moderne Design wird durch eine ruhige Atmosph\u00e4re erg\u00e4nzt, ideal zum Entspannen nach einem Tag der Erkundung Prags oder nach einem anstrengenden Arbeitstag. Die Verbindung der Zimmer untereinander erm\u00f6glicht ein angenehmes Zusammensein und die M\u00f6glichkeit einer ungest\u00f6rten Erholung.<\/p>\n\n\n\n<ul class=\"wp-block-list two\">\n<li>Kostenloses Hochgeschwindigkeits-Wi-Fi<\/li>\n\n\n\n<li>Flachbildschirm-Satelliten-TV<\/li>\n\n\n\n<li>Schreibpult<\/li>\n\n\n\n<li>Tresor \/ Bankschlie\u00dffach<\/li>\n\n\n\n<li>Haartrockner<\/li>\n\n\n\n<li>Kaffee- und Teeservice<\/li>\n<\/ul>\n\n\n\n<figure class=\"wp-block-gallery has-nested-images columns-default is-cropped wp-block-gallery-1 is-layout-flex wp-block-gallery-is-layout-flex\">\n<figure data-wp-context=\"{&quot;imageId&quot;:&quot;69f003401a667&quot;}\" data-wp-interactive=\"core\/image\" data-wp-key=\"69f003401a667\" class=\"wp-block-image size-medium wp-lightbox-container\"><img loading=\"lazy\" decoding=\"async\" width=\"700\" height=\"488\" data-wp-class--hide=\"state.isContentHidden\" data-wp-class--show=\"state.isContentVisible\" data-wp-init=\"callbacks.setButtonStyles\" data-wp-on--click=\"actions.showLightbox\" data-wp-on--load=\"callbacks.setButtonStyles\" data-wp-on-window--resize=\"callbacks.setButtonStyles\" data-id=\"237\" src=\"https:\/\/www.hoteldiplomat.cz\/wp-content\/uploads\/2026\/01\/Deluxe-Family-Connecting-Room-2-835-700x488.webp\" alt=\"Deluxe Familienzimmer (mit Verbindungst\u00fcr) 2 (835)\" class=\"wp-image-237\" srcset=\"https:\/\/www.hoteldiplomat.cz\/wp-content\/uploads\/2026\/01\/Deluxe-Family-Connecting-Room-2-835-700x488.webp 700w, https:\/\/www.hoteldiplomat.cz\/wp-content\/uploads\/2026\/01\/Deluxe-Family-Connecting-Room-2-835-2000x1394.webp 2000w, https:\/\/www.hoteldiplomat.cz\/wp-content\/uploads\/2026\/01\/Deluxe-Family-Connecting-Room-2-835-18x12.webp 18w\" sizes=\"auto, (max-width: 700px) 100vw, 700px\" \/><button\n\t\t\tclass=\"lightbox-trigger\"\n\t\t\ttype=\"button\"\n\t\t\taria-haspopup=\"dialog\"\n\t\t\taria-label=\"Vergr\u00f6\u00dfern\"\n\t\t\tdata-wp-init=\"callbacks.initTriggerButton\"\n\t\t\tdata-wp-on--click=\"actions.showLightbox\"\n\t\t\tdata-wp-style--right=\"state.imageButtonRight\"\n\t\t\tdata-wp-style--top=\"state.imageButtonTop\"\n\t\t>\n\t\t\t<svg xmlns=\"http:\/\/www.w3.org\/2000\/svg\" width=\"12\" height=\"12\" fill=\"none\" viewbox=\"0 0 12 12\">\n\t\t\t\t<path fill=\"#fff\" d=\"M2 0a2 2 0 0 0-2 2v2h1.5V2a.5.5 0 0 1 .5-.5h2V0H2Zm2 10.5H2a.5.5 0 0 1-.5-.5V8H0v2a2 2 0 0 0 2 2h2v-1.5ZM8 12v-1.5h2a.5.5 0 0 0 .5-.5V8H12v2a2 2 0 0 1-2 2H8Zm2-12a2 2 0 0 1 2 2v2h-1.5V2a.5.5 0 0 0-.5-.5H8V0h2Z\" \/>\n\t\t\t<\/svg>\n\t\t<\/button><\/figure>\n\n\n\n<figure data-wp-context=\"{&quot;imageId&quot;:&quot;69f003401aa77&quot;}\" data-wp-interactive=\"core\/image\" data-wp-key=\"69f003401aa77\" class=\"wp-block-image size-medium wp-lightbox-container\"><img loading=\"lazy\" decoding=\"async\" width=\"700\" height=\"470\" data-wp-class--hide=\"state.isContentHidden\" data-wp-class--show=\"state.isContentVisible\" data-wp-init=\"callbacks.setButtonStyles\" data-wp-on--click=\"actions.showLightbox\" data-wp-on--load=\"callbacks.setButtonStyles\" data-wp-on-window--resize=\"callbacks.setButtonStyles\" data-id=\"450\" src=\"https:\/\/www.hoteldiplomat.cz\/wp-content\/uploads\/2026\/01\/Diplomat-Hotel-Prague-Hotel-Praha-Executive-Double-Room-01-700x470.webp\" alt=\"\" class=\"wp-image-450\" srcset=\"https:\/\/www.hoteldiplomat.cz\/wp-content\/uploads\/2026\/01\/Diplomat-Hotel-Prague-Hotel-Praha-Executive-Double-Room-01-700x470.webp 700w, https:\/\/www.hoteldiplomat.cz\/wp-content\/uploads\/2026\/01\/Diplomat-Hotel-Prague-Hotel-Praha-Executive-Double-Room-01-18x12.webp 18w, https:\/\/www.hoteldiplomat.cz\/wp-content\/uploads\/2026\/01\/Diplomat-Hotel-Prague-Hotel-Praha-Executive-Double-Room-01.webp 1920w\" sizes=\"auto, (max-width: 700px) 100vw, 700px\" \/><button\n\t\t\tclass=\"lightbox-trigger\"\n\t\t\ttype=\"button\"\n\t\t\taria-haspopup=\"dialog\"\n\t\t\taria-label=\"Vergr\u00f6\u00dfern\"\n\t\t\tdata-wp-init=\"callbacks.initTriggerButton\"\n\t\t\tdata-wp-on--click=\"actions.showLightbox\"\n\t\t\tdata-wp-style--right=\"state.imageButtonRight\"\n\t\t\tdata-wp-style--top=\"state.imageButtonTop\"\n\t\t>\n\t\t\t<svg xmlns=\"http:\/\/www.w3.org\/2000\/svg\" width=\"12\" height=\"12\" fill=\"none\" viewbox=\"0 0 12 12\">\n\t\t\t\t<path fill=\"#fff\" d=\"M2 0a2 2 0 0 0-2 2v2h1.5V2a.5.5 0 0 1 .5-.5h2V0H2Zm2 10.5H2a.5.5 0 0 1-.5-.5V8H0v2a2 2 0 0 0 2 2h2v-1.5ZM8 12v-1.5h2a.5.5 0 0 0 .5-.5V8H12v2a2 2 0 0 1-2 2H8Zm2-12a2 2 0 0 1 2 2v2h-1.5V2a.5.5 0 0 0-.5-.5H8V0h2Z\" \/>\n\t\t\t<\/svg>\n\t\t<\/button><\/figure>\n\n\n\n<figure data-wp-context=\"{&quot;imageId&quot;:&quot;69f003401ad6c&quot;}\" data-wp-interactive=\"core\/image\" data-wp-key=\"69f003401ad6c\" class=\"wp-block-image size-medium wp-lightbox-container\"><img loading=\"lazy\" decoding=\"async\" width=\"700\" height=\"467\" data-wp-class--hide=\"state.isContentHidden\" data-wp-class--show=\"state.isContentVisible\" data-wp-init=\"callbacks.setButtonStyles\" data-wp-on--click=\"actions.showLightbox\" data-wp-on--load=\"callbacks.setButtonStyles\" data-wp-on-window--resize=\"callbacks.setButtonStyles\" data-id=\"443\" src=\"https:\/\/www.hoteldiplomat.cz\/wp-content\/uploads\/2026\/01\/Diplomat-Hotel-Prague-Hotel-Praha-Koupelna-Double-02-700x467.webp\" alt=\"Diplomat Hotel Prague - Hotel Prag - Badezimmer Double 02\" class=\"wp-image-443\" srcset=\"https:\/\/www.hoteldiplomat.cz\/wp-content\/uploads\/2026\/01\/Diplomat-Hotel-Prague-Hotel-Praha-Koupelna-Double-02-700x467.webp 700w, https:\/\/www.hoteldiplomat.cz\/wp-content\/uploads\/2026\/01\/Diplomat-Hotel-Prague-Hotel-Praha-Koupelna-Double-02-18x12.webp 18w, https:\/\/www.hoteldiplomat.cz\/wp-content\/uploads\/2026\/01\/Diplomat-Hotel-Prague-Hotel-Praha-Koupelna-Double-02.webp 1920w\" sizes=\"auto, (max-width: 700px) 100vw, 700px\" \/><button\n\t\t\tclass=\"lightbox-trigger\"\n\t\t\ttype=\"button\"\n\t\t\taria-haspopup=\"dialog\"\n\t\t\taria-label=\"Vergr\u00f6\u00dfern\"\n\t\t\tdata-wp-init=\"callbacks.initTriggerButton\"\n\t\t\tdata-wp-on--click=\"actions.showLightbox\"\n\t\t\tdata-wp-style--right=\"state.imageButtonRight\"\n\t\t\tdata-wp-style--top=\"state.imageButtonTop\"\n\t\t>\n\t\t\t<svg xmlns=\"http:\/\/www.w3.org\/2000\/svg\" width=\"12\" height=\"12\" fill=\"none\" viewbox=\"0 0 12 12\">\n\t\t\t\t<path fill=\"#fff\" d=\"M2 0a2 2 0 0 0-2 2v2h1.5V2a.5.5 0 0 1 .5-.5h2V0H2Zm2 10.5H2a.5.5 0 0 1-.5-.5V8H0v2a2 2 0 0 0 2 2h2v-1.5ZM8 12v-1.5h2a.5.5 0 0 0 .5-.5V8H12v2a2 2 0 0 1-2 2H8Zm2-12a2 2 0 0 1 2 2v2h-1.5V2a.5.5 0 0 0-.5-.5H8V0h2Z\" \/>\n\t\t\t<\/svg>\n\t\t<\/button><\/figure>\n<\/figure>\n\n\n\n<p class=\"two\"><em>Die Kurtaxe in H\u00f6he von 50 CZK pro Person und Nacht ist nicht im Gesamtpreis enthalten und wird direkt im Hotel abgerechnet.<\/em><\/p>\n\n\n\n<p>&nbsp;<\/p>\n\n\n\n<div class=\"wp-block-buttons is-content-justification-center is-layout-flex wp-container-core-buttons-is-layout-16018d1d wp-block-buttons-is-layout-flex\">\n<div class=\"wp-block-button rezervace\"><a class=\"wp-block-button__link wp-element-button\" href=\"https:\/\/hoteldiplomat.book-onlinenow.net\/index.aspx?Page=1&amp;lan_id=de-DE\" target=\"_blank\" rel=\"\">Jetzt buchen<\/a><\/div>\n<\/div>","protected":false},"excerpt":{"rendered":"<p>Deluxe Family (Connecting) Room je ide\u00e1ln\u00ed pro rodiny nebo skupiny a\u017e 4 osob, kter\u00e9 hledaj\u00ed pohodl\u00ed a soukrom\u00ed. Jedn\u00e1 se o dva propojen\u00e9 pokoje Superior, ka\u017ed\u00fd s man\u017eelskou postel\u00ed, \u010d\u00edm\u017e vznik\u00e1 prostorn\u00fd celek pro spole\u010dn\u00fd pobyt. Elegantn\u00ed a modern\u00ed design dopl\u0148uje klidn\u00e1 atmosf\u00e9ra, ide\u00e1ln\u00ed pro odpo\u010dinek po dni str\u00e1ven\u00e9m objevov\u00e1n\u00edm Prahy nebo po n\u00e1ro\u010dn\u00e9m pracovn\u00edm [&hellip;]<\/p>\n","protected":false},"author":1,"featured_media":239,"parent":50,"menu_order":0,"comment_status":"closed","ping_status":"closed","template":"pokoj.php","meta":{"footnotes":""},"class_list":["post-73","page","type-page","status-publish","has-post-thumbnail","hentry"],"_links":{"self":[{"href":"https:\/\/www.hoteldiplomat.cz\/de\/wp-json\/wp\/v2\/pages\/73","targetHints":{"allow":["GET"]}}],"collection":[{"href":"https:\/\/www.hoteldiplomat.cz\/de\/wp-json\/wp\/v2\/pages"}],"about":[{"href":"https:\/\/www.hoteldiplomat.cz\/de\/wp-json\/wp\/v2\/types\/page"}],"author":[{"embeddable":true,"href":"https:\/\/www.hoteldiplomat.cz\/de\/wp-json\/wp\/v2\/users\/1"}],"replies":[{"embeddable":true,"href":"https:\/\/www.hoteldiplomat.cz\/de\/wp-json\/wp\/v2\/comments?post=73"}],"version-history":[{"count":1,"href":"https:\/\/www.hoteldiplomat.cz\/de\/wp-json\/wp\/v2\/pages\/73\/revisions"}],"predecessor-version":[{"id":673,"href":"https:\/\/www.hoteldiplomat.cz\/de\/wp-json\/wp\/v2\/pages\/73\/revisions\/673"}],"up":[{"embeddable":true,"href":"https:\/\/www.hoteldiplomat.cz\/de\/wp-json\/wp\/v2\/pages\/50"}],"wp:featuredmedia":[{"embeddable":true,"href":"https:\/\/www.hoteldiplomat.cz\/de\/wp-json\/wp\/v2\/media\/239"}],"wp:attachment":[{"href":"https:\/\/www.hoteldiplomat.cz\/de\/wp-json\/wp\/v2\/media?parent=73"}],"curies":[{"name":"wp","href":"https:\/\/api.w.org\/{rel}","templated":true}]}}