{"id":44,"date":"2026-01-06T18:44:27","date_gmt":"2026-01-06T17:44:27","guid":{"rendered":"https:\/\/www.hoteldiplomat.cz\/?page_id=44"},"modified":"2026-01-20T23:58:03","modified_gmt":"2026-01-20T22:58:03","slug":"equipment","status":"publish","type":"page","link":"https:\/\/www.hoteldiplomat.cz\/en\/hotel\/vybaveni\/","title":{"rendered":"Equipment"},"content":{"rendered":"<div class=\"wp-block-media-text has-media-on-the-right is-stacked-on-mobile\"><div class=\"wp-block-media-text__content\">\n<p><strong>Diplomat Hotel Prague<\/strong> offers guests exceptional facilities in the capital of the Czech Republic. Enjoy 24\/7 reception services and high-speed Wi-Fi while you settle in comfortably. Two unique restaurants tempt you with delectable international cuisine.<\/p>\n<\/div><figure class=\"wp-block-media-text__media\"><a href=\"https:\/\/www.hoteldiplomat.cz\/wp-content\/uploads\/2026\/01\/Diplomat-Hotel-Prague-Restaurace-Praha-Loreta-01.webp\"><img loading=\"lazy\" decoding=\"async\" width=\"1920\" height=\"1242\" src=\"https:\/\/www.hoteldiplomat.cz\/wp-content\/uploads\/2026\/01\/Diplomat-Hotel-Prague-Restaurace-Praha-Loreta-01.webp\" alt=\"Diplomat Hotel Prague - Restaurant Prague - Loreta 01\" class=\"wp-image-337 size-medium\" srcset=\"https:\/\/www.hoteldiplomat.cz\/wp-content\/uploads\/2026\/01\/Diplomat-Hotel-Prague-Restaurace-Praha-Loreta-01.webp 1920w, https:\/\/www.hoteldiplomat.cz\/wp-content\/uploads\/2026\/01\/Diplomat-Hotel-Prague-Restaurace-Praha-Loreta-01-700x453.webp 700w, https:\/\/www.hoteldiplomat.cz\/wp-content\/uploads\/2026\/01\/Diplomat-Hotel-Prague-Restaurace-Praha-Loreta-01-18x12.webp 18w\" sizes=\"auto, (max-width: 1920px) 100vw, 1920px\" \/><\/a><\/figure><\/div>\n\n\n\n<div class=\"wp-block-media-text is-stacked-on-mobile\"><figure class=\"wp-block-media-text__media\"><a href=\"https:\/\/www.hoteldiplomat.cz\/wp-content\/uploads\/2026\/01\/Diplomat-Hotel-Prague-Hotel-Praha-barber-shop-02.webp\"><img loading=\"lazy\" decoding=\"async\" width=\"700\" height=\"466\" src=\"https:\/\/www.hoteldiplomat.cz\/wp-content\/uploads\/2026\/01\/Diplomat-Hotel-Prague-Hotel-Praha-barber-shop-02-700x466.webp\" alt=\"Diplomat Hotel Prague - Hotel Prague - barber shop - 02\" class=\"wp-image-334 size-medium\" srcset=\"https:\/\/www.hoteldiplomat.cz\/wp-content\/uploads\/2026\/01\/Diplomat-Hotel-Prague-Hotel-Praha-barber-shop-02-700x466.webp 700w, https:\/\/www.hoteldiplomat.cz\/wp-content\/uploads\/2026\/01\/Diplomat-Hotel-Prague-Hotel-Praha-barber-shop-02-18x12.webp 18w, https:\/\/www.hoteldiplomat.cz\/wp-content\/uploads\/2026\/01\/Diplomat-Hotel-Prague-Hotel-Praha-barber-shop-02.webp 1280w\" sizes=\"auto, (max-width: 700px) 100vw, 700px\" \/><\/a><\/figure><div class=\"wp-block-media-text__content\">\n<p>Our guests can also enjoy paid access to the fitness centre with sauna, modern equipment and outdoor workout area. There is also a barber shop and hairdressing and relaxation services. The hotel is one of Prague's leading destinations for conferences and social events and offers 23 conference, banquet and ballrooms along with a fully equipped business centre<\/p>\n<\/div><\/div>\n\n\n\n<div class=\"wp-block-media-text has-media-on-the-right is-stacked-on-mobile\"><div class=\"wp-block-media-text__content\">\n<p>Convenient access to anywhere in the city is provided by the on-site car rental service, paid garage and outdoor parking, and an electric car charging station.<\/p>\n<\/div><figure class=\"wp-block-media-text__media\"><a href=\"https:\/\/www.hoteldiplomat.cz\/wp-content\/uploads\/2026\/01\/Diplomat-Hotel-Prague-Parokvani-Praha-Parking-01-scaled.webp\"><img loading=\"lazy\" decoding=\"async\" width=\"2000\" height=\"1333\" src=\"https:\/\/www.hoteldiplomat.cz\/wp-content\/uploads\/2026\/01\/Diplomat-Hotel-Prague-Parokvani-Praha-Parking-01-2000x1333.webp\" alt=\"Diplomat Hotel Prague - Parking 01\" class=\"wp-image-338 size-medium\" srcset=\"https:\/\/www.hoteldiplomat.cz\/wp-content\/uploads\/2026\/01\/Diplomat-Hotel-Prague-Parokvani-Praha-Parking-01-2000x1333.webp 2000w, https:\/\/www.hoteldiplomat.cz\/wp-content\/uploads\/2026\/01\/Diplomat-Hotel-Prague-Parokvani-Praha-Parking-01-700x467.webp 700w, https:\/\/www.hoteldiplomat.cz\/wp-content\/uploads\/2026\/01\/Diplomat-Hotel-Prague-Parokvani-Praha-Parking-01-18x12.webp 18w\" sizes=\"auto, (max-width: 2000px) 100vw, 2000px\" \/><\/a><\/figure><\/div>\n\n\n\n<h2 class=\"wp-block-heading\">Equipment offered<\/h2>\n\n\n\n<ul class=\"wp-block-list three\">\n<li>Bar<\/li>\n\n\n\n<li>Restaurant<\/li>\n\n\n\n<li>Free high-speed internet<\/li>\n\n\n\n<li>Barber shop<\/li>\n\n\n\n<li>Hairdressing<\/li>\n\n\n\n<li>Physiotherapy services<\/li>\n\n\n\n<li>Dogs welcome<\/li>\n\n\n\n<li>Same day express laundry<\/li>\n\n\n\n<li>Fitness centre and sauna<\/li>\n\n\n\n<li>Conference rooms<\/li>\n\n\n\n<li>Early check-in option<\/li>\n\n\n\n<li>Late check-out option<\/li>\n\n\n\n<li>Express check-out<\/li>\n\n\n\n<li>Car rental<\/li>\n\n\n\n<li>Close to public transport<\/li>\n\n\n\n<li>Business centre<\/li>\n\n\n\n<li>Barrier-free facilities<\/li>\n<\/ul>","protected":false},"excerpt":{"rendered":"<p>Diplomat Hotel Prague nab\u00edz\u00ed host\u016fm v\u00fdjime\u010dn\u00e9 z\u00e1zem\u00ed v hlavn\u00edm m\u011bst\u011b \u010cesk\u00e9 republiky. U\u017eijte si slu\u017eby recepce otev\u0159en\u00e9 24\/7 a vysokorychlostn\u00ed Wi-Fi, zat\u00edmco se pohodln\u011b zabydl\u00edte. Dv\u011b jedine\u010dn\u00e9 restaurace l\u00e1kaj\u00ed na delik\u00e1tn\u00ed mezin\u00e1rodn\u00ed kuchyni. Na\u0161i host\u00e9 mohou vyu\u017e\u00edt tak\u00e9 placen\u00fd vstup do fitness centra se saunou, modern\u00edm vybaven\u00edm a venkovn\u00ed tr\u00e9ninkovou z\u00f3nou. K dispozici je rovn\u011b\u017e [&hellip;]<\/p>\n","protected":false},"author":1,"featured_media":336,"parent":40,"menu_order":0,"comment_status":"closed","ping_status":"closed","template":"","meta":{"footnotes":""},"class_list":["post-44","page","type-page","status-publish","has-post-thumbnail","hentry"],"_links":{"self":[{"href":"https:\/\/www.hoteldiplomat.cz\/en\/wp-json\/wp\/v2\/pages\/44","targetHints":{"allow":["GET"]}}],"collection":[{"href":"https:\/\/www.hoteldiplomat.cz\/en\/wp-json\/wp\/v2\/pages"}],"about":[{"href":"https:\/\/www.hoteldiplomat.cz\/en\/wp-json\/wp\/v2\/types\/page"}],"author":[{"embeddable":true,"href":"https:\/\/www.hoteldiplomat.cz\/en\/wp-json\/wp\/v2\/users\/1"}],"replies":[{"embeddable":true,"href":"https:\/\/www.hoteldiplomat.cz\/en\/wp-json\/wp\/v2\/comments?post=44"}],"version-history":[{"count":0,"href":"https:\/\/www.hoteldiplomat.cz\/en\/wp-json\/wp\/v2\/pages\/44\/revisions"}],"up":[{"embeddable":true,"href":"https:\/\/www.hoteldiplomat.cz\/en\/wp-json\/wp\/v2\/pages\/40"}],"wp:featuredmedia":[{"embeddable":true,"href":"https:\/\/www.hoteldiplomat.cz\/en\/wp-json\/wp\/v2\/media\/336"}],"wp:attachment":[{"href":"https:\/\/www.hoteldiplomat.cz\/en\/wp-json\/wp\/v2\/media?parent=44"}],"curies":[{"name":"wp","href":"https:\/\/api.w.org\/{rel}","templated":true}]}}