{"id":46,"date":"2026-01-06T18:45:05","date_gmt":"2026-01-06T17:45:05","guid":{"rendered":"https:\/\/www.hoteldiplomat.cz\/?page_id=46"},"modified":"2026-01-16T14:56:16","modified_gmt":"2026-01-16T13:56:16","slug":"parking-lots","status":"publish","type":"page","link":"https:\/\/www.hoteldiplomat.cz\/en\/hotel\/parkoviste\/","title":{"rendered":"Parking"},"content":{"rendered":"<div class=\"wp-block-media-text has-media-on-the-right is-stacked-on-mobile\"><div class=\"wp-block-media-text__content\">\n<p>Finding a free parking space in the centre of Prague can be a challenge - Diplomat Hotel Prague offers guests a convenient solution with outdoor and garage parking right at the hotel. Enjoy peace and comfort without having to search for a space in the bustling city centre.<\/p>\n<\/div><figure class=\"wp-block-media-text__media\"><a href=\"https:\/\/www.hoteldiplomat.cz\/wp-content\/uploads\/2026\/01\/Diplomat-Hotel-Prague-Parokvani-Praha-Parking-02-scaled.webp\"><img loading=\"lazy\" decoding=\"async\" width=\"700\" height=\"467\" src=\"https:\/\/www.hoteldiplomat.cz\/wp-content\/uploads\/2026\/01\/Diplomat-Hotel-Prague-Parokvani-Praha-Parking-02-700x467.webp\" alt=\"Diplomat Hotel Prague - Parking 02\" class=\"wp-image-344 size-medium\" srcset=\"https:\/\/www.hoteldiplomat.cz\/wp-content\/uploads\/2026\/01\/Diplomat-Hotel-Prague-Parokvani-Praha-Parking-02-700x467.webp 700w, https:\/\/www.hoteldiplomat.cz\/wp-content\/uploads\/2026\/01\/Diplomat-Hotel-Prague-Parokvani-Praha-Parking-02-2000x1335.webp 2000w, https:\/\/www.hoteldiplomat.cz\/wp-content\/uploads\/2026\/01\/Diplomat-Hotel-Prague-Parokvani-Praha-Parking-02-18x12.webp 18w\" sizes=\"auto, (max-width: 700px) 100vw, 700px\" \/><\/a><\/figure><\/div>\n\n\n\n<div class=\"wp-block-media-text is-stacked-on-mobile\"><figure class=\"wp-block-media-text__media\"><a href=\"https:\/\/www.hoteldiplomat.cz\/wp-content\/uploads\/2026\/01\/Diplomat-Hotel-Prague-Parokvani-Praha-Parking-03-scaled.webp\"><img loading=\"lazy\" decoding=\"async\" width=\"700\" height=\"467\" src=\"https:\/\/www.hoteldiplomat.cz\/wp-content\/uploads\/2026\/01\/Diplomat-Hotel-Prague-Parokvani-Praha-Parking-03-700x467.webp\" alt=\"Diplomat Hotel Prague - Parking 03\" class=\"wp-image-343 size-medium\" srcset=\"https:\/\/www.hoteldiplomat.cz\/wp-content\/uploads\/2026\/01\/Diplomat-Hotel-Prague-Parokvani-Praha-Parking-03-700x467.webp 700w, https:\/\/www.hoteldiplomat.cz\/wp-content\/uploads\/2026\/01\/Diplomat-Hotel-Prague-Parokvani-Praha-Parking-03-2000x1333.webp 2000w, https:\/\/www.hoteldiplomat.cz\/wp-content\/uploads\/2026\/01\/Diplomat-Hotel-Prague-Parokvani-Praha-Parking-03-18x12.webp 18w\" sizes=\"auto, (max-width: 700px) 100vw, 700px\" \/><\/a><\/figure><div class=\"wp-block-media-text__content\">\n<p>Price: 400 CZK\/day outdoor, 800 CZK\/day garage parking<\/p>\n<\/div><\/div>\n\n\n\n<p><\/p>","protected":false},"excerpt":{"rendered":"<p>Hled\u00e1n\u00ed voln\u00e9ho m\u00edsta v centru Prahy m\u016f\u017ee b\u00fdt v\u00fdzvou \u2013 Diplomat Hotel Prague nab\u00edz\u00ed host\u016fm pohodln\u00e9 \u0159e\u0161en\u00ed s venkovn\u00edm i gar\u00e1\u017eov\u00fdm parkov\u00e1n\u00edm p\u0159\u00edmo u hotelu. U\u017eijte si klid a komfort, ani\u017e byste museli hledat m\u00edsto v ru\u0161n\u00e9m centru m\u011bsta. Cena: 400 CZK\/den venkovn\u00ed, 800 CZK\/den gar\u00e1\u017eov\u00e9 st\u00e1n\u00ed<\/p>","protected":false},"author":1,"featured_media":338,"parent":40,"menu_order":0,"comment_status":"closed","ping_status":"closed","template":"","meta":{"footnotes":""},"class_list":["post-46","page","type-page","status-publish","has-post-thumbnail","hentry"],"_links":{"self":[{"href":"https:\/\/www.hoteldiplomat.cz\/en\/wp-json\/wp\/v2\/pages\/46","targetHints":{"allow":["GET"]}}],"collection":[{"href":"https:\/\/www.hoteldiplomat.cz\/en\/wp-json\/wp\/v2\/pages"}],"about":[{"href":"https:\/\/www.hoteldiplomat.cz\/en\/wp-json\/wp\/v2\/types\/page"}],"author":[{"embeddable":true,"href":"https:\/\/www.hoteldiplomat.cz\/en\/wp-json\/wp\/v2\/users\/1"}],"replies":[{"embeddable":true,"href":"https:\/\/www.hoteldiplomat.cz\/en\/wp-json\/wp\/v2\/comments?post=46"}],"version-history":[{"count":0,"href":"https:\/\/www.hoteldiplomat.cz\/en\/wp-json\/wp\/v2\/pages\/46\/revisions"}],"up":[{"embeddable":true,"href":"https:\/\/www.hoteldiplomat.cz\/en\/wp-json\/wp\/v2\/pages\/40"}],"wp:featuredmedia":[{"embeddable":true,"href":"https:\/\/www.hoteldiplomat.cz\/en\/wp-json\/wp\/v2\/media\/338"}],"wp:attachment":[{"href":"https:\/\/www.hoteldiplomat.cz\/en\/wp-json\/wp\/v2\/media?parent=46"}],"curies":[{"name":"wp","href":"https:\/\/api.w.org\/{rel}","templated":true}]}}