{"id":50,"date":"2026-01-06T18:45:59","date_gmt":"2026-01-06T17:45:59","guid":{"rendered":"https:\/\/www.hoteldiplomat.cz\/?page_id=50"},"modified":"2026-01-22T22:49:44","modified_gmt":"2026-01-22T21:49:44","slug":"rooms","status":"publish","type":"page","link":"https:\/\/www.hoteldiplomat.cz\/en\/pokoje\/","title":{"rendered":"Rooms"},"content":{"rendered":"<p class=\"has-text-align-center\">In our 400 non-smoking rooms and suites, designed in elegant tones and quality materials, you will find a comfortable environment that you will quickly come to love. Wake up in a comfortable bed and prepare for a new day in the bright bathroom, where modern details, extra-fine towels and thoughtful amenities contribute to a sense of calm and comfort.<\/p>\n\n\n\n<div style=\"height:50px\" aria-hidden=\"true\" class=\"wp-block-spacer\"><\/div>\n\n\n\n<div class=\"wp-block-columns is-layout-flex wp-container-core-columns-is-layout-9d6595d7 wp-block-columns-is-layout-flex\">\n<div class=\"wp-block-column is-layout-flow wp-block-column-is-layout-flow\">\n<figure class=\"wp-block-image size-medium\"><a href=\"https:\/\/www.hoteldiplomat.cz\/en\/rooms\/superior-single-room\/\"><img loading=\"lazy\" decoding=\"async\" width=\"700\" height=\"478\" src=\"https:\/\/www.hoteldiplomat.cz\/wp-content\/uploads\/2026\/01\/Superior-Single-Room-2-832-700x478.webp\" alt=\"Superior Single Room 2 (832)\" class=\"wp-image-216\" style=\"aspect-ratio:4\/3;object-fit:cover\" srcset=\"https:\/\/www.hoteldiplomat.cz\/wp-content\/uploads\/2026\/01\/Superior-Single-Room-2-832-700x478.webp 700w, https:\/\/www.hoteldiplomat.cz\/wp-content\/uploads\/2026\/01\/Superior-Single-Room-2-832-2000x1366.webp 2000w, https:\/\/www.hoteldiplomat.cz\/wp-content\/uploads\/2026\/01\/Superior-Single-Room-2-832-18x12.webp 18w\" sizes=\"auto, (max-width: 700px) 100vw, 700px\" \/><\/a><\/figure>\n\n\n\n<h3 class=\"wp-block-heading\"><a href=\"https:\/\/www.hoteldiplomat.cz\/en\/rooms\/superior-single-room\/\">Superior Single Room<\/a><\/h3>\n\n\n\n<p><strong>Modern single room<\/strong> with a comfortable bed offers the ideal combination of comfort and practicality for relaxation.<\/p>\n\n\n\n<div class=\"wp-block-buttons is-layout-flex wp-block-buttons-is-layout-flex\">\n<div class=\"wp-block-button rezervace\"><a class=\"wp-block-button__link wp-element-button\" href=\"https:\/\/hoteldiplomat.book-onlinenow.net\/index.aspx?Page=1&amp;lan_id=en-EN\" target=\"_blank\" rel=\"\">Book now<\/a><\/div>\n<\/div>\n<\/div>\n\n\n\n<div class=\"wp-block-column is-layout-flow wp-block-column-is-layout-flow\">\n<figure class=\"wp-block-image size-medium\"><a href=\"https:\/\/www.hoteldiplomat.cz\/en\/rooms\/superior-double-room\/\"><img loading=\"lazy\" decoding=\"async\" width=\"700\" height=\"483\" src=\"https:\/\/www.hoteldiplomat.cz\/wp-content\/uploads\/2026\/01\/Executive-Double-Room-700x483.webp\" alt=\"Executive Double Room\" class=\"wp-image-228\" style=\"aspect-ratio:4\/3;object-fit:cover\" srcset=\"https:\/\/www.hoteldiplomat.cz\/wp-content\/uploads\/2026\/01\/Executive-Double-Room-700x483.webp 700w, https:\/\/www.hoteldiplomat.cz\/wp-content\/uploads\/2026\/01\/Executive-Double-Room-2000x1380.webp 2000w, https:\/\/www.hoteldiplomat.cz\/wp-content\/uploads\/2026\/01\/Executive-Double-Room-18x12.webp 18w\" sizes=\"auto, (max-width: 700px) 100vw, 700px\" \/><\/a><\/figure>\n\n\n\n<h3 class=\"wp-block-heading\"><a href=\"https:\/\/www.hoteldiplomat.cz\/en\/rooms\/superior-double-room\/\">Superior Double Room<\/a><\/h3>\n\n\n\n<p><strong>Modern double room<\/strong> with a comfortable double bed offers the ideal combination of comfort and practicality for relaxation.<\/p>\n\n\n\n<div class=\"wp-block-buttons is-layout-flex wp-block-buttons-is-layout-flex\">\n<div class=\"wp-block-button rezervace\"><a class=\"wp-block-button__link wp-element-button\" href=\"https:\/\/hoteldiplomat.book-onlinenow.net\/index.aspx?Page=1&amp;lan_id=en-EN\" target=\"_blank\" rel=\"\">Book now<\/a><\/div>\n<\/div>\n<\/div>\n\n\n\n<div class=\"wp-block-column is-layout-flow wp-block-column-is-layout-flow\">\n<figure class=\"wp-block-image size-medium\"><a href=\"https:\/\/www.hoteldiplomat.cz\/en\/rooms\/superior-twin-room\/\"><img loading=\"lazy\" decoding=\"async\" width=\"700\" height=\"471\" src=\"https:\/\/www.hoteldiplomat.cz\/wp-content\/uploads\/2026\/01\/Superior-Twin-Room-515-700x471.webp\" alt=\"Superior Twin Room (515)\" class=\"wp-image-215\" style=\"aspect-ratio:4\/3;object-fit:cover\" srcset=\"https:\/\/www.hoteldiplomat.cz\/wp-content\/uploads\/2026\/01\/Superior-Twin-Room-515-700x471.webp 700w, https:\/\/www.hoteldiplomat.cz\/wp-content\/uploads\/2026\/01\/Superior-Twin-Room-515-2000x1344.webp 2000w, https:\/\/www.hoteldiplomat.cz\/wp-content\/uploads\/2026\/01\/Superior-Twin-Room-515-18x12.webp 18w\" sizes=\"auto, (max-width: 700px) 100vw, 700px\" \/><\/a><\/figure>\n\n\n\n<h3 class=\"wp-block-heading\"><a href=\"https:\/\/www.hoteldiplomat.cz\/en\/rooms\/superior-double-room\/\"><\/a><a href=\"https:\/\/www.hoteldiplomat.cz\/en\/rooms\/superior-twin-room\/\">Superior Twin Room<\/a><\/h3>\n\n\n\n<p><strong>Modern double room<\/strong> with twin comfortable beds offers the ideal combination of comfort and practicality for relaxation.<\/p>\n\n\n\n<div class=\"wp-block-buttons is-layout-flex wp-block-buttons-is-layout-flex\">\n<div class=\"wp-block-button rezervace\"><a class=\"wp-block-button__link wp-element-button\" href=\"https:\/\/hoteldiplomat.book-onlinenow.net\/index.aspx?Page=1&amp;lan_id=en-EN\" target=\"_blank\" rel=\"\">Book now<\/a><\/div>\n<\/div>\n<\/div>\n<\/div>\n\n\n\n<div class=\"wp-block-columns is-layout-flex wp-container-core-columns-is-layout-9d6595d7 wp-block-columns-is-layout-flex\">\n<div class=\"wp-block-column is-layout-flow wp-block-column-is-layout-flow\">\n<figure class=\"wp-block-image size-medium\"><a href=\"https:\/\/www.hoteldiplomat.cz\/en\/rooms\/superior-triple-room\/\"><img loading=\"lazy\" decoding=\"async\" width=\"700\" height=\"467\" src=\"https:\/\/www.hoteldiplomat.cz\/wp-content\/uploads\/2026\/01\/Diplomat-Hotel-Prague-Hotel-Praha-Superior-Triple-Room-01-700x467.webp\" alt=\"Diplomat Hotel Prague - Hotel Prague - Superior Triple Room 01\" class=\"wp-image-433\" style=\"aspect-ratio:4\/3;object-fit:cover\" srcset=\"https:\/\/www.hoteldiplomat.cz\/wp-content\/uploads\/2026\/01\/Diplomat-Hotel-Prague-Hotel-Praha-Superior-Triple-Room-01-700x467.webp 700w, https:\/\/www.hoteldiplomat.cz\/wp-content\/uploads\/2026\/01\/Diplomat-Hotel-Prague-Hotel-Praha-Superior-Triple-Room-01-2000x1334.webp 2000w, https:\/\/www.hoteldiplomat.cz\/wp-content\/uploads\/2026\/01\/Diplomat-Hotel-Prague-Hotel-Praha-Superior-Triple-Room-01-18x12.webp 18w\" sizes=\"auto, (max-width: 700px) 100vw, 700px\" \/><\/a><\/figure>\n\n\n\n<h3 class=\"wp-block-heading\"><a href=\"https:\/\/www.hoteldiplomat.cz\/en\/rooms\/superior-single-room\/\"><\/a><a href=\"https:\/\/www.hoteldiplomat.cz\/en\/rooms\/superior-triple-room\/\">Superior Triple Room<\/a><\/h3>\n\n\n\n<p><strong>Modern triple room<\/strong> offers the ideal combination of comfort and practicality for relaxation.<\/p>\n\n\n\n<div class=\"wp-block-buttons is-layout-flex wp-block-buttons-is-layout-flex\">\n<div class=\"wp-block-button rezervace\"><a class=\"wp-block-button__link wp-element-button\" href=\"https:\/\/hoteldiplomat.book-onlinenow.net\/index.aspx?Page=1&amp;lan_id=en-EN\" target=\"_blank\" rel=\"\">Book now<\/a><\/div>\n<\/div>\n<\/div>\n\n\n\n<div class=\"wp-block-column is-layout-flow wp-block-column-is-layout-flow\">\n<figure class=\"wp-block-image size-medium\"><a href=\"https:\/\/www.hoteldiplomat.cz\/en\/rooms\/executive-double-room\/\"><img loading=\"lazy\" decoding=\"async\" width=\"700\" height=\"470\" src=\"https:\/\/www.hoteldiplomat.cz\/wp-content\/uploads\/2026\/01\/Diplomat-Hotel-Prague-Hotel-Praha-Executive-Double-Room-01-700x470.webp\" alt=\"\" class=\"wp-image-450\" style=\"aspect-ratio:4\/3;object-fit:cover\" srcset=\"https:\/\/www.hoteldiplomat.cz\/wp-content\/uploads\/2026\/01\/Diplomat-Hotel-Prague-Hotel-Praha-Executive-Double-Room-01-700x470.webp 700w, https:\/\/www.hoteldiplomat.cz\/wp-content\/uploads\/2026\/01\/Diplomat-Hotel-Prague-Hotel-Praha-Executive-Double-Room-01-18x12.webp 18w, https:\/\/www.hoteldiplomat.cz\/wp-content\/uploads\/2026\/01\/Diplomat-Hotel-Prague-Hotel-Praha-Executive-Double-Room-01.webp 1920w\" sizes=\"auto, (max-width: 700px) 100vw, 700px\" \/><\/a><\/figure>\n\n\n\n<h3 class=\"wp-block-heading\"><a href=\"https:\/\/www.hoteldiplomat.cz\/en\/rooms\/superior-double-room\/\"><\/a><a href=\"https:\/\/www.hoteldiplomat.cz\/en\/rooms\/executive-double-room\/\">Executive Double Room<\/a><\/h3>\n\n\n\n<p><strong>Elegant Executive Room<\/strong> on the upper floors with elegant design, comfortable double bed and executive benefits for rest and work.<\/p>\n\n\n\n<div class=\"wp-block-buttons is-layout-flex wp-block-buttons-is-layout-flex\">\n<div class=\"wp-block-button\"><a class=\"wp-block-button__link wp-element-button\" href=\"#!\">Book now<\/a><\/div>\n<\/div>\n<\/div>\n\n\n\n<div class=\"wp-block-column is-layout-flow wp-block-column-is-layout-flow\">\n<figure class=\"wp-block-image size-medium\"><a href=\"https:\/\/www.hoteldiplomat.cz\/en\/rooms\/executive-twin-room\/\"><img loading=\"lazy\" decoding=\"async\" width=\"700\" height=\"467\" src=\"https:\/\/www.hoteldiplomat.cz\/wp-content\/uploads\/2026\/01\/Diplomat-Hotel-Prague-Hotel-Praha-Executive-Twin-Room-01-700x467.webp\" alt=\"Diplomat Hotel Prague - Hotel Prague - Executive Twin Room 01\" class=\"wp-image-454\" style=\"aspect-ratio:4\/3;object-fit:cover\" srcset=\"https:\/\/www.hoteldiplomat.cz\/wp-content\/uploads\/2026\/01\/Diplomat-Hotel-Prague-Hotel-Praha-Executive-Twin-Room-01-700x467.webp 700w, https:\/\/www.hoteldiplomat.cz\/wp-content\/uploads\/2026\/01\/Diplomat-Hotel-Prague-Hotel-Praha-Executive-Twin-Room-01-2000x1334.webp 2000w, https:\/\/www.hoteldiplomat.cz\/wp-content\/uploads\/2026\/01\/Diplomat-Hotel-Prague-Hotel-Praha-Executive-Twin-Room-01-18x12.webp 18w\" sizes=\"auto, (max-width: 700px) 100vw, 700px\" \/><\/a><\/figure>\n\n\n\n<h3 class=\"wp-block-heading\"><a href=\"https:\/\/www.hoteldiplomat.cz\/en\/rooms\/superior-double-room\/\"><\/a><a href=\"https:\/\/www.hoteldiplomat.cz\/en\/rooms\/superior-twin-room\/\"><\/a><a href=\"https:\/\/www.hoteldiplomat.cz\/en\/rooms\/executive-twin-room\/\">Executive Twin Room<\/a><\/h3>\n\n\n\n<p><strong>Elegant Executive Room<\/strong> on the upper floors with elegant design, separate comfortable beds and executive benefits for rest and work.<\/p>\n\n\n\n<div class=\"wp-block-buttons is-layout-flex wp-block-buttons-is-layout-flex\">\n<div class=\"wp-block-button rezervace\"><a class=\"wp-block-button__link wp-element-button\" href=\"https:\/\/hoteldiplomat.book-onlinenow.net\/index.aspx?Page=1&amp;lan_id=en-EN\" target=\"_blank\" rel=\"\">Book now<\/a><\/div>\n<\/div>\n<\/div>\n<\/div>\n\n\n\n<div class=\"wp-block-columns is-layout-flex wp-container-core-columns-is-layout-9d6595d7 wp-block-columns-is-layout-flex\">\n<div class=\"wp-block-column is-layout-flow wp-block-column-is-layout-flow\">\n<figure class=\"wp-block-image size-medium\"><a href=\"https:\/\/www.hoteldiplomat.cz\/en\/rooms\/executive-double-room-with-a-view-of-prague-castle\/\"><img loading=\"lazy\" decoding=\"async\" width=\"700\" height=\"467\" src=\"https:\/\/www.hoteldiplomat.cz\/wp-content\/uploads\/2026\/01\/Executive-Double-Room-3-803-700x467.webp\" alt=\"Executive Double Room 3 (803)\" class=\"wp-image-227\" style=\"aspect-ratio:4\/3;object-fit:cover\" srcset=\"https:\/\/www.hoteldiplomat.cz\/wp-content\/uploads\/2026\/01\/Executive-Double-Room-3-803-700x467.webp 700w, https:\/\/www.hoteldiplomat.cz\/wp-content\/uploads\/2026\/01\/Executive-Double-Room-3-803-2000x1334.webp 2000w, https:\/\/www.hoteldiplomat.cz\/wp-content\/uploads\/2026\/01\/Executive-Double-Room-3-803-18x12.webp 18w\" sizes=\"auto, (max-width: 700px) 100vw, 700px\" \/><\/a><\/figure>\n\n\n\n<h3 class=\"wp-block-heading\"><a href=\"https:\/\/www.hoteldiplomat.cz\/en\/rooms\/superior-single-room\/\"><\/a><a href=\"https:\/\/www.hoteldiplomat.cz\/en\/rooms\/superior-triple-room\/\"><\/a><a href=\"https:\/\/www.hoteldiplomat.cz\/en\/rooms\/executive-dvouluzkovy-pokoj-s-vyhledem-na-prazsky-hrad\/\"><\/a><a href=\"https:\/\/www.hoteldiplomat.cz\/en\/rooms\/executive-double-room-with-a-view-of-prague-castle\/\" data-type=\"page\" data-id=\"65\">Executive Double Room with a view of Prague Castle<\/a><\/h3>\n\n\n\n<p>Wake up every morning at&nbsp;<strong>room with a view<\/strong> to one of Prague's most beautiful monuments.&nbsp;<\/p>\n\n\n\n<div class=\"wp-block-buttons is-layout-flex wp-block-buttons-is-layout-flex\">\n<div class=\"wp-block-button rezervace\"><a class=\"wp-block-button__link wp-element-button\" href=\"https:\/\/hoteldiplomat.book-onlinenow.net\/index.aspx?Page=1&amp;lan_id=en-EN\" target=\"_blank\" rel=\"\">Book now<\/a><\/div>\n<\/div>\n<\/div>\n\n\n\n<div class=\"wp-block-column is-layout-flow wp-block-column-is-layout-flow\">\n<figure class=\"wp-block-image size-medium\"><a href=\"https:\/\/www.hoteldiplomat.cz\/en\/rooms\/junior-suite\/\"><img loading=\"lazy\" decoding=\"async\" width=\"700\" height=\"460\" src=\"https:\/\/www.hoteldiplomat.cz\/wp-content\/uploads\/2026\/01\/Junior-Suite-3-522-700x460.webp\" alt=\"Junior Suite 3 (522)\" class=\"wp-image-223\" style=\"aspect-ratio:4\/3;object-fit:cover\" srcset=\"https:\/\/www.hoteldiplomat.cz\/wp-content\/uploads\/2026\/01\/Junior-Suite-3-522-700x460.webp 700w, https:\/\/www.hoteldiplomat.cz\/wp-content\/uploads\/2026\/01\/Junior-Suite-3-522-2000x1316.webp 2000w, https:\/\/www.hoteldiplomat.cz\/wp-content\/uploads\/2026\/01\/Junior-Suite-3-522-18x12.webp 18w\" sizes=\"auto, (max-width: 700px) 100vw, 700px\" \/><\/a><\/figure>\n\n\n\n<h3 class=\"wp-block-heading\"><a href=\"https:\/\/www.hoteldiplomat.cz\/en\/rooms\/superior-double-room\/\"><\/a><a href=\"https:\/\/www.hoteldiplomat.cz\/en\/rooms\/executive-double-room\/\"><\/a><a href=\"https:\/\/www.hoteldiplomat.cz\/en\/rooms\/junior-suite\/\">Junior Suite<\/a><\/h3>\n\n\n\n<p>The space, which is divided into one room <strong>two separate zones<\/strong> - part with a double bed and a relaxing part with an armchair.<\/p>\n\n\n\n<div class=\"wp-block-buttons is-layout-flex wp-block-buttons-is-layout-flex\">\n<div class=\"wp-block-button rezervace\"><a class=\"wp-block-button__link wp-element-button\" href=\"https:\/\/hoteldiplomat.book-onlinenow.net\/index.aspx?Page=1&amp;lan_id=en-EN\" target=\"_blank\" rel=\"\">Book now<\/a><\/div>\n<\/div>\n<\/div>\n\n\n\n<div class=\"wp-block-column is-layout-flow wp-block-column-is-layout-flow\">\n<figure class=\"wp-block-image size-medium\"><a href=\"https:\/\/www.hoteldiplomat.cz\/en\/rooms\/family-junior-suite\/\"><img loading=\"lazy\" decoding=\"async\" width=\"700\" height=\"454\" src=\"https:\/\/www.hoteldiplomat.cz\/wp-content\/uploads\/2026\/01\/Family-Junior-Suite-822-700x454.webp\" alt=\"Family Junior Suite (822)\" class=\"wp-image-226\" style=\"aspect-ratio:4\/3;object-fit:cover\" srcset=\"https:\/\/www.hoteldiplomat.cz\/wp-content\/uploads\/2026\/01\/Family-Junior-Suite-822-700x454.webp 700w, https:\/\/www.hoteldiplomat.cz\/wp-content\/uploads\/2026\/01\/Family-Junior-Suite-822-2000x1298.webp 2000w, https:\/\/www.hoteldiplomat.cz\/wp-content\/uploads\/2026\/01\/Family-Junior-Suite-822-18x12.webp 18w\" sizes=\"auto, (max-width: 700px) 100vw, 700px\" \/><\/a><\/figure>\n\n\n\n<h3 class=\"wp-block-heading\"><a href=\"https:\/\/www.hoteldiplomat.cz\/en\/rooms\/superior-double-room\/\"><\/a><a href=\"https:\/\/www.hoteldiplomat.cz\/en\/rooms\/superior-twin-room\/\"><\/a><a href=\"https:\/\/www.hoteldiplomat.cz\/en\/rooms\/executive-twin-room\/\"><\/a><a href=\"https:\/\/www.hoteldiplomat.cz\/en\/rooms\/family-junior-suite\/\">Family Junior Suite<\/a><\/h3>\n\n\n\n<p>The space, which is divided into one room <strong>two separate zones<\/strong> - part with a double bed and a relaxing part with a comfortable seating area.<\/p>\n\n\n\n<div class=\"wp-block-buttons is-layout-flex wp-block-buttons-is-layout-flex\">\n<div class=\"wp-block-button rezervace\"><a class=\"wp-block-button__link wp-element-button\" href=\"https:\/\/hoteldiplomat.book-onlinenow.net\/index.aspx?Page=1&amp;lan_id=en-EN\" target=\"_blank\" rel=\"\">Book now<\/a><\/div>\n<\/div>\n<\/div>\n<\/div>\n\n\n\n<div class=\"wp-block-columns is-layout-flex wp-container-core-columns-is-layout-9d6595d7 wp-block-columns-is-layout-flex\">\n<div class=\"wp-block-column is-layout-flow wp-block-column-is-layout-flow\">\n<figure class=\"wp-block-image size-medium\"><a href=\"https:\/\/www.hoteldiplomat.cz\/en\/rooms\/suite\/\"><img loading=\"lazy\" decoding=\"async\" width=\"700\" height=\"467\" src=\"https:\/\/www.hoteldiplomat.cz\/wp-content\/uploads\/2026\/01\/Diplomat-Hotel-Prague-Hotel-Praha-Senior-Suite-01-700x467.webp\" alt=\"Diplomat Hotel Prague - Hotel Prague - Senior Suite 01\" class=\"wp-image-462\" style=\"aspect-ratio:4\/3;object-fit:cover\" srcset=\"https:\/\/www.hoteldiplomat.cz\/wp-content\/uploads\/2026\/01\/Diplomat-Hotel-Prague-Hotel-Praha-Senior-Suite-01-700x467.webp 700w, https:\/\/www.hoteldiplomat.cz\/wp-content\/uploads\/2026\/01\/Diplomat-Hotel-Prague-Hotel-Praha-Senior-Suite-01-2000x1334.webp 2000w, https:\/\/www.hoteldiplomat.cz\/wp-content\/uploads\/2026\/01\/Diplomat-Hotel-Prague-Hotel-Praha-Senior-Suite-01-18x12.webp 18w\" sizes=\"auto, (max-width: 700px) 100vw, 700px\" \/><\/a><\/figure>\n\n\n\n<h3 class=\"wp-block-heading\"><a href=\"https:\/\/www.hoteldiplomat.cz\/en\/rooms\/suite\/\" data-type=\"page\" data-id=\"71\">Suite<\/a><\/h3>\n\n\n\n<p><strong>Suite with 38 m\u00b2<\/strong> offers an ideal environment for guests seeking relaxation and working comfort.<\/p>\n\n\n\n<div class=\"wp-block-buttons is-layout-flex wp-block-buttons-is-layout-flex\">\n<div class=\"wp-block-button rezervace\"><a class=\"wp-block-button__link wp-element-button\" href=\"https:\/\/hoteldiplomat.book-onlinenow.net\/index.aspx?Page=1&amp;lan_id=en-EN\" target=\"_blank\" rel=\"\">Book now<\/a><\/div>\n<\/div>\n<\/div>\n\n\n\n<div class=\"wp-block-column is-layout-flow wp-block-column-is-layout-flow\">\n<figure class=\"wp-block-image size-medium\"><a href=\"https:\/\/www.hoteldiplomat.cz\/en\/rooms\/deluxe-family-connecting-room\/\"><img loading=\"lazy\" decoding=\"async\" width=\"700\" height=\"488\" src=\"https:\/\/www.hoteldiplomat.cz\/wp-content\/uploads\/2026\/01\/Deluxe-Family-Connecting-Room-835-700x488.webp\" alt=\"Deluxe Family (Connecting) Room (835)\" class=\"wp-image-239\" style=\"aspect-ratio:4\/3;object-fit:cover\" srcset=\"https:\/\/www.hoteldiplomat.cz\/wp-content\/uploads\/2026\/01\/Deluxe-Family-Connecting-Room-835-700x488.webp 700w, https:\/\/www.hoteldiplomat.cz\/wp-content\/uploads\/2026\/01\/Deluxe-Family-Connecting-Room-835-2000x1394.webp 2000w, https:\/\/www.hoteldiplomat.cz\/wp-content\/uploads\/2026\/01\/Deluxe-Family-Connecting-Room-835-18x12.webp 18w\" sizes=\"auto, (max-width: 700px) 100vw, 700px\" \/><\/a><\/figure>\n\n\n\n<h3 class=\"wp-block-heading\"><a href=\"https:\/\/www.hoteldiplomat.cz\/en\/rooms\/superior-double-room\/\"><\/a><a href=\"https:\/\/www.hoteldiplomat.cz\/en\/rooms\/executive-double-room\/\"><\/a><a href=\"https:\/\/www.hoteldiplomat.cz\/en\/rooms\/junior-suite\/\"><\/a><a href=\"https:\/\/www.hoteldiplomat.cz\/en\/rooms\/deluxe-family-connecting-room\/\">Deluxe Family (Connecting) Room<\/a><\/h3>\n\n\n\n<p>Deluxe Family (Connecting) Room is ideal for <strong>families or groups of up to 4 people<\/strong>, seeking comfort and privacy.<\/p>\n\n\n\n<div class=\"wp-block-buttons is-layout-flex wp-block-buttons-is-layout-flex\">\n<div class=\"wp-block-button rezervace\"><a class=\"wp-block-button__link wp-element-button\" href=\"https:\/\/hoteldiplomat.book-onlinenow.net\/index.aspx?Page=1&amp;lan_id=en-EN\" target=\"_blank\" rel=\"\">Book now<\/a><\/div>\n<\/div>\n<\/div>\n\n\n\n<div class=\"wp-block-column is-layout-flow wp-block-column-is-layout-flow\">\n<figure class=\"wp-block-image size-medium\"><a href=\"https:\/\/www.hoteldiplomat.cz\/en\/rooms\/barrier-free-room\/\"><img loading=\"lazy\" decoding=\"async\" width=\"700\" height=\"467\" src=\"https:\/\/www.hoteldiplomat.cz\/wp-content\/uploads\/2026\/01\/Bezbarierovy-pokoj-03-700x467.webp\" alt=\"Accessible room 03\" class=\"wp-image-436\" style=\"aspect-ratio:4\/3;object-fit:cover\" srcset=\"https:\/\/www.hoteldiplomat.cz\/wp-content\/uploads\/2026\/01\/Bezbarierovy-pokoj-03-700x467.webp 700w, https:\/\/www.hoteldiplomat.cz\/wp-content\/uploads\/2026\/01\/Bezbarierovy-pokoj-03-2000x1334.webp 2000w, https:\/\/www.hoteldiplomat.cz\/wp-content\/uploads\/2026\/01\/Bezbarierovy-pokoj-03-18x12.webp 18w\" sizes=\"auto, (max-width: 700px) 100vw, 700px\" \/><\/a><\/figure>\n\n\n\n<h3 class=\"wp-block-heading\"><a href=\"https:\/\/www.hoteldiplomat.cz\/en\/rooms\/superior-double-room\/\"><\/a><a href=\"https:\/\/www.hoteldiplomat.cz\/en\/rooms\/superior-twin-room\/\"><\/a><a href=\"https:\/\/www.hoteldiplomat.cz\/en\/rooms\/executive-twin-room\/\"><\/a><a href=\"https:\/\/www.hoteldiplomat.cz\/en\/rooms\/family-junior-suite\/\"><\/a><a href=\"https:\/\/www.hoteldiplomat.cz\/en\/rooms\/diplomat-suite\/\"><\/a><a href=\"https:\/\/www.hoteldiplomat.cz\/en\/rooms\/barrier-free-room\/\">Disabled room<\/a><\/h3>\n\n\n\n<p>The wheelchair accessible room offers a comfortable and <strong>safe accommodation<\/strong> for guests with reduced mobility.<\/p>\n<\/div>\n<\/div>\n\n\n\n<div class=\"wp-block-columns is-layout-flex wp-container-core-columns-is-layout-9d6595d7 wp-block-columns-is-layout-flex\">\n<div class=\"wp-block-column is-layout-flow wp-block-column-is-layout-flow\">\n<figure class=\"wp-block-image size-medium\"><a href=\"https:\/\/www.hoteldiplomat.cz\/en\/rooms\/diplomat-suite\/\"><img loading=\"lazy\" decoding=\"async\" width=\"700\" height=\"506\" src=\"https:\/\/www.hoteldiplomat.cz\/wp-content\/uploads\/2026\/01\/Diplomat-Suite-2-861-700x506.webp\" alt=\"Diplomat Suite 2 (861)\" class=\"wp-image-234\" style=\"aspect-ratio:4\/3;object-fit:cover\" srcset=\"https:\/\/www.hoteldiplomat.cz\/wp-content\/uploads\/2026\/01\/Diplomat-Suite-2-861-700x506.webp 700w, https:\/\/www.hoteldiplomat.cz\/wp-content\/uploads\/2026\/01\/Diplomat-Suite-2-861-2000x1446.webp 2000w, https:\/\/www.hoteldiplomat.cz\/wp-content\/uploads\/2026\/01\/Diplomat-Suite-2-861-18x12.webp 18w\" sizes=\"auto, (max-width: 700px) 100vw, 700px\" \/><\/a><\/figure>\n\n\n\n<h3 class=\"wp-block-heading\"><a href=\"https:\/\/www.hoteldiplomat.cz\/en\/rooms\/superior-double-room\/\"><\/a><a href=\"https:\/\/www.hoteldiplomat.cz\/en\/rooms\/superior-twin-room\/\"><\/a><a href=\"https:\/\/www.hoteldiplomat.cz\/en\/rooms\/executive-twin-room\/\"><\/a><a href=\"https:\/\/www.hoteldiplomat.cz\/en\/rooms\/family-junior-suite\/\"><\/a><a href=\"https:\/\/www.hoteldiplomat.cz\/en\/rooms\/diplomat-suite\/\">Diplomat Suite<\/a><\/h3>\n\n\n\n<p><strong>Diplomat Suite with 58 m\u00b2<\/strong> offers an ideal environment for guests seeking a combination of relaxation and working comfort.<\/p>\n\n\n\n<div class=\"wp-block-buttons is-layout-flex wp-block-buttons-is-layout-flex\">\n<div class=\"wp-block-button rezervace\"><a class=\"wp-block-button__link wp-element-button\" href=\"https:\/\/hoteldiplomat.book-onlinenow.net\/index.aspx?Page=1&amp;lan_id=en-EN\" target=\"_blank\" rel=\"\">Book now<\/a><\/div>\n<\/div>\n<\/div>\n\n\n\n<div class=\"wp-block-column is-layout-flow wp-block-column-is-layout-flow\"><\/div>\n\n\n\n<div class=\"wp-block-column is-layout-flow wp-block-column-is-layout-flow\"><\/div>\n<\/div>\n\n\n\n<p><\/p>","protected":false},"excerpt":{"rendered":"<p>V na\u0161ich 400 neku\u0159\u00e1ck\u00fdch pokoj\u00edch a apartm\u00e1, navr\u017een\u00fdch v elegantn\u00edch t\u00f3nech a z kvalitn\u00edch materi\u00e1l\u016f, naleznete p\u0159\u00edjemn\u00e9 z\u00e1zem\u00ed, kter\u00e9 si rychle obl\u00edb\u00edte. Probu\u010fte se v pohodln\u00e9 posteli a p\u0159ipravte se na nov\u00fd den ve sv\u011btl\u00e9 koupeln\u011b, kde modern\u00ed detaily, mimo\u0159\u00e1dn\u011b jemn\u00e9 ru\u010dn\u00edky a promy\u0161len\u00e9 vybaven\u00ed p\u0159isp\u00edvaj\u00ed k pocitu klidu a pohodl\u00ed. Superior Single Room Modern\u00ed [&hellip;]<\/p>\n","protected":false},"author":1,"featured_media":216,"parent":0,"menu_order":0,"comment_status":"closed","ping_status":"closed","template":"","meta":{"footnotes":""},"class_list":["post-50","page","type-page","status-publish","has-post-thumbnail","hentry"],"_links":{"self":[{"href":"https:\/\/www.hoteldiplomat.cz\/en\/wp-json\/wp\/v2\/pages\/50","targetHints":{"allow":["GET"]}}],"collection":[{"href":"https:\/\/www.hoteldiplomat.cz\/en\/wp-json\/wp\/v2\/pages"}],"about":[{"href":"https:\/\/www.hoteldiplomat.cz\/en\/wp-json\/wp\/v2\/types\/page"}],"author":[{"embeddable":true,"href":"https:\/\/www.hoteldiplomat.cz\/en\/wp-json\/wp\/v2\/users\/1"}],"replies":[{"embeddable":true,"href":"https:\/\/www.hoteldiplomat.cz\/en\/wp-json\/wp\/v2\/comments?post=50"}],"version-history":[{"count":2,"href":"https:\/\/www.hoteldiplomat.cz\/en\/wp-json\/wp\/v2\/pages\/50\/revisions"}],"predecessor-version":[{"id":662,"href":"https:\/\/www.hoteldiplomat.cz\/en\/wp-json\/wp\/v2\/pages\/50\/revisions\/662"}],"wp:featuredmedia":[{"embeddable":true,"href":"https:\/\/www.hoteldiplomat.cz\/en\/wp-json\/wp\/v2\/media\/216"}],"wp:attachment":[{"href":"https:\/\/www.hoteldiplomat.cz\/en\/wp-json\/wp\/v2\/media?parent=50"}],"curies":[{"name":"wp","href":"https:\/\/api.w.org\/{rel}","templated":true}]}}