{"id":58,"date":"2026-01-06T18:47:00","date_gmt":"2026-01-06T17:47:00","guid":{"rendered":"https:\/\/www.hoteldiplomat.cz\/?page_id=58"},"modified":"2026-01-22T22:51:41","modified_gmt":"2026-01-22T21:51:41","slug":"superior-triple-room","status":"publish","type":"page","link":"https:\/\/www.hoteldiplomat.cz\/en\/pokoje\/superior-triple-room\/","title":{"rendered":"Superior Triple Room"},"content":{"rendered":"<p>Modern triple room with <strong>three beds<\/strong> offers the ideal combination of comfort and functionality that guests will appreciate after a day of exploring Prague or a busy day at work.<\/p>\n\n\n\n<ul class=\"wp-block-list two\">\n<li>Free high-speed Wi-Fi<\/li>\n\n\n\n<li>Flat-screen satellite TV<\/li>\n\n\n\n<li>Writing desk<\/li>\n\n\n\n<li>Safe \/ safe deposit box<\/li>\n\n\n\n<li>Hairdryer<\/li>\n\n\n\n<li>Coffee and tea set<\/li>\n<\/ul>\n\n\n\n<figure class=\"wp-block-gallery has-nested-images columns-default is-cropped wp-block-gallery-1 is-layout-flex wp-block-gallery-is-layout-flex\">\n<figure data-wp-context=\"{&quot;imageId&quot;:&quot;69ef51751ba9a&quot;}\" data-wp-interactive=\"core\/image\" data-wp-key=\"69ef51751ba9a\" class=\"wp-block-image size-medium wp-lightbox-container\"><img loading=\"lazy\" decoding=\"async\" width=\"700\" height=\"467\" data-wp-class--hide=\"state.isContentHidden\" data-wp-class--show=\"state.isContentVisible\" data-wp-init=\"callbacks.setButtonStyles\" data-wp-on--click=\"actions.showLightbox\" data-wp-on--load=\"callbacks.setButtonStyles\" data-wp-on-window--resize=\"callbacks.setButtonStyles\" data-id=\"433\" src=\"https:\/\/www.hoteldiplomat.cz\/wp-content\/uploads\/2026\/01\/Diplomat-Hotel-Prague-Hotel-Praha-Superior-Triple-Room-01-700x467.webp\" alt=\"Diplomat Hotel Prague - Hotel Prague - Superior Triple Room 01\" class=\"wp-image-433\" srcset=\"https:\/\/www.hoteldiplomat.cz\/wp-content\/uploads\/2026\/01\/Diplomat-Hotel-Prague-Hotel-Praha-Superior-Triple-Room-01-700x467.webp 700w, https:\/\/www.hoteldiplomat.cz\/wp-content\/uploads\/2026\/01\/Diplomat-Hotel-Prague-Hotel-Praha-Superior-Triple-Room-01-2000x1334.webp 2000w, https:\/\/www.hoteldiplomat.cz\/wp-content\/uploads\/2026\/01\/Diplomat-Hotel-Prague-Hotel-Praha-Superior-Triple-Room-01-18x12.webp 18w\" sizes=\"auto, (max-width: 700px) 100vw, 700px\" \/><button\n\t\t\tclass=\"lightbox-trigger\"\n\t\t\ttype=\"button\"\n\t\t\taria-haspopup=\"dialog\"\n\t\t\taria-label=\"Enlarge\"\n\t\t\tdata-wp-init=\"callbacks.initTriggerButton\"\n\t\t\tdata-wp-on--click=\"actions.showLightbox\"\n\t\t\tdata-wp-style--right=\"state.imageButtonRight\"\n\t\t\tdata-wp-style--top=\"state.imageButtonTop\"\n\t\t>\n\t\t\t<svg xmlns=\"http:\/\/www.w3.org\/2000\/svg\" width=\"12\" height=\"12\" fill=\"none\" viewbox=\"0 0 12 12\">\n\t\t\t\t<path fill=\"#fff\" d=\"M2 0a2 2 0 0 0-2 2v2h1.5V2a.5.5 0 0 1 .5-.5h2V0H2Zm2 10.5H2a.5.5 0 0 1-.5-.5V8H0v2a2 2 0 0 0 2 2h2v-1.5ZM8 12v-1.5h2a.5.5 0 0 0 .5-.5V8H12v2a2 2 0 0 1-2 2H8Zm2-12a2 2 0 0 1 2 2v2h-1.5V2a.5.5 0 0 0-.5-.5H8V0h2Z\" \/>\n\t\t\t<\/svg>\n\t\t<\/button><\/figure>\n\n\n\n<figure data-wp-context=\"{&quot;imageId&quot;:&quot;69ef51751c04e&quot;}\" data-wp-interactive=\"core\/image\" data-wp-key=\"69ef51751c04e\" class=\"wp-block-image size-medium wp-lightbox-container\"><img loading=\"lazy\" decoding=\"async\" width=\"700\" height=\"467\" data-wp-class--hide=\"state.isContentHidden\" data-wp-class--show=\"state.isContentVisible\" data-wp-init=\"callbacks.setButtonStyles\" data-wp-on--click=\"actions.showLightbox\" data-wp-on--load=\"callbacks.setButtonStyles\" data-wp-on-window--resize=\"callbacks.setButtonStyles\" data-id=\"447\" src=\"https:\/\/www.hoteldiplomat.cz\/wp-content\/uploads\/2026\/01\/Diplomat-Hotel-Prague-Hotel-Praha-Superior-Triple-Room-02-700x467.webp\" alt=\"Diplomat Hotel Prague - Hotel Prague - Superior Triple Room 02\" class=\"wp-image-447\" srcset=\"https:\/\/www.hoteldiplomat.cz\/wp-content\/uploads\/2026\/01\/Diplomat-Hotel-Prague-Hotel-Praha-Superior-Triple-Room-02-700x467.webp 700w, https:\/\/www.hoteldiplomat.cz\/wp-content\/uploads\/2026\/01\/Diplomat-Hotel-Prague-Hotel-Praha-Superior-Triple-Room-02-2000x1334.webp 2000w, https:\/\/www.hoteldiplomat.cz\/wp-content\/uploads\/2026\/01\/Diplomat-Hotel-Prague-Hotel-Praha-Superior-Triple-Room-02-18x12.webp 18w\" sizes=\"auto, (max-width: 700px) 100vw, 700px\" \/><button\n\t\t\tclass=\"lightbox-trigger\"\n\t\t\ttype=\"button\"\n\t\t\taria-haspopup=\"dialog\"\n\t\t\taria-label=\"Enlarge\"\n\t\t\tdata-wp-init=\"callbacks.initTriggerButton\"\n\t\t\tdata-wp-on--click=\"actions.showLightbox\"\n\t\t\tdata-wp-style--right=\"state.imageButtonRight\"\n\t\t\tdata-wp-style--top=\"state.imageButtonTop\"\n\t\t>\n\t\t\t<svg xmlns=\"http:\/\/www.w3.org\/2000\/svg\" width=\"12\" height=\"12\" fill=\"none\" viewbox=\"0 0 12 12\">\n\t\t\t\t<path fill=\"#fff\" d=\"M2 0a2 2 0 0 0-2 2v2h1.5V2a.5.5 0 0 1 .5-.5h2V0H2Zm2 10.5H2a.5.5 0 0 1-.5-.5V8H0v2a2 2 0 0 0 2 2h2v-1.5ZM8 12v-1.5h2a.5.5 0 0 0 .5-.5V8H12v2a2 2 0 0 1-2 2H8Zm2-12a2 2 0 0 1 2 2v2h-1.5V2a.5.5 0 0 0-.5-.5H8V0h2Z\" \/>\n\t\t\t<\/svg>\n\t\t<\/button><\/figure>\n\n\n\n<figure data-wp-context=\"{&quot;imageId&quot;:&quot;69ef51751c5ba&quot;}\" data-wp-interactive=\"core\/image\" data-wp-key=\"69ef51751c5ba\" class=\"wp-block-image size-medium wp-lightbox-container\"><img loading=\"lazy\" decoding=\"async\" width=\"700\" height=\"467\" data-wp-class--hide=\"state.isContentHidden\" data-wp-class--show=\"state.isContentVisible\" data-wp-init=\"callbacks.setButtonStyles\" data-wp-on--click=\"actions.showLightbox\" data-wp-on--load=\"callbacks.setButtonStyles\" data-wp-on-window--resize=\"callbacks.setButtonStyles\" data-id=\"440\" src=\"https:\/\/www.hoteldiplomat.cz\/wp-content\/uploads\/2026\/01\/Diplomat-Hotel-Prague-Restaurace-Praha-Koupelna-01-700x467.webp\" alt=\"Diplomat Hotel Prague - Restaurant Prague - Bathroom 01\" class=\"wp-image-440\" srcset=\"https:\/\/www.hoteldiplomat.cz\/wp-content\/uploads\/2026\/01\/Diplomat-Hotel-Prague-Restaurace-Praha-Koupelna-01-700x467.webp 700w, https:\/\/www.hoteldiplomat.cz\/wp-content\/uploads\/2026\/01\/Diplomat-Hotel-Prague-Restaurace-Praha-Koupelna-01-2000x1334.webp 2000w, https:\/\/www.hoteldiplomat.cz\/wp-content\/uploads\/2026\/01\/Diplomat-Hotel-Prague-Restaurace-Praha-Koupelna-01-18x12.webp 18w\" sizes=\"auto, (max-width: 700px) 100vw, 700px\" \/><button\n\t\t\tclass=\"lightbox-trigger\"\n\t\t\ttype=\"button\"\n\t\t\taria-haspopup=\"dialog\"\n\t\t\taria-label=\"Enlarge\"\n\t\t\tdata-wp-init=\"callbacks.initTriggerButton\"\n\t\t\tdata-wp-on--click=\"actions.showLightbox\"\n\t\t\tdata-wp-style--right=\"state.imageButtonRight\"\n\t\t\tdata-wp-style--top=\"state.imageButtonTop\"\n\t\t>\n\t\t\t<svg xmlns=\"http:\/\/www.w3.org\/2000\/svg\" width=\"12\" height=\"12\" fill=\"none\" viewbox=\"0 0 12 12\">\n\t\t\t\t<path fill=\"#fff\" d=\"M2 0a2 2 0 0 0-2 2v2h1.5V2a.5.5 0 0 1 .5-.5h2V0H2Zm2 10.5H2a.5.5 0 0 1-.5-.5V8H0v2a2 2 0 0 0 2 2h2v-1.5ZM8 12v-1.5h2a.5.5 0 0 0 .5-.5V8H12v2a2 2 0 0 1-2 2H8Zm2-12a2 2 0 0 1 2 2v2h-1.5V2a.5.5 0 0 0-.5-.5H8V0h2Z\" \/>\n\t\t\t<\/svg>\n\t\t<\/button><\/figure>\n<\/figure>\n\n\n\n<p class=\"two\"><em>The city tax of CZK 50 per person per night is not included in the total price and will be charged directly at the hotel.<\/em><\/p>\n\n\n\n<p>&nbsp;<\/p>\n\n\n\n<div class=\"wp-block-buttons is-content-justification-center is-layout-flex wp-container-core-buttons-is-layout-16018d1d wp-block-buttons-is-layout-flex\">\n<div class=\"wp-block-button rezervace\"><a class=\"wp-block-button__link wp-element-button\" href=\"https:\/\/hoteldiplomat.book-onlinenow.net\/index.aspx?Page=1&amp;lan_id=en-EN\" target=\"_blank\" rel=\"\">Book now<\/a><\/div>\n<\/div>","protected":false},"excerpt":{"rendered":"<p>Modern\u00ed t\u0159\u00edl\u016f\u017ekov\u00fd pokoj se t\u0159emi l\u016f\u017eky nab\u00edz\u00ed ide\u00e1ln\u00ed kombinaci pohodl\u00ed a funk\u010dnosti, kterou host\u00e9 ocen\u00ed po dni str\u00e1ven\u00e9m objevov\u00e1n\u00edm Prahy nebo n\u00e1ro\u010dn\u00e9m pracovn\u00edm dni. M\u011bstsk\u00fd poplatek ve v\u00fd\u0161i 50,- K\u010d za osobu a noc nen\u00ed zahrnut v celkov\u00e9 cen\u011b a bude \u00fa\u010dtov\u00e1n p\u0159\u00edmo v hotelu. &nbsp;<\/p>","protected":false},"author":1,"featured_media":433,"parent":50,"menu_order":0,"comment_status":"closed","ping_status":"closed","template":"pokoj.php","meta":{"footnotes":""},"class_list":["post-58","page","type-page","status-publish","has-post-thumbnail","hentry"],"_links":{"self":[{"href":"https:\/\/www.hoteldiplomat.cz\/en\/wp-json\/wp\/v2\/pages\/58","targetHints":{"allow":["GET"]}}],"collection":[{"href":"https:\/\/www.hoteldiplomat.cz\/en\/wp-json\/wp\/v2\/pages"}],"about":[{"href":"https:\/\/www.hoteldiplomat.cz\/en\/wp-json\/wp\/v2\/types\/page"}],"author":[{"embeddable":true,"href":"https:\/\/www.hoteldiplomat.cz\/en\/wp-json\/wp\/v2\/users\/1"}],"replies":[{"embeddable":true,"href":"https:\/\/www.hoteldiplomat.cz\/en\/wp-json\/wp\/v2\/comments?post=58"}],"version-history":[{"count":1,"href":"https:\/\/www.hoteldiplomat.cz\/en\/wp-json\/wp\/v2\/pages\/58\/revisions"}],"predecessor-version":[{"id":666,"href":"https:\/\/www.hoteldiplomat.cz\/en\/wp-json\/wp\/v2\/pages\/58\/revisions\/666"}],"up":[{"embeddable":true,"href":"https:\/\/www.hoteldiplomat.cz\/en\/wp-json\/wp\/v2\/pages\/50"}],"wp:featuredmedia":[{"embeddable":true,"href":"https:\/\/www.hoteldiplomat.cz\/en\/wp-json\/wp\/v2\/media\/433"}],"wp:attachment":[{"href":"https:\/\/www.hoteldiplomat.cz\/en\/wp-json\/wp\/v2\/media?parent=58"}],"curies":[{"name":"wp","href":"https:\/\/api.w.org\/{rel}","templated":true}]}}