{"id":73,"date":"2026-01-06T18:48:37","date_gmt":"2026-01-06T17:48:37","guid":{"rendered":"https:\/\/www.hoteldiplomat.cz\/?page_id=73"},"modified":"2026-01-22T22:52:13","modified_gmt":"2026-01-22T21:52:13","slug":"deluxe-family-connecting-room","status":"publish","type":"page","link":"https:\/\/www.hoteldiplomat.cz\/en\/pokoje\/deluxe-family-connecting-room\/","title":{"rendered":"Deluxe Family (Connecting) Room"},"content":{"rendered":"<p>The Deluxe Family (Connecting) Room is ideal for families or groups of up to 4 people looking for comfort and privacy. These are two connecting Superior rooms, each with a double bed, creating a spacious unit for a shared stay. The elegant and modern design is complemented by a peaceful atmosphere, ideal for relaxing after a day of exploring Prague or after a busy work schedule. The interconnection of the rooms allows for comfortable time together and the possibility of undisturbed rest.<\/p>\n\n\n\n<ul class=\"wp-block-list two\">\n<li>Free high-speed Wi-Fi<\/li>\n\n\n\n<li>Flat-screen satellite TV<\/li>\n\n\n\n<li>Writing desk<\/li>\n\n\n\n<li>Safe \/ safe deposit box<\/li>\n\n\n\n<li>Hairdryer<\/li>\n\n\n\n<li>Coffee and tea set<\/li>\n<\/ul>\n\n\n\n<figure class=\"wp-block-gallery has-nested-images columns-default is-cropped wp-block-gallery-1 is-layout-flex wp-block-gallery-is-layout-flex\">\n<figure data-wp-context=\"{&quot;imageId&quot;:&quot;69ef51376dcbd&quot;}\" data-wp-interactive=\"core\/image\" data-wp-key=\"69ef51376dcbd\" class=\"wp-block-image size-medium wp-lightbox-container\"><img loading=\"lazy\" decoding=\"async\" width=\"700\" height=\"488\" data-wp-class--hide=\"state.isContentHidden\" data-wp-class--show=\"state.isContentVisible\" data-wp-init=\"callbacks.setButtonStyles\" data-wp-on--click=\"actions.showLightbox\" data-wp-on--load=\"callbacks.setButtonStyles\" data-wp-on-window--resize=\"callbacks.setButtonStyles\" data-id=\"237\" src=\"https:\/\/www.hoteldiplomat.cz\/wp-content\/uploads\/2026\/01\/Deluxe-Family-Connecting-Room-2-835-700x488.webp\" alt=\"Deluxe Family (Connecting) Room 2 (835)\" class=\"wp-image-237\" srcset=\"https:\/\/www.hoteldiplomat.cz\/wp-content\/uploads\/2026\/01\/Deluxe-Family-Connecting-Room-2-835-700x488.webp 700w, https:\/\/www.hoteldiplomat.cz\/wp-content\/uploads\/2026\/01\/Deluxe-Family-Connecting-Room-2-835-2000x1394.webp 2000w, https:\/\/www.hoteldiplomat.cz\/wp-content\/uploads\/2026\/01\/Deluxe-Family-Connecting-Room-2-835-18x12.webp 18w\" sizes=\"auto, (max-width: 700px) 100vw, 700px\" \/><button\n\t\t\tclass=\"lightbox-trigger\"\n\t\t\ttype=\"button\"\n\t\t\taria-haspopup=\"dialog\"\n\t\t\taria-label=\"Enlarge\"\n\t\t\tdata-wp-init=\"callbacks.initTriggerButton\"\n\t\t\tdata-wp-on--click=\"actions.showLightbox\"\n\t\t\tdata-wp-style--right=\"state.imageButtonRight\"\n\t\t\tdata-wp-style--top=\"state.imageButtonTop\"\n\t\t>\n\t\t\t<svg xmlns=\"http:\/\/www.w3.org\/2000\/svg\" width=\"12\" height=\"12\" fill=\"none\" viewbox=\"0 0 12 12\">\n\t\t\t\t<path fill=\"#fff\" d=\"M2 0a2 2 0 0 0-2 2v2h1.5V2a.5.5 0 0 1 .5-.5h2V0H2Zm2 10.5H2a.5.5 0 0 1-.5-.5V8H0v2a2 2 0 0 0 2 2h2v-1.5ZM8 12v-1.5h2a.5.5 0 0 0 .5-.5V8H12v2a2 2 0 0 1-2 2H8Zm2-12a2 2 0 0 1 2 2v2h-1.5V2a.5.5 0 0 0-.5-.5H8V0h2Z\" \/>\n\t\t\t<\/svg>\n\t\t<\/button><\/figure>\n\n\n\n<figure data-wp-context=\"{&quot;imageId&quot;:&quot;69ef51376e093&quot;}\" data-wp-interactive=\"core\/image\" data-wp-key=\"69ef51376e093\" class=\"wp-block-image size-medium wp-lightbox-container\"><img loading=\"lazy\" decoding=\"async\" width=\"700\" height=\"470\" data-wp-class--hide=\"state.isContentHidden\" data-wp-class--show=\"state.isContentVisible\" data-wp-init=\"callbacks.setButtonStyles\" data-wp-on--click=\"actions.showLightbox\" data-wp-on--load=\"callbacks.setButtonStyles\" data-wp-on-window--resize=\"callbacks.setButtonStyles\" data-id=\"450\" src=\"https:\/\/www.hoteldiplomat.cz\/wp-content\/uploads\/2026\/01\/Diplomat-Hotel-Prague-Hotel-Praha-Executive-Double-Room-01-700x470.webp\" alt=\"\" class=\"wp-image-450\" srcset=\"https:\/\/www.hoteldiplomat.cz\/wp-content\/uploads\/2026\/01\/Diplomat-Hotel-Prague-Hotel-Praha-Executive-Double-Room-01-700x470.webp 700w, https:\/\/www.hoteldiplomat.cz\/wp-content\/uploads\/2026\/01\/Diplomat-Hotel-Prague-Hotel-Praha-Executive-Double-Room-01-18x12.webp 18w, https:\/\/www.hoteldiplomat.cz\/wp-content\/uploads\/2026\/01\/Diplomat-Hotel-Prague-Hotel-Praha-Executive-Double-Room-01.webp 1920w\" sizes=\"auto, (max-width: 700px) 100vw, 700px\" \/><button\n\t\t\tclass=\"lightbox-trigger\"\n\t\t\ttype=\"button\"\n\t\t\taria-haspopup=\"dialog\"\n\t\t\taria-label=\"Enlarge\"\n\t\t\tdata-wp-init=\"callbacks.initTriggerButton\"\n\t\t\tdata-wp-on--click=\"actions.showLightbox\"\n\t\t\tdata-wp-style--right=\"state.imageButtonRight\"\n\t\t\tdata-wp-style--top=\"state.imageButtonTop\"\n\t\t>\n\t\t\t<svg xmlns=\"http:\/\/www.w3.org\/2000\/svg\" width=\"12\" height=\"12\" fill=\"none\" viewbox=\"0 0 12 12\">\n\t\t\t\t<path fill=\"#fff\" d=\"M2 0a2 2 0 0 0-2 2v2h1.5V2a.5.5 0 0 1 .5-.5h2V0H2Zm2 10.5H2a.5.5 0 0 1-.5-.5V8H0v2a2 2 0 0 0 2 2h2v-1.5ZM8 12v-1.5h2a.5.5 0 0 0 .5-.5V8H12v2a2 2 0 0 1-2 2H8Zm2-12a2 2 0 0 1 2 2v2h-1.5V2a.5.5 0 0 0-.5-.5H8V0h2Z\" \/>\n\t\t\t<\/svg>\n\t\t<\/button><\/figure>\n\n\n\n<figure data-wp-context=\"{&quot;imageId&quot;:&quot;69ef51376e395&quot;}\" data-wp-interactive=\"core\/image\" data-wp-key=\"69ef51376e395\" class=\"wp-block-image size-medium wp-lightbox-container\"><img loading=\"lazy\" decoding=\"async\" width=\"700\" height=\"467\" data-wp-class--hide=\"state.isContentHidden\" data-wp-class--show=\"state.isContentVisible\" data-wp-init=\"callbacks.setButtonStyles\" data-wp-on--click=\"actions.showLightbox\" data-wp-on--load=\"callbacks.setButtonStyles\" data-wp-on-window--resize=\"callbacks.setButtonStyles\" data-id=\"443\" src=\"https:\/\/www.hoteldiplomat.cz\/wp-content\/uploads\/2026\/01\/Diplomat-Hotel-Prague-Hotel-Praha-Koupelna-Double-02-700x467.webp\" alt=\"Diplomat Hotel Prague - Hotel Prague - Bathroom Double 02\" class=\"wp-image-443\" srcset=\"https:\/\/www.hoteldiplomat.cz\/wp-content\/uploads\/2026\/01\/Diplomat-Hotel-Prague-Hotel-Praha-Koupelna-Double-02-700x467.webp 700w, https:\/\/www.hoteldiplomat.cz\/wp-content\/uploads\/2026\/01\/Diplomat-Hotel-Prague-Hotel-Praha-Koupelna-Double-02-18x12.webp 18w, https:\/\/www.hoteldiplomat.cz\/wp-content\/uploads\/2026\/01\/Diplomat-Hotel-Prague-Hotel-Praha-Koupelna-Double-02.webp 1920w\" sizes=\"auto, (max-width: 700px) 100vw, 700px\" \/><button\n\t\t\tclass=\"lightbox-trigger\"\n\t\t\ttype=\"button\"\n\t\t\taria-haspopup=\"dialog\"\n\t\t\taria-label=\"Enlarge\"\n\t\t\tdata-wp-init=\"callbacks.initTriggerButton\"\n\t\t\tdata-wp-on--click=\"actions.showLightbox\"\n\t\t\tdata-wp-style--right=\"state.imageButtonRight\"\n\t\t\tdata-wp-style--top=\"state.imageButtonTop\"\n\t\t>\n\t\t\t<svg xmlns=\"http:\/\/www.w3.org\/2000\/svg\" width=\"12\" height=\"12\" fill=\"none\" viewbox=\"0 0 12 12\">\n\t\t\t\t<path fill=\"#fff\" d=\"M2 0a2 2 0 0 0-2 2v2h1.5V2a.5.5 0 0 1 .5-.5h2V0H2Zm2 10.5H2a.5.5 0 0 1-.5-.5V8H0v2a2 2 0 0 0 2 2h2v-1.5ZM8 12v-1.5h2a.5.5 0 0 0 .5-.5V8H12v2a2 2 0 0 1-2 2H8Zm2-12a2 2 0 0 1 2 2v2h-1.5V2a.5.5 0 0 0-.5-.5H8V0h2Z\" \/>\n\t\t\t<\/svg>\n\t\t<\/button><\/figure>\n<\/figure>\n\n\n\n<p class=\"two\"><em>The city tax of CZK 50 per person per night is not included in the total price and will be charged directly at the hotel.<\/em><\/p>\n\n\n\n<p>&nbsp;<\/p>\n\n\n\n<div class=\"wp-block-buttons is-content-justification-center is-layout-flex wp-container-core-buttons-is-layout-16018d1d wp-block-buttons-is-layout-flex\">\n<div class=\"wp-block-button rezervace\"><a class=\"wp-block-button__link wp-element-button\" href=\"https:\/\/hoteldiplomat.book-onlinenow.net\/index.aspx?Page=1&amp;lan_id=en-EN\" target=\"_blank\" rel=\"\">Book now<\/a><\/div>\n<\/div>","protected":false},"excerpt":{"rendered":"<p>Deluxe Family (Connecting) Room je ide\u00e1ln\u00ed pro rodiny nebo skupiny a\u017e 4 osob, kter\u00e9 hledaj\u00ed pohodl\u00ed a soukrom\u00ed. Jedn\u00e1 se o dva propojen\u00e9 pokoje Superior, ka\u017ed\u00fd s man\u017eelskou postel\u00ed, \u010d\u00edm\u017e vznik\u00e1 prostorn\u00fd celek pro spole\u010dn\u00fd pobyt. Elegantn\u00ed a modern\u00ed design dopl\u0148uje klidn\u00e1 atmosf\u00e9ra, ide\u00e1ln\u00ed pro odpo\u010dinek po dni str\u00e1ven\u00e9m objevov\u00e1n\u00edm Prahy nebo po n\u00e1ro\u010dn\u00e9m pracovn\u00edm [&hellip;]<\/p>\n","protected":false},"author":1,"featured_media":239,"parent":50,"menu_order":0,"comment_status":"closed","ping_status":"closed","template":"pokoj.php","meta":{"footnotes":""},"class_list":["post-73","page","type-page","status-publish","has-post-thumbnail","hentry"],"_links":{"self":[{"href":"https:\/\/www.hoteldiplomat.cz\/en\/wp-json\/wp\/v2\/pages\/73","targetHints":{"allow":["GET"]}}],"collection":[{"href":"https:\/\/www.hoteldiplomat.cz\/en\/wp-json\/wp\/v2\/pages"}],"about":[{"href":"https:\/\/www.hoteldiplomat.cz\/en\/wp-json\/wp\/v2\/types\/page"}],"author":[{"embeddable":true,"href":"https:\/\/www.hoteldiplomat.cz\/en\/wp-json\/wp\/v2\/users\/1"}],"replies":[{"embeddable":true,"href":"https:\/\/www.hoteldiplomat.cz\/en\/wp-json\/wp\/v2\/comments?post=73"}],"version-history":[{"count":1,"href":"https:\/\/www.hoteldiplomat.cz\/en\/wp-json\/wp\/v2\/pages\/73\/revisions"}],"predecessor-version":[{"id":673,"href":"https:\/\/www.hoteldiplomat.cz\/en\/wp-json\/wp\/v2\/pages\/73\/revisions\/673"}],"up":[{"embeddable":true,"href":"https:\/\/www.hoteldiplomat.cz\/en\/wp-json\/wp\/v2\/pages\/50"}],"wp:featuredmedia":[{"embeddable":true,"href":"https:\/\/www.hoteldiplomat.cz\/en\/wp-json\/wp\/v2\/media\/239"}],"wp:attachment":[{"href":"https:\/\/www.hoteldiplomat.cz\/en\/wp-json\/wp\/v2\/media?parent=73"}],"curies":[{"name":"wp","href":"https:\/\/api.w.org\/{rel}","templated":true}]}}