{"id":79,"date":"2026-01-06T18:49:37","date_gmt":"2026-01-06T17:49:37","guid":{"rendered":"https:\/\/www.hoteldiplomat.cz\/?page_id=79"},"modified":"2026-04-07T22:44:12","modified_gmt":"2026-04-07T20:44:12","slug":"restaurant","status":"publish","type":"page","link":"https:\/\/www.hoteldiplomat.cz\/en\/restaurace\/","title":{"rendered":"Restaurant"},"content":{"rendered":"<p class=\"has-text-align-center\">When you're in the mood for something good, Diplomat Hotel Prague offers&nbsp;<strong>three different gastronomic options<\/strong>, that will take you through the whole day - from breakfast to the evening meal.<\/p>\n\n\n\n<p>&nbsp;<\/p>\n\n\n\n<div class=\"wp-block-media-text has-media-on-the-right is-stacked-on-mobile is-image-fill-element\"><div class=\"wp-block-media-text__content\">\n<h2 class=\"wp-block-heading\">Loretta<\/h2>\n\n\n\n<h3 class=\"wp-block-heading\">The breakfast that sets the tone for the day<\/h3>\n\n\n\n<p>You can start your day at the restaurant&nbsp;<strong>Loretta<\/strong>, where a rich breakfast buffet awaits you. The menu includes a varied selection of hot and cold dishes, a live cooking show and lactose- and gluten-free options. Everything is prepared with an emphasis on the quality of the ingredients and the comfort of the guests.<\/p>\n\n\n\n<p><strong>Opening hours:<\/strong><br>Mon-Fri: 6:30 - 10:30<br>Sat-Sun: 6:30 - 11:00<\/p>\n<\/div><figure class=\"wp-block-media-text__media\"><a href=\"https:\/\/www.hoteldiplomat.cz\/wp-content\/uploads\/2026\/01\/Diplomat-Hotel-Prague-Restaurace-Praha-Loreta-02.webp\"><img loading=\"lazy\" decoding=\"async\" width=\"700\" height=\"443\" src=\"https:\/\/www.hoteldiplomat.cz\/wp-content\/uploads\/2026\/01\/Diplomat-Hotel-Prague-Restaurace-Praha-Loreta-02-700x443.webp\" alt=\"Diplomat Hotel Prague - Restaurant Prague - Loreta 02\" class=\"wp-image-371 size-medium\" style=\"object-position:50% 50%\" srcset=\"https:\/\/www.hoteldiplomat.cz\/wp-content\/uploads\/2026\/01\/Diplomat-Hotel-Prague-Restaurace-Praha-Loreta-02-700x443.webp 700w, https:\/\/www.hoteldiplomat.cz\/wp-content\/uploads\/2026\/01\/Diplomat-Hotel-Prague-Restaurace-Praha-Loreta-02-18x12.webp 18w, https:\/\/www.hoteldiplomat.cz\/wp-content\/uploads\/2026\/01\/Diplomat-Hotel-Prague-Restaurace-Praha-Loreta-02.webp 1920w\" sizes=\"auto, (max-width: 700px) 100vw, 700px\" \/><\/a><\/figure><\/div>\n\n\n\n<div class=\"wp-block-media-text is-stacked-on-mobile is-image-fill-element\"><figure class=\"wp-block-media-text__media\"><a href=\"https:\/\/www.hoteldiplomat.cz\/wp-content\/uploads\/2026\/01\/Diplomat-Hotel-Prague-Bar-Praha-Hotel-Bar.webp\"><img loading=\"lazy\" decoding=\"async\" width=\"1920\" height=\"1301\" src=\"https:\/\/www.hoteldiplomat.cz\/wp-content\/uploads\/2026\/01\/Diplomat-Hotel-Prague-Bar-Praha-Hotel-Bar.webp\" alt=\"Diplomat Hotel Prague - Bar Prague - Hotel Bar\" class=\"wp-image-544 size-medium\" style=\"object-position:50% 50%\" srcset=\"https:\/\/www.hoteldiplomat.cz\/wp-content\/uploads\/2026\/01\/Diplomat-Hotel-Prague-Bar-Praha-Hotel-Bar.webp 1920w, https:\/\/www.hoteldiplomat.cz\/wp-content\/uploads\/2026\/01\/Diplomat-Hotel-Prague-Bar-Praha-Hotel-Bar-700x474.webp 700w, https:\/\/www.hoteldiplomat.cz\/wp-content\/uploads\/2026\/01\/Diplomat-Hotel-Prague-Bar-Praha-Hotel-Bar-18x12.webp 18w\" sizes=\"auto, (max-width: 1920px) 100vw, 1920px\" \/><\/a><\/figure><div class=\"wp-block-media-text__content\">\n<h2 class=\"wp-block-heading\">Hotel Bar<\/h2>\n\n\n\n<h3 class=\"wp-block-heading\">A quiet place to meet and relax<\/h3>\n\n\n\n<p>The hotel's stylish Art Deco bar is ideal for a light lunch, an afternoon cup of coffee or an evening glass of wine. The relaxed atmosphere, comfortable seating and fireplace create a space where you can sit back, chat or slow down for a while after a day in Prague.<\/p>\n\n\n\n<p><strong>Opening hours:<\/strong><br>Mon-Fri: 8:00 - 00:00<br>Sat-Sun: 11:00 - 00:00<\/p>\n<\/div><\/div>\n\n\n\n<div class=\"wp-block-media-text has-media-on-the-right is-stacked-on-mobile is-image-fill-element\"><div class=\"wp-block-media-text__content\">\n<h2 class=\"wp-block-heading\">Bistro Grill Diplomat<\/h2>\n\n\n\n<h3 class=\"wp-block-heading\">Modern cuisine for discerning gourmets<\/h3>\n\n\n\n<p>For a business meeting, a tasty dinner or a romantic evening there is&nbsp;<strong>Bistro Grill Diplomat<\/strong> - elegant restaurant with summer terrace. It features modern bistro cuisine with grilled dishes and a sophisticated atmosphere. Quality ingredients, a thoughtful menu, professional service and a carefully curated wine, beer and cocktail list complete the experience.<\/p>\n\n\n\n<p><strong>Opening hours:<\/strong><br>Daily: 17:00 - 22:00<\/p>\n\n\n\n<p>Reservations<\/p>\n\n\n\n<div class=\"wp-block-buttons is-layout-flex wp-block-buttons-is-layout-flex\">\n<div class=\"wp-block-button\"><a class=\"wp-block-button__link wp-element-button\" href=\"tel:+420296559138\">+420 296 559 138<\/a><\/div>\n\n\n\n<div class=\"wp-block-button\"><a class=\"wp-block-button__link wp-element-button\" href=\"https:\/\/www.hoteldiplomat.cz\/en\/restaurant\/online-reservation-system-bistro-grill-diplomat\/\">Book a table<\/a><\/div>\n<\/div>\n\n\n\n<p>&nbsp;<\/p>\n<\/div><figure class=\"wp-block-media-text__media\"><a href=\"https:\/\/www.hoteldiplomat.cz\/wp-content\/uploads\/2026\/01\/Diplomat-Hotel-Prague-Restaurace-Praha-Bistro-Grill-Diplomat-01.webp\"><img loading=\"lazy\" decoding=\"async\" width=\"1600\" height=\"1034\" src=\"https:\/\/www.hoteldiplomat.cz\/wp-content\/uploads\/2026\/01\/Diplomat-Hotel-Prague-Restaurace-Praha-Bistro-Grill-Diplomat-01.webp\" alt=\"Diplomat Hotel Prague - Restaurant Prague - Bistro Grill Diplomat - 01\" class=\"wp-image-399 size-medium\" style=\"object-position:50% 50%\" srcset=\"https:\/\/www.hoteldiplomat.cz\/wp-content\/uploads\/2026\/01\/Diplomat-Hotel-Prague-Restaurace-Praha-Bistro-Grill-Diplomat-01.webp 1600w, https:\/\/www.hoteldiplomat.cz\/wp-content\/uploads\/2026\/01\/Diplomat-Hotel-Prague-Restaurace-Praha-Bistro-Grill-Diplomat-01-700x452.webp 700w, https:\/\/www.hoteldiplomat.cz\/wp-content\/uploads\/2026\/01\/Diplomat-Hotel-Prague-Restaurace-Praha-Bistro-Grill-Diplomat-01-18x12.webp 18w\" sizes=\"auto, (max-width: 1600px) 100vw, 1600px\" \/><\/a><\/figure><\/div>\n\n\n\n<div style=\"height:50px\" aria-hidden=\"true\" class=\"wp-block-spacer\"><\/div>\n\n\n\n<div class=\"wp-block-group center\"><div class=\"wp-block-group__inner-container is-layout-constrained wp-block-group-is-layout-constrained\">\n<h2 class=\"wp-block-heading\">Gastronomy that completes the experience of the stay<\/h2>\n\n\n\n<p>Whether you choose breakfast at the Loreto, a relaxed meal in the hotel bar or dinner at the Diplomat Bistro Grill, the gastronomy at Diplomat Hotel Prague is a natural part of the overall experience - elegant, professional and uncompromising.<\/p>\n<\/div><\/div>\n\n\n\n<p><\/p>","protected":false},"excerpt":{"rendered":"<p>Kdy\u017e dostanete chu\u0165 na n\u011bco dobr\u00e9ho, Diplomat Hotel Prague nab\u00edz\u00ed hned&nbsp;t\u0159i rozd\u00edln\u00e9 gastronomick\u00e9 mo\u017enosti, kter\u00e9 v\u00e1s provedou cel\u00fdm dnem \u2013 od sn\u00eddan\u011b a\u017e po ve\u010dern\u00ed posezen\u00ed. &nbsp; Loreta Sn\u00eddan\u011b, kter\u00e1 ud\u00e1 t\u00f3n cel\u00e9mu dni Den m\u016f\u017eete za\u010d\u00edt v restauraci&nbsp;Loreta, kde v\u00e1s \u010dek\u00e1 bohat\u00e1 sn\u00eddan\u011b formou bufetu. Nab\u00eddka zahrnuje pestr\u00fd v\u00fdb\u011br tepl\u00fdch i studen\u00fdch pokrm\u016f, \u017eivou [&hellip;]<\/p>\n","protected":false},"author":1,"featured_media":248,"parent":0,"menu_order":0,"comment_status":"closed","ping_status":"closed","template":"","meta":{"footnotes":""},"class_list":["post-79","page","type-page","status-publish","has-post-thumbnail","hentry"],"_links":{"self":[{"href":"https:\/\/www.hoteldiplomat.cz\/en\/wp-json\/wp\/v2\/pages\/79","targetHints":{"allow":["GET"]}}],"collection":[{"href":"https:\/\/www.hoteldiplomat.cz\/en\/wp-json\/wp\/v2\/pages"}],"about":[{"href":"https:\/\/www.hoteldiplomat.cz\/en\/wp-json\/wp\/v2\/types\/page"}],"author":[{"embeddable":true,"href":"https:\/\/www.hoteldiplomat.cz\/en\/wp-json\/wp\/v2\/users\/1"}],"replies":[{"embeddable":true,"href":"https:\/\/www.hoteldiplomat.cz\/en\/wp-json\/wp\/v2\/comments?post=79"}],"version-history":[{"count":8,"href":"https:\/\/www.hoteldiplomat.cz\/en\/wp-json\/wp\/v2\/pages\/79\/revisions"}],"predecessor-version":[{"id":721,"href":"https:\/\/www.hoteldiplomat.cz\/en\/wp-json\/wp\/v2\/pages\/79\/revisions\/721"}],"wp:featuredmedia":[{"embeddable":true,"href":"https:\/\/www.hoteldiplomat.cz\/en\/wp-json\/wp\/v2\/media\/248"}],"wp:attachment":[{"href":"https:\/\/www.hoteldiplomat.cz\/en\/wp-json\/wp\/v2\/media?parent=79"}],"curies":[{"name":"wp","href":"https:\/\/api.w.org\/{rel}","templated":true}]}}